{"id":8,"date":"2019-02-22T12:28:32","date_gmt":"2019-02-22T11:28:32","guid":{"rendered":"https:\/\/mskyachtbroker.com\/?page_id=8"},"modified":"2025-04-30T10:32:02","modified_gmt":"2025-04-30T08:32:02","slug":"home","status":"publish","type":"page","link":"https:\/\/mskyachtbroker.com\/es\/","title":{"rendered":"HOME"},"content":{"rendered":"<h2 style=\"text-align: center;\"><span><strong>TRABAJANDO EN EL SECTOR N\u00c1UTICO<\/strong><\/span><strong>&nbsp;<\/strong><\/h2>\n<h2 style=\"text-align: center;\">desde 1996<\/h2>\n<h3 style=\"text-align: center;\">T<span>e ayudamos a encontrar el barco de tus sue\u00f1os<\/span><\/h3>\n<h1 style=\"text-align: center;\"><span>Venta y Alquiler de Barcos y Amarres<\/span><\/h1>\n<p><span><span data-css=\"\"><\/span><\/span><span>Buscar<\/span><\/p>\n<p style=\"text-align: center;\"><img decoding=\"async\" src=\"https:\/\/mskyachtbroker.com\/wp-content\/plugins\/codecanyon-2eri0NWh-live-search-and-custom-fields-wordpress-plugin\/assets\/images\/loading_light.gif\">{{pluginSettings.generalSettings.writing.no_results}}<spanng-click=\"prevPage()\"><\/span><span>  of {{actionSettings.pagesCount}}<\/span><spanng-click=\"nextPage()\"><\/span><img decoding=\"async\" ng-if=\"loadMoreBtn.loading\" src=\"https:\/\/mskyachtbroker.com\/wp-content\/plugins\/codecanyon-2eri0NWh-live-search-and-custom-fields-wordpress-plugin\/assets\/images\/loading_light.gif\">Ver m\u00e1s\/ Load more\/ Laden Sie mehr<\/p>\n<p><span style=\"width: 100%;\"><img loading=\"lazy\" decoding=\"async\" alt=\"\" width=\"600\" height=\"527\" title=\"\" data-id=\"504\" src=\"https:\/\/mskyachtbroker.com\/wp-content\/uploads\/2019\/02\/SHAHZAD-KIANI-2.png\" style=\"\"><\/span><\/p>\n<p><span style=\"font-weight: 400; color: rgb(0, 0, 0); font-family: Roboto;\"><em>Hola!<\/em><\/span><\/p>\n<p><em><span style=\"font-weight: 400;\"><span style=\"font-family: Roboto;\"><span style=\"color: rgb(0, 0, 0);\">&#8220;Si est\u00e1s navegando por esta p\u00e1gina, es que seguramente necesites colaboraci\u00f3n para hacerlo por el mediterr\u00e1neo.&nbsp;<\/span><\/span><\/span><\/em><\/p>\n<p><em><span style=\"font-weight: 400;\"><span style=\"font-family: Roboto;\"><span style=\"color: rgb(0, 0, 0);\">Me llamo Shahzad Kiani, y llevo trabajando y ayudando a mis clientes, muchos amigos ya, desde hace m\u00e1s de 20 a\u00f1os.<\/span><\/span><\/span><\/em><\/p>\n<p><em><span style=\"font-weight: 400;\"><span style=\"font-family: Roboto;\"><span style=\"color: rgb(0, 0, 0);\">Juntos encontraremos lo que buscas, adaptado a tu plan de navegaci\u00f3n.<\/span><\/span><\/span><\/em><\/p>\n<p><em><span style=\"font-weight: 400;\"><span style=\"font-family: Roboto;\"><span style=\"color: rgb(0, 0, 0);\">Nuestra experiencia nos permite asegurarte que llegaremos a buen puerto.<\/span><\/span><\/span><\/em><\/p>\n<p><em><span style=\"font-weight: 400;\"><span style=\"font-family: Roboto;\"><span style=\"color: rgb(0, 0, 0);\">Nos encargamos de todos los pasos, contratos de compra venta, abanderamiento en cualquier pa\u00eds, inspecciones y certificados, seguros, amarres, mantenimientos&#8230;<\/span><\/span><\/span><\/em><\/p>\n<p><span style=\"font-weight: 400; color: rgb(0, 0, 0); font-family: Roboto;\"><em>Con nosotros ya no tendr\u00e1s que preocuparte de venir a navegar.&#8221;<\/em><\/span><\/p>\n<p><a href=\"https:\/\/mskyachtbroker.com\/sobre-msk-international-yacht-broker\/\" target=\"_blank\"><span style=\"font-weight: 400; font-family: Roboto;\">Leer m\u00e1s sobre nosotros&#8230;<\/span><\/a><\/p>\n<\/p>\n<p><strong>Shahzad Kiani<\/strong><\/p>\n<p><span style=\"width: 100%;\"><img loading=\"lazy\" decoding=\"async\" alt=\"\" width=\"512\" height=\"512\" title=\"MSK\" data-id=\"529\" src=\"https:\/\/mskyachtbroker.com\/wp-content\/uploads\/2019\/02\/MSK-.png\" style=\"\"><\/span><\/p>\n<h2 style=\"text-align: center;\">Amarres<\/h2>\n<p style=\"text-align: center;\"><img decoding=\"async\" src=\"https:\/\/mskyachtbroker.com\/wp-content\/plugins\/codecanyon-2eri0NWh-live-search-and-custom-fields-wordpress-plugin\/assets\/images\/loading_light.gif\">{{pluginSettings.generalSettings.writing.no_results}}<spanng-click=\"prevPage()\"><\/span><span>  of {{actionSettings.pagesCount}}<\/span><spanng-click=\"nextPage()\"><\/span><img decoding=\"async\" ng-if=\"loadMoreBtn.loading\" src=\"https:\/\/mskyachtbroker.com\/wp-content\/plugins\/codecanyon-2eri0NWh-live-search-and-custom-fields-wordpress-plugin\/assets\/images\/loading_light.gif\">Ver m\u00e1s\/ Load more\/ Laden Sie mehr<\/p>\n<p><span style=\"width: 100%;\"><img loading=\"lazy\" decoding=\"async\" alt=\"\" width=\"512\" height=\"512\" title=\"MSK\" data-id=\"529\" src=\"https:\/\/mskyachtbroker.com\/wp-content\/uploads\/2019\/02\/MSK-.png\" style=\"\"><\/span><\/p>\n<h2 style=\"text-align: center;\">Nuestros Servicios<\/h2>\n<ul>\n<li>                    <span>Inspecciones y Certificados<\/span><\/li>\n<li>                    <span>Gesti\u00f3n de Amarres<\/span><\/li>\n<li>                    <span>Asesoramiento N\u00e1utico<\/span><\/li>\n<\/ul>\n<ul>\n<li>                    <span>Venta de Barcos nuevos y usados<\/span><\/li>\n<li>                    <span>Mantenimiento<\/span><\/li>\n<li>                    <span>Seguros<\/span><\/li>\n<\/ul>\n<p><span style=\"width: 100%;\"><img loading=\"lazy\" decoding=\"async\" alt=\"\" width=\"512\" height=\"512\" title=\"MSK\" data-id=\"529\" src=\"https:\/\/mskyachtbroker.com\/wp-content\/uploads\/2019\/02\/MSK-.png\" style=\"\"><\/span><\/p>\n<h2 style=\"text-align: center;\">Nuestros Clientes<\/h2>\n<p><span style=\"color: rgb(200, 200, 200);\"><span style=\"font-size: 66px;\">\u201c<\/span><\/span><\/p>\n<p><em>En julio de 2021 conoc\u00ed a Shazad y de inmediato me llam\u00f3 la atenci\u00f3n su honestidad y profesionalismo en la forma en que trata con los clientes, ya sea comprando o vendiendo barcos.<\/em><\/p>\n<p><em><\/em><\/p>\n<p><em>En mi caso, solo estaba vendiendo una peque\u00f1a lancha en el esquema mayor de navegaci\u00f3n, pero \u00e9l trat\u00f3 mi venta exactamente de la misma manera que lo har\u00eda con una venta de 6 cifras, lo que me demostr\u00f3 que es un hombre \u00edntegro y honesto.<\/em><\/p>\n<p><em><\/em><\/p>\n<p><em>Su sonrisa es contagiosa y est\u00e1 respaldado por un equipo muy profesional de dos mujeres que cuidan diligentemente toda la documentaci\u00f3n requerida. Al conocerlos, ambos tienen excelentes habilidades personales y reflejan c\u00f3mo Shazad dirige la empresa.<\/em><\/p>\n<p><em><\/em><\/p>\n<p>Para resumir, Shahzad es \u00fanico. Es el tipo de hombre que todos los propietarios de embarcaciones necesitan para resolver grandes y peque\u00f1os problemas. Un problema para ti no es un problema para \u00e9l. El es la solucion. Y un buen hombre para tener de tu lado.<\/p>\n<\/p>\n<p>No dude en ponerse en contacto con Shazad o su equipo para la pr\u00f3xima compra de su barco.<\/p>\n<p style=\"margin-bottom: 0.0001pt; line-height: normal; background-color: white;\"><span style=\"color: rgb(34, 34, 34);\"><strong>Bobby y Cleo Power<\/strong><\/span><\/p>\n<p>Editor de <strong>Bobby Power<\/strong>, Revista Go Wild&nbsp;<\/p>\n<p><a href=\"https:\/\/gowildmagazine.com\/\" target=\"_blank\" style=\"outline: none;\">www.gowildmagazine.com<\/a><\/p>\n<p><span style=\"color: rgb(200, 200, 200);\"><span style=\"font-size: 66px;\">\u201c<\/span><\/span><\/p>\n<p style=\"background-color: rgb(255, 255, 255);\"><em style=\"\">Conozco a Shahzad desde hace 20 a\u00f1os y tanto yo como mi familia ha hecho con el operaciones de amarres y de barcos, todas a nuestra entera satisfacci\u00f3n.<\/em><\/p>\n<p style=\"background-color: rgb(255, 255, 255);\"><em style=\"\"><\/em><\/p>\n<p style=\"background-color: rgb(255, 255, 255);\"><em style=\"\">&nbsp;Se ha transformado en un amigo al que confiamos todas nuestras gestiones en el campo de barcos y amarres.<!--[if !supportLineBreakNewLine]--><!--[endif]--><\/em><\/p>\n<p style=\"margin-bottom: 0.0001pt; line-height: normal; background-color: white;\"><span style=\"color: rgb(34, 34, 34);\"><strong>Agustin Herran Vidaurrazaga<\/strong><\/span><\/p>\n<p style=\"margin-bottom: 0.0001pt; line-height: normal; background-color: white;\"><span style=\"color: rgb(34, 34, 34);\">Propietario de un Nauticat 40 adquirido a trav\u00e9s de Shahzad<\/span><\/p>\n<p><span style=\"color: rgb(200, 200, 200);\"><span style=\"font-size: 66px;\">\u201c<\/span><\/span><\/p>\n<p style=\"font-size: 18px; background-color: rgb(255, 255, 255);\"><em>In September 2018 me and my wife, two icelandairs with little knowledge of sailboats, bought a sailboat in Torrevieja and Shahzad took care of the purchase \/ sale. His work was professional and his advice was good. He took care of all the documentation and insurance of the boat, registered it in the most economical country, the Netherlands, and provided us with berth for the boat. Since then he has provided us repairers or professionals to repair small and large things, moved the boat to and from the workyard for antifouling and even fetched spare parts for the boat to the next town!<\/em><\/p>\n<\/p>\n<p style=\"font-size: 18px; background-color: rgb(255, 255, 255);\">Before we bought the boat we owned a part in another sailboat and registering that boat in Spain was a big problem, a lawfirm could not solve it in 16 months. Sahzad solved it in just a few days and registered it in Belgium and took care of insuring the boat to the new owner and did it all with professionalism and modesty. And our co-owners asked us: &#8220;Where did you find this man?&#8221; Their question says all about Shahzad. He is unique. He&#8217;s the type of man all boat owners need to solve big and small problems. A problem for you is not a problem for him. He&#8217;s the solution. And a good man.<\/p>\n<p style=\"font-size: 18px; background-color: rgb(255, 255, 255);\">\n<p style=\"font-size: 18px; background-color: rgb(255, 255, 255);\">&nbsp;Thanks for all the help Shahzad!<\/p>\n<\/p>\n<p style=\"margin-bottom: 0.0001pt; line-height: normal; background-color: white;\"><span style=\"color: rgb(34, 34, 34);\"><strong>Gunnar and Anna<\/strong><\/span><\/p>\n<p style=\"margin-bottom: 0.0001pt; line-height: normal; background-color: white;\"><span style=\"color: rgb(34, 34, 34);\">from Iceland<\/span><\/p>\n<p style=\"text-align: left;\">Te atendemos en Espa\u00f1ol, English, Deutsch<\/p>\n<p style=\"text-align: left;\">+ 34 965 971 016 &nbsp;<\/p>\n<p style=\"text-align: left;\">+ 34 632 173 292&nbsp;<\/p>\n<p style=\"text-align: left;\">+34 690 &nbsp;366 250<\/p>\n<p style=\"text-align: left;\">P\u00ba&nbsp; Vistalegre s\/n,&nbsp; Dique de Levante.&nbsp; P.D. Marina,<\/p>\n<p style=\"text-align: left;\">03181 Torrevieja (Alicante)<\/p>\n<p style=\"text-align: left;\">Lunes a viernes:<\/p>\n<p style=\"text-align: left;\">10:00 a 14:00 &nbsp;y 15:30 a 18:30<\/p>\n<p style=\"text-align: left;\">S\u00e1bados:<\/p>\n<p style=\"text-align: left;\">10:00 &nbsp;a 14:00<\/p>\n<p style=\"text-align: left;\">Domingos cerrado<\/p>\n<p>  <span style=\"width: 100%;\"><img loading=\"lazy\" decoding=\"async\" alt=\"\" width=\"800\" height=\"481\" title=\"Mapa-MSK-International-Yacht-Broker-2\" data-id=\"925\" src=\"https:\/\/mskyachtbroker.com\/wp-content\/uploads\/2019\/02\/Mapa-MSK-International-Yacht-Broker-2.jpg\" style=\"\"><\/span>    <\/p>\n<p style=\"text-align: center;\">Utiliza nuestro formulario de contacto a cualquier hora<\/p>\n<p> <a href=\"https:\/\/mskyachtbroker.com\/contacto\/\"> <span><span>Contacta con nosotros<\/span><\/span> <\/a>          <\/p>\n<ul>\n<li>  <span>Venta de embarcaciones nuevas y usadas<\/span><\/li>\n<li>  <span>Asesoramiento n\u00e1utico<\/span><\/li>\n<li>  <span>Gesti\u00f3n de amarres<\/span><\/li>\n<li>  <span>Inspecciones y certificaciones<\/span><\/li>\n<li>  <span>Mantenimiento<\/span><\/li>\n<li>  <span>Seguros<\/span><\/li>\n<\/ul>\n<p style=\"text-align: center;\">Si lo consideras \u00fatil, comparte esta informaci\u00f3n \u00a1Gracias!<\/p>\n<p>   <a href=\"unsafe:unsafe:unsafe:unsafe:unsafe:unsafe:javascript:void(0)\"><span><\/span><span>Compartir<\/span><span>0<\/span><\/a>  <a href=\"unsafe:unsafe:unsafe:unsafe:unsafe:unsafe:javascript:void(0)\"><span><\/span><span>P\u00edo<\/span><span>0<\/span><\/a>  <a href=\"unsafe:unsafe:unsafe:unsafe:unsafe:unsafe:javascript:void(0)\"><span><\/span><span>Compartir<\/span><span>0<\/span><\/a>      <a href=\"https:\/\/mskyachtbroker.com\/contacto\/\"> <span><span>Contacta con nosotros<\/span><\/span> <\/a>   <span style=\"width: 100%;\"><img loading=\"lazy\" decoding=\"async\" alt=\"\" width=\"250\" height=\"250\" title=\"\" data-id=\"818\" src=\"https:\/\/mskyachtbroker.com\/wp-content\/uploads\/2019\/02\/Yate.jpg\" style=\"\"><\/span><span style=\"width: 100%;\"><img loading=\"lazy\" decoding=\"async\" alt=\"\" width=\"250\" height=\"250\" title=\"\" data-id=\"821\" src=\"https:\/\/mskyachtbroker.com\/wp-content\/uploads\/2019\/02\/VELERO-MSK.jpg\" style=\"\"><\/span><span style=\"width: 100%;\"><img loading=\"lazy\" decoding=\"async\" alt=\"\" width=\"250\" height=\"250\" title=\"\" data-id=\"824\" src=\"https:\/\/mskyachtbroker.com\/wp-content\/uploads\/2019\/02\/amarre.jpg\" style=\"\"><\/span><span style=\"width: 100%;\"><img loading=\"lazy\" decoding=\"async\" alt=\"\" width=\"250\" height=\"250\" title=\"\" data-id=\"827\" src=\"https:\/\/mskyachtbroker.com\/wp-content\/uploads\/2019\/02\/fairline.jpg\" style=\"\"><\/span>   <\/p>\n","protected":false},"excerpt":{"rendered":"<p>TRABAJANDO EN EL SECTOR N\u00c1UTICO&nbsp; desde 1996 Te ayudamos a encontrar el barco de tus sue\u00f1os Venta y Alquiler de Barcos y Amarres Buscar {{pluginSettings.generalSettings.writing.no_results}} of {{actionSettings.pagesCount}}Ver m\u00e1s\/ Load more\/ Laden Sie mehr Hola! &#8220;Si est\u00e1s navegando por esta p\u00e1gina, es que seguramente necesites colaboraci\u00f3n para hacerlo por el mediterr\u00e1neo.&nbsp; Me llamo Shahzad Kiani, y [&hellip;]<\/p>\n","protected":false},"author":1,"featured_media":0,"parent":0,"menu_order":0,"comment_status":"closed","ping_status":"closed","template":"fullwidth-page.php","meta":{"footnotes":""},"class_list":["post-8","page","type-page","status-publish","hentry"],"yoast_head":"<!-- This site is optimized with the Yoast SEO plugin v26.8 - https:\/\/yoast.com\/product\/yoast-seo-wordpress\/ -->\n<title>MSK Yacht International Broker - Venta de Barcos en Torrevieja-Espa\u00f1a<\/title>\n<meta name=\"description\" content=\"MSK International Yacht Broker es una empresa de venta y gesti\u00f3n de embarcaciones y amarres en Torrevieja (Alicante) Espa\u00f1a. Tfno + 34 965 971 016.\" \/>\n<meta name=\"robots\" content=\"index, follow, max-snippet:-1, max-image-preview:large, max-video-preview:-1\" \/>\n<link rel=\"canonical\" href=\"https:\/\/mskyachtbroker.com\/es\/\" \/>\n<meta property=\"og:locale\" content=\"es_ES\" \/>\n<meta property=\"og:type\" content=\"article\" \/>\n<meta property=\"og:title\" content=\"MSK Yacht International Broker - Venta de Barcos en Torrevieja-Espa\u00f1a\" \/>\n<meta property=\"og:description\" content=\"MSK International Yacht Broker es una empresa de venta y gesti\u00f3n de embarcaciones y amarres en Torrevieja (Alicante) Espa\u00f1a. Tfno + 34 965 971 016.\" \/>\n<meta property=\"og:url\" content=\"https:\/\/mskyachtbroker.com\/es\/\" \/>\n<meta property=\"og:site_name\" content=\"MSK Yacht Broker\" \/>\n<meta property=\"article:modified_time\" content=\"2025-04-30T08:32:02+00:00\" \/>\n<meta property=\"og:image\" content=\"https:\/\/mskyachtbroker.com\/wp-content\/plugins\/codecanyon-2eri0NWh-live-search-and-custom-fields-wordpress-plugin\/assets\/images\/loading_light.gif\" \/>\n<meta name=\"twitter:card\" content=\"summary_large_image\" \/>\n<meta name=\"twitter:label1\" content=\"Tiempo de lectura\" \/>\n\t<meta name=\"twitter:data1\" content=\"4 minutos\" \/>\n<script type=\"application\/ld+json\" class=\"yoast-schema-graph\">{\"@context\":\"https:\/\/schema.org\",\"@graph\":[{\"@type\":\"WebPage\",\"@id\":\"https:\/\/mskyachtbroker.com\/es\/\",\"url\":\"https:\/\/mskyachtbroker.com\/es\/\",\"name\":\"MSK Yacht International Broker - Venta de Barcos en Torrevieja-Espa\u00f1a\",\"isPartOf\":{\"@id\":\"https:\/\/mskyachtbroker.com\/es\/#website\"},\"primaryImageOfPage\":{\"@id\":\"https:\/\/mskyachtbroker.com\/es\/#primaryimage\"},\"image\":{\"@id\":\"https:\/\/mskyachtbroker.com\/es\/#primaryimage\"},\"thumbnailUrl\":\"https:\/\/mskyachtbroker.com\/wp-content\/plugins\/codecanyon-2eri0NWh-live-search-and-custom-fields-wordpress-plugin\/assets\/images\/loading_light.gif\",\"datePublished\":\"2019-02-22T11:28:32+00:00\",\"dateModified\":\"2025-04-30T08:32:02+00:00\",\"description\":\"MSK International Yacht Broker es una empresa de venta y gesti\u00f3n de embarcaciones y amarres en Torrevieja (Alicante) Espa\u00f1a. Tfno + 34 965 971 016.\",\"breadcrumb\":{\"@id\":\"https:\/\/mskyachtbroker.com\/es\/#breadcrumb\"},\"inLanguage\":\"es\",\"potentialAction\":[{\"@type\":\"ReadAction\",\"target\":[\"https:\/\/mskyachtbroker.com\/es\/\"]}]},{\"@type\":\"ImageObject\",\"inLanguage\":\"es\",\"@id\":\"https:\/\/mskyachtbroker.com\/es\/#primaryimage\",\"url\":\"https:\/\/mskyachtbroker.com\/wp-content\/plugins\/codecanyon-2eri0NWh-live-search-and-custom-fields-wordpress-plugin\/assets\/images\/loading_light.gif\",\"contentUrl\":\"https:\/\/mskyachtbroker.com\/wp-content\/plugins\/codecanyon-2eri0NWh-live-search-and-custom-fields-wordpress-plugin\/assets\/images\/loading_light.gif\"},{\"@type\":\"BreadcrumbList\",\"@id\":\"https:\/\/mskyachtbroker.com\/es\/#breadcrumb\",\"itemListElement\":[{\"@type\":\"ListItem\",\"position\":1,\"name\":\"Portada\",\"item\":\"https:\/\/mskyachtbroker.com\/es\/\"},{\"@type\":\"ListItem\",\"position\":2,\"name\":\"HOME\"}]},{\"@type\":\"WebSite\",\"@id\":\"https:\/\/mskyachtbroker.com\/es\/#website\",\"url\":\"https:\/\/mskyachtbroker.com\/es\/\",\"name\":\"MSK Yacht Broker\",\"description\":\"International Yacht Broker\",\"potentialAction\":[{\"@type\":\"SearchAction\",\"target\":{\"@type\":\"EntryPoint\",\"urlTemplate\":\"https:\/\/mskyachtbroker.com\/es\/?s={search_term_string}\"},\"query-input\":{\"@type\":\"PropertyValueSpecification\",\"valueRequired\":true,\"valueName\":\"search_term_string\"}}],\"inLanguage\":\"es\"}]}<\/script>\n<!-- \/ Yoast SEO plugin. -->","yoast_head_json":{"title":"MSK Yacht International Broker - Venta de Barcos en Torrevieja-Espa\u00f1a","description":"MSK International Yacht Broker es una empresa de venta y gesti\u00f3n de embarcaciones y amarres en Torrevieja (Alicante) Espa\u00f1a. Tfno + 34 965 971 016.","robots":{"index":"index","follow":"follow","max-snippet":"max-snippet:-1","max-image-preview":"max-image-preview:large","max-video-preview":"max-video-preview:-1"},"canonical":"https:\/\/mskyachtbroker.com\/es\/","og_locale":"es_ES","og_type":"article","og_title":"MSK Yacht International Broker - Venta de Barcos en Torrevieja-Espa\u00f1a","og_description":"MSK International Yacht Broker es una empresa de venta y gesti\u00f3n de embarcaciones y amarres en Torrevieja (Alicante) Espa\u00f1a. Tfno + 34 965 971 016.","og_url":"https:\/\/mskyachtbroker.com\/es\/","og_site_name":"MSK Yacht Broker","article_modified_time":"2025-04-30T08:32:02+00:00","og_image":[{"url":"https:\/\/mskyachtbroker.com\/wp-content\/plugins\/codecanyon-2eri0NWh-live-search-and-custom-fields-wordpress-plugin\/assets\/images\/loading_light.gif","type":"","width":"","height":""}],"twitter_card":"summary_large_image","twitter_misc":{"Tiempo de lectura":"4 minutos"},"schema":{"@context":"https:\/\/schema.org","@graph":[{"@type":"WebPage","@id":"https:\/\/mskyachtbroker.com\/es\/","url":"https:\/\/mskyachtbroker.com\/es\/","name":"MSK Yacht International Broker - Venta de Barcos en Torrevieja-Espa\u00f1a","isPartOf":{"@id":"https:\/\/mskyachtbroker.com\/es\/#website"},"primaryImageOfPage":{"@id":"https:\/\/mskyachtbroker.com\/es\/#primaryimage"},"image":{"@id":"https:\/\/mskyachtbroker.com\/es\/#primaryimage"},"thumbnailUrl":"https:\/\/mskyachtbroker.com\/wp-content\/plugins\/codecanyon-2eri0NWh-live-search-and-custom-fields-wordpress-plugin\/assets\/images\/loading_light.gif","datePublished":"2019-02-22T11:28:32+00:00","dateModified":"2025-04-30T08:32:02+00:00","description":"MSK International Yacht Broker es una empresa de venta y gesti\u00f3n de embarcaciones y amarres en Torrevieja (Alicante) Espa\u00f1a. Tfno + 34 965 971 016.","breadcrumb":{"@id":"https:\/\/mskyachtbroker.com\/es\/#breadcrumb"},"inLanguage":"es","potentialAction":[{"@type":"ReadAction","target":["https:\/\/mskyachtbroker.com\/es\/"]}]},{"@type":"ImageObject","inLanguage":"es","@id":"https:\/\/mskyachtbroker.com\/es\/#primaryimage","url":"https:\/\/mskyachtbroker.com\/wp-content\/plugins\/codecanyon-2eri0NWh-live-search-and-custom-fields-wordpress-plugin\/assets\/images\/loading_light.gif","contentUrl":"https:\/\/mskyachtbroker.com\/wp-content\/plugins\/codecanyon-2eri0NWh-live-search-and-custom-fields-wordpress-plugin\/assets\/images\/loading_light.gif"},{"@type":"BreadcrumbList","@id":"https:\/\/mskyachtbroker.com\/es\/#breadcrumb","itemListElement":[{"@type":"ListItem","position":1,"name":"Portada","item":"https:\/\/mskyachtbroker.com\/es\/"},{"@type":"ListItem","position":2,"name":"HOME"}]},{"@type":"WebSite","@id":"https:\/\/mskyachtbroker.com\/es\/#website","url":"https:\/\/mskyachtbroker.com\/es\/","name":"MSK Yacht Broker","description":"International Yacht Broker","potentialAction":[{"@type":"SearchAction","target":{"@type":"EntryPoint","urlTemplate":"https:\/\/mskyachtbroker.com\/es\/?s={search_term_string}"},"query-input":{"@type":"PropertyValueSpecification","valueRequired":true,"valueName":"search_term_string"}}],"inLanguage":"es"}]}},"_links":{"self":[{"href":"https:\/\/mskyachtbroker.com\/es\/wp-json\/wp\/v2\/pages\/8","targetHints":{"allow":["GET"]}}],"collection":[{"href":"https:\/\/mskyachtbroker.com\/es\/wp-json\/wp\/v2\/pages"}],"about":[{"href":"https:\/\/mskyachtbroker.com\/es\/wp-json\/wp\/v2\/types\/page"}],"author":[{"embeddable":true,"href":"https:\/\/mskyachtbroker.com\/es\/wp-json\/wp\/v2\/users\/1"}],"replies":[{"embeddable":true,"href":"https:\/\/mskyachtbroker.com\/es\/wp-json\/wp\/v2\/comments?post=8"}],"version-history":[{"count":9,"href":"https:\/\/mskyachtbroker.com\/es\/wp-json\/wp\/v2\/pages\/8\/revisions"}],"predecessor-version":[{"id":54216,"href":"https:\/\/mskyachtbroker.com\/es\/wp-json\/wp\/v2\/pages\/8\/revisions\/54216"}],"wp:attachment":[{"href":"https:\/\/mskyachtbroker.com\/es\/wp-json\/wp\/v2\/media?parent=8"}],"curies":[{"name":"wp","href":"https:\/\/api.w.org\/{rel}","templated":true}]}}