{"id":790,"date":"2019-02-24T07:03:01","date_gmt":"2019-02-24T06:03:01","guid":{"rendered":"https:\/\/mskyachtbroker.com\/?page_id=790"},"modified":"2019-03-24T18:58:05","modified_gmt":"2019-03-24T17:58:05","slug":"politica-de-cookies","status":"publish","type":"page","link":"https:\/\/mskyachtbroker.com\/es\/politica-de-cookies\/","title":{"rendered":"DESCARGO DE RESPONSABILIDAD"},"content":{"rendered":"<\/p>\n<p><b><\/b>Este sitio web (www.mskyachtbroker.com) ha sido dise\u00f1ado y editado con el mayor cuidado posible. Sin embargo, la presencia de errores no puede descartarse por completo. <a href=\"http:\/\/www.mskyachtbroker.com\/\">www.mskyachtbroker.com <\/a>no asume ninguna responsabilidad por cualquier informaci\u00f3n imprecisa. Tampoco asume ninguna responsabilidad por cualquier tipo de da\u00f1o, directo o indirecto, que pueda resultar del uso de esta informaci\u00f3n.<\/p>\n<p>No es posible derivar ning\u00fan derecho de este sitio web ni reivindicar su contenido. Si desea usar la informaci\u00f3n aqu\u00ed disponible, primeramente deber\u00e1 obtener el consentimiento de <a href=\"http:\/\/www.mskyachtbroker.com\/\">www.mskyachtbroker.com <\/a>y verificar las condiciones de aplicaci\u00f3n.<\/p>\n<p>El contenido de este sitio est\u00e1 protegido por el derecho de autor. Se proh\u00edbe la copia o distribuci\u00f3n total o parcial del sitio web sin la autorizaci\u00f3n de<a href=\"http:\/\/www.mskyachtbroker.com\/\"> www.mskyachtbroker.com.<\/a><\/p>\n<p>Si desea usar las marcas que son propiedad de <a href=\"http:\/\/www.mskyachtbroker.com\/\">www.mskyachtbroker.com <\/a>de la forma que sea (texto, imagen, envasado, etc.), deber\u00e1 obtener el consentimiento previo, por escrito, de <a href=\"http:\/\/www.mskyachtbroker.com\/\">www.mskyachtbroker.com.<\/a><a href=\"http:\/\/www.mskyachtbroker.com\/\">www.mskyachtbroker.com <\/a>no se hace responsable del acceso a la informaci\u00f3n en sitios web a trav\u00e9s de los enlaces contenidos en su propio sitio web.<\/p>\n<p>Se proh\u00edbe la copia del sitio. <a href=\"http:\/\/www.mskyachtbroker.com\/\">www.mskyachtbroker.com <\/a>puede modificar, complementar o eliminar en cualquier momento, sin previo aviso, la informaci\u00f3n proporcionada en el sitio.<\/p>\n<h1>Privacidad<\/h1>\n<p>Protecci\u00f3n de datos personales:<\/p>\n<p><a href=\"http:\/\/www.mskyachtbroker.com\/\">www.mskyachtbroker.com <\/a>considera importante garantizar la seguridad y privacidad de los datos personales de sus clientes. <a href=\"http:\/\/www.mskyachtbroker.com\/\">www.mskyachtbroker.com<\/a> utiliza medidas de protecci\u00f3n, tanto t\u00e9cnicas como organizativas, para impedir la destrucci\u00f3n, p\u00e9rdida o modificaci\u00f3n de sus datos personales, as\u00ed como para protegerlos frente a la publicaci\u00f3n o acceso no autorizados. En nuestras actividades de negocio, cumplimos la legislaci\u00f3n vigente sobre protecci\u00f3n y seguridad de datos.<\/p>\n<h1>Datos personales<\/h1>\n<p>A menos que usted elija voluntariamente proporcionar estos datos (por ejemplo, al registrarse o al rellenar una encuesta) o d\u00e9 su consentimiento para la recogida de los mismos, o la recopilaci\u00f3n de dichos datos est\u00e9 permitida con arreglo a las leyes y regulaciones de protecci\u00f3n de datos vigente<a href=\"http:\/\/www.mskyachtbroker.com\/\">s, www.mskyachtbroker.com <\/a>no recoger\u00e1 sus datos personales tales como nombre, direcci\u00f3n, n\u00famero de tel\u00e9fono o direcci\u00f3n de correo electr\u00f3nico a trav\u00e9s de su sitio web.<\/p>\n<p>Puede ser que en este sitio web se le pida proporcionar sus datos personales. Todos los datos personales se recopilan en una base de datos y se almacenan cuidadosamente en un servidor seg<a href=\"http:\/\/www.mskyachtbroker.com\/\">uro. www.mskyachtbroker.com <\/a>se encarga por s\u00ed misma de la gesti\u00f3n de la base de datos. En su caso, las direcciones de correo electr\u00f3nico y otros datos personales podr\u00e1n usarse para las promociones de <a href=\"http:\/\/www.mskyachtbroker.com\/\">www.mskyachtbroker.com <\/a>y con fines publicitarios.<\/p>\n<p>De acuerdo con la legislaci\u00f3n sobre Protecci\u00f3n de Datos 2016\/679 del Parlamento Europeo (RGPD) y la LO 03\/2018 de Protecci\u00f3n de Datos y Garant\u00edas Digitales (LOPGDD), usted tiene derecho a modificar sus datos y a oponerse a su uso con fines comerciales.<\/p>\n<p><a href=\"http:\/\/www.mskyachtbroker.com\/\">www.mskyachtbroker.com <\/a>no escatimar\u00e1 esfuerzos para preservar la confidencialidad de sus datos. Sus datos no se ceder\u00e1n ni vender\u00e1n a terceros. Sin embargo, al visitar el sitio web de <a href=\"http:\/\/www.mskyachtbroker.com\/\">www.mskyachtbroker.com,<\/a> usted admite que la transmisi\u00f3n de datos personales a trav\u00e9s de internet no est\u00e1 exenta de riesgo al 100 %. No ser\u00e1 posible reclamar a <a href=\"http:\/\/www.mskyachtbroker.com\/\">www.mskyachtbroker.com <\/a>cualquier da\u00f1o que resulte del uso de sus datos por terceras partes no autorizadas.<\/p>\n<h1>Finalidad prevista<\/h1>\n<p>En caso de que nos proporcione sus datos personales, estos se usar\u00e1n fundamentalmente para responder preguntas o para garantizarle el acceso a informaci\u00f3n espec\u00edfica. Adem\u00e1s, en el contexto de nuestra relaci\u00f3n con usted, las siguientes acciones son posibles por nuestra parte:<\/p>\n<ul>\n<li>Almacenar y procesar sus datos personales con el fin de hacernos una idea m\u00e1s completa de sus necesidades y de c\u00f3mo podemos mejorar nuestros productos y servicios;<\/li>\n<li>Usar sus datos personales para ponernos en contacto con usted con motivo de una promoci\u00f3n d<a href=\"http:\/\/www.mskyachtbroker.com\/\">e www.mskyachtbroker.com <\/a>o para realizar encuestas en l\u00ednea para obtener m\u00e1s informaci\u00f3n sobre sus necesidades.<\/li>\n<\/ul>\n<p>Si no desea que usemos sus datos personales como soporte para nuestra relaci\u00f3n comercial con usted (especialmente para marketing directo o investigaciones de mercado), respetaremos su decisi\u00f3n. No cederemos ni venderemos sus datos personales a terceros y s\u00f3lo los pondremos a disposici\u00f3n de empresas asociadas a <a href=\"http:\/\/www.mskyachtbroker.com\/\">www.mskyachtbroker.com<\/a><b>Limitaci\u00f3n de finalidad<\/b><\/p>\n<p><a href=\"http:\/\/www.mskyachtbroker.com\/\">www.mskyachtbroker.com <\/a>solamente recoger\u00e1, aplicar\u00e1 o publicar\u00e1 los datos personales que usted proporcione en l\u00ednea para los fines que se le hayan indicado, a menos que su publicaci\u00f3n:<\/p>\n<ul>\n<li>Se relacione con el uso de los datos personales para una finalidad complementaria conectada directamente con el objetivo original por el que los datos personales fueron recogidos;<\/li>\n<\/ul>\n<ul>\n<li>Sea necesaria para redactar, concluir o ejecutar un contrato con usted;<\/li>\n<li>Se requiera legalmente o por orden de las autoridades competentes o las autoridades judiciales;<\/li>\n<li>Se requiera para establecer o defender una reivindicaci\u00f3n legal o una defensa judicial;<\/li>\n<li>Se requiera para prevenir el fraude u otras actividades ilegales, como ataques deliberados a los sistemas tecnol\u00f3gicos de informaci\u00f3n de<a href=\"http:\/\/www.mskyachtbroker.com\/\"> www.mskyachtbroker.com.<\/a><\/li>\n<\/ul>\n<h1>Datos de la comunicaci\u00f3n o del usuario<\/h1>\n<p>Al usar los servicios de telecomunicaci\u00f3n para acceder a nuestro sitio web, se generan datos de la comunicaci\u00f3n de forma t\u00e9cnica (por ejemplo, a trav\u00e9s de su direcci\u00f3n de protocolo de internet) o se generan datos del usuario (por ejemplo, informaci\u00f3n sobre el inicio, finalizaci\u00f3n y duraci\u00f3n del acceso e informaci\u00f3n sobre los servicios de telecomunicaci\u00f3n accedidos) que pueden relacionarse con sus datos personales. Sus datos de comunicaci\u00f3n o de usuario solamente pueden recogerse, procesarse y usarse en caso de que exista una necesidad imperiosa y siempre de conformidad con la legislaci\u00f3n de protecci\u00f3n de datos vigente.<\/p>\n<h1>Recogida autom\u00e1tica de datos no personales<\/h1>\n<p>Siempre que visite nuestro sitio web, podemos recoger autom\u00e1ticamente (es decir, sin necesidad de registro) datos no personales al respecto (como el tipo de navegador de internet o sistema operativo usado, el sitio web visitado anteriormente, el n\u00famero de visitas, la duraci\u00f3n media de cada visita y el n\u00famero de p\u00e1ginas consultadas). Estos datos nos permiten determinar el atractivo de nuestro propio sitio web y mejorar su rendimiento o su contenido.<\/p>\n<h1>Declaraci\u00f3n de privacidad de Google<\/h1>\n<p>El sitio web de <a href=\"http:\/\/www.mskyachtbroker.com\/\">www.mskyachtbroker.com <\/a>usa Google Analytics: un servicio de an\u00e1lisis de sitios web que ofrece Google Inc. (\u201cGoogle\u201d). Google Analytics emplea \u201ccookies\u201d o galletas inform\u00e1ticas (peque\u00f1os archivos de texto que se cargan en su ordenador) para analizar el uso que los usuarios hacen del sitio web, as\u00ed como analizar el sitio web mismo. La informaci\u00f3n generada por la cookie sobre su uso del sitio web (en el caso de <a href=\"http:\/\/www.mskyachtbroker.com\/\">www.mskyachtbroker.com, <\/a>sin su direcci\u00f3n IP) se transfiere a servidores de Google en los Estados Unidos, en los que se almacena. Google usa esta informaci\u00f3n para llevar un registro de la utilizaci\u00f3n que usted hace del sitio, para generar informes sobre la actividad del sitio web para el propietario del mismo (www.mskyachtbroker.com) y para ofrecer otros servicios relacionados con la actividad del sitio web y el uso de internet. Google solamente est\u00e1 autorizada a transferir esta informaci\u00f3n a terceros en caso de imposici\u00f3n legal o siempre que dichos terceros procesen la informaci\u00f3n en nombre de Google. Google no combinar\u00e1 su direcci\u00f3n IP con otros detalles que est\u00e9n a su disposici\u00f3n. Puede rehusar el uso de cookies mediante la selecci\u00f3n de la configuraci\u00f3n apropiada en su navegador. Sin embargo, tenemos que se\u00f1alar que, en este caso, no podr\u00e1 usar todas las opciones de este sitio web. Al usar este sitio web, otorga su autorizaci\u00f3n a Google para procesar la informaci\u00f3n de la manera mencionada anteriormente y para los fines anteriores.<\/p>\n<h1>Informaci\u00f3n<\/h1>\n<p>Tiene derecho a recibir informaci\u00f3n gratuita sobre los datos almacenados que le conciernen: el derecho a ser notificado en caso de modificaciones en sus datos, en caso de su bloqueo, retirada o eliminaci\u00f3n. Si tiene alguna pregunta en relaci\u00f3n con las encuestas, el procesamiento o la aplicaci\u00f3n de sus datos o tambi\u00e9n en relaci\u00f3n con los resultados, la comunicaci\u00f3n, el bloqueo o la retirada de los datos, puede ponerse en contacto con nosotros por correo electr\u00f3nico, correo ordinario o fax.<\/p>\n<p>\u201cCookies\u201d: informaci\u00f3n que se almacena de forma autom\u00e1tica en su ordenador. Cuando visite nuestro sitio web, puede ser que almacenemos datos en su ordenador en forma de una \u201ccookie\u201d. Esto asegura que su ordenador ser\u00e1 reconocido autom\u00e1ticamente en su pr\u00f3xima visita. Las cookies nos ayudan de varias formas. Por ejemplo, nos permiten alinear mejor nuestra p\u00e1gina web con sus intereses o almacenar su contrase\u00f1a, ahorr\u00e1ndole tener que introducirla cada vez que acceda al sitio. Si no desea recibir cookies, deber\u00e1 modificar la configuraci\u00f3n en su navegador de internet para asegurar que todas las cookies se eliminan del disco duro o que recibir\u00e1 un aviso antes de su almacenamiento.<\/p>\n<h1>Preguntas y comentarios<\/h1>\n<p><a href=\"http:\/\/www.mskyachtbroker.com\/\">www.mskyachtbroker.com <\/a>tendr\u00e1 el placer de responder a solicitudes razonables para consultar su informaci\u00f3n personal y para ajustar, modificar o eliminar cualquier inexactitud. Si desea hacer alguna pregunta u observaci\u00f3n sobre la pol\u00edtica de <a href=\"http:\/\/www.mskyachtbroker.com\/\">www.mskyachtbroker.com <\/a>relativa a la protecci\u00f3n de datos, pulse \u201cContacto\u201d y formule su pregunta. Nuestra pol\u00edtica de protecci\u00f3n de datos necesita ajustarse permanentemente, a medida que internet se desarrolla.<\/p>\n<p>Cualquier modificaci\u00f3n que tenga lugar en nuestra pol\u00edtica de protecci\u00f3n de datos se publicar\u00e1 en esta p\u00e1gina.<\/p>\n<ul>\n<li>                    <span>Venta de embarcaciones nuevas y usadas<\/span><\/li>\n<li>                    <span>Asesoramiento n\u00e1utico<\/span><\/li>\n<li>                    <span>Gesti\u00f3n de amarres<\/span><\/li>\n<li>                    <span>Inspecciones y certificaciones<\/span><\/li>\n<li>                    <span>Mantenimiento<\/span><\/li>\n<li>                    <span>Seguros<\/span><\/li>\n<\/ul>\n<p style=\"text-align: center;\">Si lo consideras \u00fatil, comparte esta informaci\u00f3n \u00a1Gracias!<\/p>\n<p><span style=\"width: 100%;\"><img loading=\"lazy\" decoding=\"async\" alt=\"\" width=\"250\" height=\"250\" title=\"\" data-id=\"818\" src=\"https:\/\/mskyachtbroker.com\/wp-content\/uploads\/2019\/02\/Yate.jpg\" style=\"width: 100%;\"><\/span><span style=\"width: 100%;\"><img loading=\"lazy\" decoding=\"async\" alt=\"\" width=\"250\" height=\"250\" title=\"\" data-id=\"821\" src=\"https:\/\/mskyachtbroker.com\/wp-content\/uploads\/2019\/02\/VELERO-MSK.jpg\" style=\"width: 100%;\"><\/span><span style=\"width: 100%;\"><img loading=\"lazy\" decoding=\"async\" alt=\"\" width=\"250\" height=\"250\" title=\"\" data-id=\"824\" src=\"https:\/\/mskyachtbroker.com\/wp-content\/uploads\/2019\/02\/amarre.jpg\" style=\"width: 100%;\"><\/span><span style=\"width: 100%;\"><img loading=\"lazy\" decoding=\"async\" alt=\"\" width=\"250\" height=\"250\" title=\"\" data-id=\"827\" src=\"https:\/\/mskyachtbroker.com\/wp-content\/uploads\/2019\/02\/fairline.jpg\" style=\"width: 100%;\"><\/span><\/p>\n","protected":false},"excerpt":{"rendered":"<p>Este sitio web (www.mskyachtbroker.com) ha sido dise\u00f1ado y editado con el mayor cuidado posible. Sin embargo, la presencia de errores no puede descartarse por completo. www.mskyachtbroker.com no asume ninguna responsabilidad por cualquier informaci\u00f3n imprecisa. Tampoco asume ninguna responsabilidad por cualquier tipo de da\u00f1o, directo o indirecto, que pueda resultar del uso de esta informaci\u00f3n. No [&hellip;]<\/p>\n","protected":false},"author":1,"featured_media":0,"parent":0,"menu_order":0,"comment_status":"closed","ping_status":"closed","template":"fullwidth-page.php","meta":{"footnotes":""},"class_list":["post-790","page","type-page","status-publish","hentry"],"yoast_head":"<!-- This site is optimized with the Yoast SEO plugin v26.8 - https:\/\/yoast.com\/product\/yoast-seo-wordpress\/ -->\n<title>DESCARGO DE RESPONSABILIDAD - MSK Yacht Broker<\/title>\n<meta name=\"robots\" content=\"index, follow, max-snippet:-1, max-image-preview:large, max-video-preview:-1\" \/>\n<link rel=\"canonical\" href=\"https:\/\/mskyachtbroker.com\/es\/politica-de-cookies\/\" \/>\n<meta property=\"og:locale\" content=\"es_ES\" \/>\n<meta property=\"og:type\" content=\"article\" \/>\n<meta property=\"og:title\" content=\"DESCARGO DE RESPONSABILIDAD - MSK Yacht Broker\" \/>\n<meta property=\"og:description\" content=\"Este sitio web (www.mskyachtbroker.com) ha sido dise\u00f1ado y editado con el mayor cuidado posible. Sin embargo, la presencia de errores no puede descartarse por completo. www.mskyachtbroker.com no asume ninguna responsabilidad por cualquier informaci\u00f3n imprecisa. Tampoco asume ninguna responsabilidad por cualquier tipo de da\u00f1o, directo o indirecto, que pueda resultar del uso de esta informaci\u00f3n. No [&hellip;]\" \/>\n<meta property=\"og:url\" content=\"https:\/\/mskyachtbroker.com\/es\/politica-de-cookies\/\" \/>\n<meta property=\"og:site_name\" content=\"MSK Yacht Broker\" \/>\n<meta property=\"article:modified_time\" content=\"2019-03-24T17:58:05+00:00\" \/>\n<meta property=\"og:image\" content=\"https:\/\/mskyachtbroker.com\/wp-content\/uploads\/2019\/02\/Yate.jpg\" \/>\n<meta name=\"twitter:card\" content=\"summary_large_image\" \/>\n<meta name=\"twitter:label1\" content=\"Tiempo de lectura\" \/>\n\t<meta name=\"twitter:data1\" content=\"8 minutos\" \/>\n<script type=\"application\/ld+json\" class=\"yoast-schema-graph\">{\"@context\":\"https:\/\/schema.org\",\"@graph\":[{\"@type\":\"WebPage\",\"@id\":\"https:\/\/mskyachtbroker.com\/es\/politica-de-cookies\/\",\"url\":\"https:\/\/mskyachtbroker.com\/es\/politica-de-cookies\/\",\"name\":\"DESCARGO DE RESPONSABILIDAD - MSK Yacht Broker\",\"isPartOf\":{\"@id\":\"https:\/\/mskyachtbroker.com\/es\/#website\"},\"primaryImageOfPage\":{\"@id\":\"https:\/\/mskyachtbroker.com\/es\/politica-de-cookies\/#primaryimage\"},\"image\":{\"@id\":\"https:\/\/mskyachtbroker.com\/es\/politica-de-cookies\/#primaryimage\"},\"thumbnailUrl\":\"https:\/\/mskyachtbroker.com\/wp-content\/uploads\/2019\/02\/Yate.jpg\",\"datePublished\":\"2019-02-24T06:03:01+00:00\",\"dateModified\":\"2019-03-24T17:58:05+00:00\",\"breadcrumb\":{\"@id\":\"https:\/\/mskyachtbroker.com\/es\/politica-de-cookies\/#breadcrumb\"},\"inLanguage\":\"es\",\"potentialAction\":[{\"@type\":\"ReadAction\",\"target\":[\"https:\/\/mskyachtbroker.com\/es\/politica-de-cookies\/\"]}]},{\"@type\":\"ImageObject\",\"inLanguage\":\"es\",\"@id\":\"https:\/\/mskyachtbroker.com\/es\/politica-de-cookies\/#primaryimage\",\"url\":\"https:\/\/mskyachtbroker.com\/wp-content\/uploads\/2019\/02\/Yate.jpg\",\"contentUrl\":\"https:\/\/mskyachtbroker.com\/wp-content\/uploads\/2019\/02\/Yate.jpg\"},{\"@type\":\"BreadcrumbList\",\"@id\":\"https:\/\/mskyachtbroker.com\/es\/politica-de-cookies\/#breadcrumb\",\"itemListElement\":[{\"@type\":\"ListItem\",\"position\":1,\"name\":\"Portada\",\"item\":\"https:\/\/mskyachtbroker.com\/es\/\"},{\"@type\":\"ListItem\",\"position\":2,\"name\":\"DESCARGO DE RESPONSABILIDAD\"}]},{\"@type\":\"WebSite\",\"@id\":\"https:\/\/mskyachtbroker.com\/es\/#website\",\"url\":\"https:\/\/mskyachtbroker.com\/es\/\",\"name\":\"MSK Yacht Broker\",\"description\":\"International Yacht Broker\",\"potentialAction\":[{\"@type\":\"SearchAction\",\"target\":{\"@type\":\"EntryPoint\",\"urlTemplate\":\"https:\/\/mskyachtbroker.com\/es\/?s={search_term_string}\"},\"query-input\":{\"@type\":\"PropertyValueSpecification\",\"valueRequired\":true,\"valueName\":\"search_term_string\"}}],\"inLanguage\":\"es\"}]}<\/script>\n<!-- \/ Yoast SEO plugin. -->","yoast_head_json":{"title":"DESCARGO DE RESPONSABILIDAD - MSK Yacht Broker","robots":{"index":"index","follow":"follow","max-snippet":"max-snippet:-1","max-image-preview":"max-image-preview:large","max-video-preview":"max-video-preview:-1"},"canonical":"https:\/\/mskyachtbroker.com\/es\/politica-de-cookies\/","og_locale":"es_ES","og_type":"article","og_title":"DESCARGO DE RESPONSABILIDAD - MSK Yacht Broker","og_description":"Este sitio web (www.mskyachtbroker.com) ha sido dise\u00f1ado y editado con el mayor cuidado posible. Sin embargo, la presencia de errores no puede descartarse por completo. www.mskyachtbroker.com no asume ninguna responsabilidad por cualquier informaci\u00f3n imprecisa. Tampoco asume ninguna responsabilidad por cualquier tipo de da\u00f1o, directo o indirecto, que pueda resultar del uso de esta informaci\u00f3n. No [&hellip;]","og_url":"https:\/\/mskyachtbroker.com\/es\/politica-de-cookies\/","og_site_name":"MSK Yacht Broker","article_modified_time":"2019-03-24T17:58:05+00:00","og_image":[{"url":"https:\/\/mskyachtbroker.com\/wp-content\/uploads\/2019\/02\/Yate.jpg","type":"","width":"","height":""}],"twitter_card":"summary_large_image","twitter_misc":{"Tiempo de lectura":"8 minutos"},"schema":{"@context":"https:\/\/schema.org","@graph":[{"@type":"WebPage","@id":"https:\/\/mskyachtbroker.com\/es\/politica-de-cookies\/","url":"https:\/\/mskyachtbroker.com\/es\/politica-de-cookies\/","name":"DESCARGO DE RESPONSABILIDAD - MSK Yacht Broker","isPartOf":{"@id":"https:\/\/mskyachtbroker.com\/es\/#website"},"primaryImageOfPage":{"@id":"https:\/\/mskyachtbroker.com\/es\/politica-de-cookies\/#primaryimage"},"image":{"@id":"https:\/\/mskyachtbroker.com\/es\/politica-de-cookies\/#primaryimage"},"thumbnailUrl":"https:\/\/mskyachtbroker.com\/wp-content\/uploads\/2019\/02\/Yate.jpg","datePublished":"2019-02-24T06:03:01+00:00","dateModified":"2019-03-24T17:58:05+00:00","breadcrumb":{"@id":"https:\/\/mskyachtbroker.com\/es\/politica-de-cookies\/#breadcrumb"},"inLanguage":"es","potentialAction":[{"@type":"ReadAction","target":["https:\/\/mskyachtbroker.com\/es\/politica-de-cookies\/"]}]},{"@type":"ImageObject","inLanguage":"es","@id":"https:\/\/mskyachtbroker.com\/es\/politica-de-cookies\/#primaryimage","url":"https:\/\/mskyachtbroker.com\/wp-content\/uploads\/2019\/02\/Yate.jpg","contentUrl":"https:\/\/mskyachtbroker.com\/wp-content\/uploads\/2019\/02\/Yate.jpg"},{"@type":"BreadcrumbList","@id":"https:\/\/mskyachtbroker.com\/es\/politica-de-cookies\/#breadcrumb","itemListElement":[{"@type":"ListItem","position":1,"name":"Portada","item":"https:\/\/mskyachtbroker.com\/es\/"},{"@type":"ListItem","position":2,"name":"DESCARGO DE RESPONSABILIDAD"}]},{"@type":"WebSite","@id":"https:\/\/mskyachtbroker.com\/es\/#website","url":"https:\/\/mskyachtbroker.com\/es\/","name":"MSK Yacht Broker","description":"International Yacht Broker","potentialAction":[{"@type":"SearchAction","target":{"@type":"EntryPoint","urlTemplate":"https:\/\/mskyachtbroker.com\/es\/?s={search_term_string}"},"query-input":{"@type":"PropertyValueSpecification","valueRequired":true,"valueName":"search_term_string"}}],"inLanguage":"es"}]}},"_links":{"self":[{"href":"https:\/\/mskyachtbroker.com\/es\/wp-json\/wp\/v2\/pages\/790","targetHints":{"allow":["GET"]}}],"collection":[{"href":"https:\/\/mskyachtbroker.com\/es\/wp-json\/wp\/v2\/pages"}],"about":[{"href":"https:\/\/mskyachtbroker.com\/es\/wp-json\/wp\/v2\/types\/page"}],"author":[{"embeddable":true,"href":"https:\/\/mskyachtbroker.com\/es\/wp-json\/wp\/v2\/users\/1"}],"replies":[{"embeddable":true,"href":"https:\/\/mskyachtbroker.com\/es\/wp-json\/wp\/v2\/comments?post=790"}],"version-history":[{"count":5,"href":"https:\/\/mskyachtbroker.com\/es\/wp-json\/wp\/v2\/pages\/790\/revisions"}],"predecessor-version":[{"id":1703,"href":"https:\/\/mskyachtbroker.com\/es\/wp-json\/wp\/v2\/pages\/790\/revisions\/1703"}],"wp:attachment":[{"href":"https:\/\/mskyachtbroker.com\/es\/wp-json\/wp\/v2\/media?parent=790"}],"curies":[{"name":"wp","href":"https:\/\/api.w.org\/{rel}","templated":true}]}}