{"id":30,"date":"2019-02-22T12:58:40","date_gmt":"2019-02-22T11:58:40","guid":{"rendered":"https:\/\/mskyachtbroker.com\/?page_id=30"},"modified":"2021-08-12T21:29:22","modified_gmt":"2021-08-12T19:29:22","slug":"sobre-msk-international-yacht-broker","status":"publish","type":"page","link":"https:\/\/mskyachtbroker.com\/es\/sobre-msk-international-yacht-broker\/","title":{"rendered":"SOBRE MSK INTERNATIONAL YACHT BROKER"},"content":{"rendered":"<h1>SOBRE NOSOTROS<\/h1>\n<p>Conf\u00ede en m\u00e1s de veinte a\u00f1os de experiencia<\/p>\n<p>La&nbsp;compra o venta de un valioso yate o velero a motor merece confiarlo a un equipo con experiencia<\/p>\n<p>\u200bElegir a <strong>MSK International Yacht Broker<\/strong> significa elegir la seguridad.<\/p>\n<p>\u200bTambi\u00e9n le ofrecemos conveniencia, ya que podemos encargarnos de todo el proceso, como la evaluaci\u00f3n, el transporte, el seguro o la financiaci\u00f3n, por ejemplo.&nbsp;<\/p>\n<p>\u200bSi lo desea, le venderemos su barco o amarre actual o le buscaremos uno nuevo.<\/p>\n<p>Entonces, cuando llegue el momento de decidir vender o comprar, puede sentarse y relajarse: <strong>MSK International Yacht Broker&nbsp;<\/strong>har\u00e1 el trabajo por usted, de manera efectiva y pronta.&nbsp;Elija reputaci\u00f3n<\/p>\n<p><span style=\"width: 100%;\"><img loading=\"lazy\" decoding=\"async\" alt=\"\" width=\"555\" height=\"530\" title=\"Sobre-MSK-YACHT-BROKER-2\" data-id=\"2555\" src=\"https:\/\/mskyachtbroker.com\/wp-content\/uploads\/2019\/04\/Sobre-MSK-YACHT-BROKER-2.jpg\" style=\"\"><\/span><\/p>\n<p style=\"text-align: center;\">Nuestros clientes siempre vuelven por la confianza que les brindamos y por el buen trato y servicio que obtienen. Tenemos precios competitivos.<\/p>\n<p><span style=\"width: 100%;\"><img loading=\"lazy\" decoding=\"async\" alt=\"\" width=\"500\" height=\"500\" title=\"\" data-id=\"886\" src=\"https:\/\/mskyachtbroker.com\/wp-content\/uploads\/2019\/02\/SOBRE-MSK-INTERNATIONAL-YACHT-BROKER.jpg\" style=\"\"><\/span><\/p>\n<p>Con m\u00e1s de 100 &nbsp;transacciones cada a\u00f1o, <strong>MSK International Yacht Broker<\/strong> es uno de los brokers m\u00e1s importantes en el mercado de corretaje de yates.<\/p>\n<p>\u200bAtendemos a nuestros clientes desde nuestra oficina en el <strong>Puerto Deportivo Marina<\/strong>&nbsp;<strong>Salinas <\/strong>en Torrevieja (Alicante) &nbsp;y nos concentramos en el segmento de 6 a 30 metros.&nbsp;<\/p>\n<p>\u200bNuestros clientes provienen de todo el mundo y saben lo que pueden esperar de nosotros: todo el conocimiento, las conexiones y los recursos necesarios para lograr buenos resultados.&nbsp;<\/p>\n<p>\u200bAdem\u00e1s, supervisamos y gestionamos las transacciones de la manera m\u00e1s profesional y experta.&nbsp;Como resultado, <strong>MSK International Yacht Broker<\/strong> se ha convertido en uno de los principales corredores de barcos en Espa\u00f1a&nbsp;<\/p>\n<p><span style=\"color: rgb(200, 200, 200);\"><span style=\"font-size: 66px;\">\u201c<\/span><\/span><\/p>\n<p><em>En julio de 2021 conoc\u00ed a Shazad y de inmediato me llam\u00f3 la atenci\u00f3n su honestidad y profesionalismo en la forma en que trata con los clientes, ya sea comprando o vendiendo barcos.<\/em><\/p>\n<p><em><\/em><\/p>\n<p><em>En mi caso, solo estaba vendiendo una peque\u00f1a lancha en el esquema mayor de navegaci\u00f3n, pero \u00e9l trat\u00f3 mi venta exactamente de la misma manera que lo har\u00eda con una venta de 6 cifras, lo que me demostr\u00f3 que es un hombre \u00edntegro y honesto.<\/em><\/p>\n<p><em><\/em><\/p>\n<p><em>Su sonrisa es contagiosa y est\u00e1 respaldado por un equipo muy profesional de dos mujeres que cuidan diligentemente toda la documentaci\u00f3n requerida. Al conocerlos, ambos tienen excelentes habilidades personales y reflejan c\u00f3mo Shazad dirige la empresa.<\/em><\/p>\n<p><em><\/em><\/p>\n<p>Para resumir, Shahzad es \u00fanico. Es el tipo de hombre que todos los propietarios de embarcaciones necesitan para resolver grandes y peque\u00f1os problemas. Un problema para ti no es un problema para \u00e9l. El es la solucion. Y un buen hombre para tener de tu lado.<\/p>\n<\/p>\n<p>No dude en ponerse en contacto con Shazad o su equipo para la pr\u00f3xima compra de su barco.<\/p>\n<p style=\"margin-bottom: 0.0001pt; line-height: normal; background-color: white;\"><span style=\"color: rgb(34, 34, 34);\"><strong>Bobby y Cleo Power<\/strong><\/span><\/p>\n<p>Editor de <strong>Bobby Power<\/strong>, Revista Go Wild&nbsp;<\/p>\n<p><a href=\"https:\/\/gowildmagazine.com\/\" target=\"_blank\" style=\"outline: none;\" rel=\"noopener\">www.gowildmagazine.com<\/a><\/p>\n<p><span style=\"color: rgb(200, 200, 200);\"><span style=\"font-size: 66px;\">\u201c<\/span><\/span><\/p>\n<p style=\"background-color: rgb(255, 255, 255);\"><em>Conozco a Shahzad desde hace 20 a\u00f1os y tanto yo como mi familia ha hecho con el operaciones de amarres y de barcos, todas a nuestra entera satisfacci\u00f3n.<\/em><\/p>\n<p style=\"background-color: rgb(255, 255, 255);\"><em>\u200b<\/em><\/p>\n<p style=\"background-color: rgb(255, 255, 255);\"><em>&nbsp;Se ha transformado en un amigo al que confiamos todas nuestras gestiones en el campo de barcos y amarres.<!--[if !supportLineBreakNewLine]--><!--[endif]--><\/em><\/p>\n<p style=\"margin-bottom: 0.0001pt; line-height: normal; background-color: white;\"><span style=\"color: rgb(34, 34, 34);\"><strong>Agustin Herran Vidaurrazaga<\/strong><\/span><\/p>\n<p style=\"margin-bottom: 0.0001pt; line-height: normal; background-color: white;\"><span style=\"color: rgb(34, 34, 34);\">propietario de un Nauticat 40 adquirido a trav\u00e9s de Shahzad<\/span><\/p>\n<p><span style=\"color: rgb(200, 200, 200);\"><span style=\"font-size: 66px;\">\u201c<\/span><\/span><\/p>\n<p style=\"font-size: 18px; background-color: rgb(255, 255, 255);\"><em>In September 2018 me and my wife, two icelandairs with little knowledge of sailboats, bought a sailboat in Torrevieja and Shahzad took care of the purchase \/ sale. His work was professional and his advice was good. He took care of all the documentation and insurance of the boat, registered it in the most economical country, the Netherlands, and provided us with berth for the boat. Since then he has provided us repairers or professionals to repair small and large things, moved the boat to and from the workyard for antifouling and even fetched spare parts for the boat to the next town!<\/em><\/p>\n<\/p>\n<p style=\"font-size: 18px; background-color: rgb(255, 255, 255);\">Before we bought the boat we owned a part in another sailboat and registering that boat in Spain was a big problem, a lawfirm could not solve it in 16 months. Sahzad solved it in just a few days and registered it in Belgium and took care of insuring the boat to the new owner and did it all with professionalism and modesty. And our co-owners asked us: &#8220;Where did you find this man?&#8221; Their question says all about Shahzad. He is unique. He&#8217;s the type of man all boat owners need to solve big and small problems. A problem for you is not a problem for him. He&#8217;s the solution. And a good man.<\/p>\n<p style=\"font-size: 18px; background-color: rgb(255, 255, 255);\">\n<p style=\"font-size: 18px; background-color: rgb(255, 255, 255);\">&nbsp;Thanks for all the help Shahzad!<\/p>\n<\/p>\n<p style=\"margin-bottom: 0.0001pt; line-height: normal; background-color: white;\"><span style=\"color: rgb(34, 34, 34);\"><strong>Gunnar and Anna<\/strong><\/span><\/p>\n<p style=\"margin-bottom: 0.0001pt; line-height: normal; background-color: white;\"><span style=\"color: rgb(34, 34, 34);\">from Iceland<\/span><\/p>\n<p style=\"text-align: left;\">Te atendemos en Espa\u00f1ol, English, Deutsch<\/p>\n<p style=\"text-align: left;\">+ 34 965 971 016 &nbsp;<\/p>\n<p style=\"text-align: left;\">+ 34 632 173 292&nbsp;<\/p>\n<p style=\"text-align: left;\">+34 690 &nbsp;366 250<\/p>\n<p style=\"text-align: left;\">P\u00ba&nbsp; Vistalegre s\/n,&nbsp; Dique de Levante.&nbsp; P.D. Marina,<\/p>\n<p style=\"text-align: left;\">03181 Torrevieja (Alicante)<\/p>\n<p style=\"text-align: left;\">Lunes a viernes: 09:30 a 19:00<\/p>\n<p style=\"text-align: left;\">S\u00e1bados: 10:00 a 14:00<\/p>\n<p style=\"text-align: left;\">Domingos cerrado<\/p>\n<p>  <span style=\"width: 100%;\"><img loading=\"lazy\" decoding=\"async\" alt=\"\" width=\"800\" height=\"481\" title=\"Mapa-MSK-International-Yacht-Broker-2\" data-id=\"925\" src=\"https:\/\/mskyachtbroker.com\/wp-content\/uploads\/2019\/02\/Mapa-MSK-International-Yacht-Broker-2.jpg\" style=\"\"><\/span>    <\/p>\n<p style=\"text-align: center;\">Utiliza nuestro formulario de contacto a cualquier hora<\/p>\n<p> <a href=\"https:\/\/mskyachtbroker.com\/contacto\/\"> <span><span>Contacta con nosotros<\/span><\/span> <\/a>    <\/p>\n<ul>\n<li>                    <span>Venta de embarcaciones nuevas y usadas<\/span><\/li>\n<li>                    <span>Asesoramiento n\u00e1utico<\/span><\/li>\n<li>                    <span>Gesti\u00f3n de amarres<\/span><\/li>\n<li>                    <span>Inspecciones y certificaciones<\/span><\/li>\n<li>                    <span>Mantenimiento<\/span><\/li>\n<li>                    <span>Seguros<\/span><\/li>\n<\/ul>\n<p style=\"text-align: center;\">Si lo consideras \u00fatil, comparte esta informaci\u00f3n \u00a1Gracias!<\/p>\n<p><span style=\"width: 100%;\"><img loading=\"lazy\" decoding=\"async\" alt=\"\" width=\"250\" height=\"250\" title=\"\" data-id=\"818\" src=\"https:\/\/mskyachtbroker.com\/wp-content\/uploads\/2019\/02\/Yate.jpg\" style=\"\"><\/span><span style=\"width: 100%;\"><img loading=\"lazy\" decoding=\"async\" alt=\"\" width=\"250\" height=\"250\" title=\"\" data-id=\"821\" src=\"https:\/\/mskyachtbroker.com\/wp-content\/uploads\/2019\/02\/VELERO-MSK.jpg\" style=\"\"><\/span><span style=\"width: 100%;\"><img loading=\"lazy\" decoding=\"async\" alt=\"\" width=\"250\" height=\"250\" title=\"\" data-id=\"824\" src=\"https:\/\/mskyachtbroker.com\/wp-content\/uploads\/2019\/02\/amarre.jpg\" style=\"\"><\/span><span style=\"width: 100%;\"><img loading=\"lazy\" decoding=\"async\" alt=\"\" width=\"250\" height=\"250\" title=\"\" data-id=\"827\" src=\"https:\/\/mskyachtbroker.com\/wp-content\/uploads\/2019\/02\/fairline.jpg\" style=\"\"><\/span><\/p>\n","protected":false},"excerpt":{"rendered":"<p>SOBRE NOSOTROS Conf\u00ede en m\u00e1s de veinte a\u00f1os de experiencia La&nbsp;compra o venta de un valioso yate o velero a motor merece confiarlo a un equipo con experiencia \u200bElegir a MSK International Yacht Broker significa elegir la seguridad. \u200bTambi\u00e9n le ofrecemos conveniencia, ya que podemos encargarnos de todo el proceso, como la evaluaci\u00f3n, el transporte, [&hellip;]<\/p>\n","protected":false},"author":1,"featured_media":0,"parent":0,"menu_order":0,"comment_status":"closed","ping_status":"closed","template":"fullwidth-page.php","meta":{"footnotes":""},"class_list":["post-30","page","type-page","status-publish","hentry"],"yoast_head":"<!-- This site is optimized with the Yoast SEO plugin v26.8 - https:\/\/yoast.com\/product\/yoast-seo-wordpress\/ -->\n<title>SOBRE MSK INTERNATIONAL YACHT BROKER - MSK Yacht Broker<\/title>\n<meta name=\"robots\" content=\"index, follow, max-snippet:-1, max-image-preview:large, max-video-preview:-1\" \/>\n<link rel=\"canonical\" href=\"https:\/\/mskyachtbroker.com\/es\/sobre-msk-international-yacht-broker\/\" \/>\n<meta property=\"og:locale\" content=\"es_ES\" \/>\n<meta property=\"og:type\" content=\"article\" \/>\n<meta property=\"og:title\" content=\"SOBRE MSK INTERNATIONAL YACHT BROKER - MSK Yacht Broker\" \/>\n<meta property=\"og:description\" content=\"SOBRE NOSOTROS Conf\u00ede en m\u00e1s de veinte a\u00f1os de experiencia La&nbsp;compra o venta de un valioso yate o velero a motor merece confiarlo a un equipo con experiencia \u200bElegir a MSK International Yacht Broker significa elegir la seguridad. \u200bTambi\u00e9n le ofrecemos conveniencia, ya que podemos encargarnos de todo el proceso, como la evaluaci\u00f3n, el transporte, [&hellip;]\" \/>\n<meta property=\"og:url\" content=\"https:\/\/mskyachtbroker.com\/es\/sobre-msk-international-yacht-broker\/\" \/>\n<meta property=\"og:site_name\" content=\"MSK Yacht Broker\" \/>\n<meta property=\"article:modified_time\" content=\"2021-08-12T19:29:22+00:00\" \/>\n<meta property=\"og:image\" content=\"https:\/\/mskyachtbroker.com\/wp-content\/uploads\/2019\/04\/Sobre-MSK-YACHT-BROKER-2.jpg\" \/>\n<meta name=\"twitter:card\" content=\"summary_large_image\" \/>\n<meta name=\"twitter:label1\" content=\"Tiempo de lectura\" \/>\n\t<meta name=\"twitter:data1\" content=\"4 minutos\" \/>\n<script type=\"application\/ld+json\" class=\"yoast-schema-graph\">{\"@context\":\"https:\/\/schema.org\",\"@graph\":[{\"@type\":\"WebPage\",\"@id\":\"https:\/\/mskyachtbroker.com\/es\/sobre-msk-international-yacht-broker\/\",\"url\":\"https:\/\/mskyachtbroker.com\/es\/sobre-msk-international-yacht-broker\/\",\"name\":\"SOBRE MSK INTERNATIONAL YACHT BROKER - MSK Yacht Broker\",\"isPartOf\":{\"@id\":\"https:\/\/mskyachtbroker.com\/es\/#website\"},\"primaryImageOfPage\":{\"@id\":\"https:\/\/mskyachtbroker.com\/es\/sobre-msk-international-yacht-broker\/#primaryimage\"},\"image\":{\"@id\":\"https:\/\/mskyachtbroker.com\/es\/sobre-msk-international-yacht-broker\/#primaryimage\"},\"thumbnailUrl\":\"https:\/\/mskyachtbroker.com\/wp-content\/uploads\/2019\/04\/Sobre-MSK-YACHT-BROKER-2.jpg\",\"datePublished\":\"2019-02-22T11:58:40+00:00\",\"dateModified\":\"2021-08-12T19:29:22+00:00\",\"breadcrumb\":{\"@id\":\"https:\/\/mskyachtbroker.com\/es\/sobre-msk-international-yacht-broker\/#breadcrumb\"},\"inLanguage\":\"es\",\"potentialAction\":[{\"@type\":\"ReadAction\",\"target\":[\"https:\/\/mskyachtbroker.com\/es\/sobre-msk-international-yacht-broker\/\"]}]},{\"@type\":\"ImageObject\",\"inLanguage\":\"es\",\"@id\":\"https:\/\/mskyachtbroker.com\/es\/sobre-msk-international-yacht-broker\/#primaryimage\",\"url\":\"https:\/\/mskyachtbroker.com\/wp-content\/uploads\/2019\/04\/Sobre-MSK-YACHT-BROKER-2.jpg\",\"contentUrl\":\"https:\/\/mskyachtbroker.com\/wp-content\/uploads\/2019\/04\/Sobre-MSK-YACHT-BROKER-2.jpg\"},{\"@type\":\"BreadcrumbList\",\"@id\":\"https:\/\/mskyachtbroker.com\/es\/sobre-msk-international-yacht-broker\/#breadcrumb\",\"itemListElement\":[{\"@type\":\"ListItem\",\"position\":1,\"name\":\"Portada\",\"item\":\"https:\/\/mskyachtbroker.com\/es\/\"},{\"@type\":\"ListItem\",\"position\":2,\"name\":\"SOBRE MSK INTERNATIONAL YACHT BROKER\"}]},{\"@type\":\"WebSite\",\"@id\":\"https:\/\/mskyachtbroker.com\/es\/#website\",\"url\":\"https:\/\/mskyachtbroker.com\/es\/\",\"name\":\"MSK Yacht Broker\",\"description\":\"International Yacht Broker\",\"potentialAction\":[{\"@type\":\"SearchAction\",\"target\":{\"@type\":\"EntryPoint\",\"urlTemplate\":\"https:\/\/mskyachtbroker.com\/es\/?s={search_term_string}\"},\"query-input\":{\"@type\":\"PropertyValueSpecification\",\"valueRequired\":true,\"valueName\":\"search_term_string\"}}],\"inLanguage\":\"es\"}]}<\/script>\n<!-- \/ Yoast SEO plugin. -->","yoast_head_json":{"title":"SOBRE MSK INTERNATIONAL YACHT BROKER - MSK Yacht Broker","robots":{"index":"index","follow":"follow","max-snippet":"max-snippet:-1","max-image-preview":"max-image-preview:large","max-video-preview":"max-video-preview:-1"},"canonical":"https:\/\/mskyachtbroker.com\/es\/sobre-msk-international-yacht-broker\/","og_locale":"es_ES","og_type":"article","og_title":"SOBRE MSK INTERNATIONAL YACHT BROKER - MSK Yacht Broker","og_description":"SOBRE NOSOTROS Conf\u00ede en m\u00e1s de veinte a\u00f1os de experiencia La&nbsp;compra o venta de un valioso yate o velero a motor merece confiarlo a un equipo con experiencia \u200bElegir a MSK International Yacht Broker significa elegir la seguridad. \u200bTambi\u00e9n le ofrecemos conveniencia, ya que podemos encargarnos de todo el proceso, como la evaluaci\u00f3n, el transporte, [&hellip;]","og_url":"https:\/\/mskyachtbroker.com\/es\/sobre-msk-international-yacht-broker\/","og_site_name":"MSK Yacht Broker","article_modified_time":"2021-08-12T19:29:22+00:00","og_image":[{"url":"https:\/\/mskyachtbroker.com\/wp-content\/uploads\/2019\/04\/Sobre-MSK-YACHT-BROKER-2.jpg","type":"","width":"","height":""}],"twitter_card":"summary_large_image","twitter_misc":{"Tiempo de lectura":"4 minutos"},"schema":{"@context":"https:\/\/schema.org","@graph":[{"@type":"WebPage","@id":"https:\/\/mskyachtbroker.com\/es\/sobre-msk-international-yacht-broker\/","url":"https:\/\/mskyachtbroker.com\/es\/sobre-msk-international-yacht-broker\/","name":"SOBRE MSK INTERNATIONAL YACHT BROKER - MSK Yacht Broker","isPartOf":{"@id":"https:\/\/mskyachtbroker.com\/es\/#website"},"primaryImageOfPage":{"@id":"https:\/\/mskyachtbroker.com\/es\/sobre-msk-international-yacht-broker\/#primaryimage"},"image":{"@id":"https:\/\/mskyachtbroker.com\/es\/sobre-msk-international-yacht-broker\/#primaryimage"},"thumbnailUrl":"https:\/\/mskyachtbroker.com\/wp-content\/uploads\/2019\/04\/Sobre-MSK-YACHT-BROKER-2.jpg","datePublished":"2019-02-22T11:58:40+00:00","dateModified":"2021-08-12T19:29:22+00:00","breadcrumb":{"@id":"https:\/\/mskyachtbroker.com\/es\/sobre-msk-international-yacht-broker\/#breadcrumb"},"inLanguage":"es","potentialAction":[{"@type":"ReadAction","target":["https:\/\/mskyachtbroker.com\/es\/sobre-msk-international-yacht-broker\/"]}]},{"@type":"ImageObject","inLanguage":"es","@id":"https:\/\/mskyachtbroker.com\/es\/sobre-msk-international-yacht-broker\/#primaryimage","url":"https:\/\/mskyachtbroker.com\/wp-content\/uploads\/2019\/04\/Sobre-MSK-YACHT-BROKER-2.jpg","contentUrl":"https:\/\/mskyachtbroker.com\/wp-content\/uploads\/2019\/04\/Sobre-MSK-YACHT-BROKER-2.jpg"},{"@type":"BreadcrumbList","@id":"https:\/\/mskyachtbroker.com\/es\/sobre-msk-international-yacht-broker\/#breadcrumb","itemListElement":[{"@type":"ListItem","position":1,"name":"Portada","item":"https:\/\/mskyachtbroker.com\/es\/"},{"@type":"ListItem","position":2,"name":"SOBRE MSK INTERNATIONAL YACHT BROKER"}]},{"@type":"WebSite","@id":"https:\/\/mskyachtbroker.com\/es\/#website","url":"https:\/\/mskyachtbroker.com\/es\/","name":"MSK Yacht Broker","description":"International Yacht Broker","potentialAction":[{"@type":"SearchAction","target":{"@type":"EntryPoint","urlTemplate":"https:\/\/mskyachtbroker.com\/es\/?s={search_term_string}"},"query-input":{"@type":"PropertyValueSpecification","valueRequired":true,"valueName":"search_term_string"}}],"inLanguage":"es"}]}},"_links":{"self":[{"href":"https:\/\/mskyachtbroker.com\/es\/wp-json\/wp\/v2\/pages\/30","targetHints":{"allow":["GET"]}}],"collection":[{"href":"https:\/\/mskyachtbroker.com\/es\/wp-json\/wp\/v2\/pages"}],"about":[{"href":"https:\/\/mskyachtbroker.com\/es\/wp-json\/wp\/v2\/types\/page"}],"author":[{"embeddable":true,"href":"https:\/\/mskyachtbroker.com\/es\/wp-json\/wp\/v2\/users\/1"}],"replies":[{"embeddable":true,"href":"https:\/\/mskyachtbroker.com\/es\/wp-json\/wp\/v2\/comments?post=30"}],"version-history":[{"count":5,"href":"https:\/\/mskyachtbroker.com\/es\/wp-json\/wp\/v2\/pages\/30\/revisions"}],"predecessor-version":[{"id":20662,"href":"https:\/\/mskyachtbroker.com\/es\/wp-json\/wp\/v2\/pages\/30\/revisions\/20662"}],"wp:attachment":[{"href":"https:\/\/mskyachtbroker.com\/es\/wp-json\/wp\/v2\/media?parent=30"}],"curies":[{"name":"wp","href":"https:\/\/api.w.org\/{rel}","templated":true}]}}