{"id":28,"date":"2019-02-22T12:57:48","date_gmt":"2019-02-22T11:57:48","guid":{"rendered":"https:\/\/mskyachtbroker.com\/?page_id=28"},"modified":"2019-03-24T18:02:35","modified_gmt":"2019-03-24T17:02:35","slug":"servicios-nauticos","status":"publish","type":"page","link":"https:\/\/mskyachtbroker.com\/es\/servicios-nauticos\/","title":{"rendered":"SERVICIOS NAUTICOS"},"content":{"rendered":"<p>Nuestro objetivo siempre ha sido el mismo: establecer relaciones duraderas con nuestros clientes.<\/p>\n<p>En <strong>MSK International Yacht Broker<\/strong>, estamos equipados para ofrecerle un servicio de navegaci\u00f3n completo.<\/p>\n<p>Queremos que como propietario de una embarcaci\u00f3n todos los d\u00edas sean felices, por esos nos ocupamos de todo lo relacionado con su embarcaci\u00f3n.<\/p>\n<p>Comun\u00edquese con nosotros para obtener m\u00e1s detalles sobre cualquiera de los servicios que ofrecemos a continuaci\u00f3n:<\/p>\n<p><span style=\"width: 100%;\"><img loading=\"lazy\" decoding=\"async\" alt=\"\" width=\"250\" height=\"250\" title=\"VELERO-MSK\" data-id=\"821\" src=\"https:\/\/mskyachtbroker.com\/wp-content\/uploads\/2019\/02\/VELERO-MSK.jpg\" style=\"width: 100%;\"><\/span><\/p>\n<p><strong>Asesoramiento N\u00e1utico<\/strong><\/p>\n<p>Le asesoramos en cualquier situaci\u00f3n relacionada con el mundo n\u00e1utico. La gesti\u00f3n de todo tipo de documentaci\u00f3n, Cu\u00e1les son los puntos a tener en cuenta a la hora de comprar o vender una embarcaci\u00f3n. cambio de titularidad, matriculaci\u00f3n, pago de impuestos, iva, etc.<\/p>\n<p>Con nuestra experiencia desde hace m\u00e1s de 20 a\u00f1os, somos expertos en el sector.<\/p>\n<p><span style=\"width: 100%;\"><img loading=\"lazy\" decoding=\"async\" alt=\"\" width=\"250\" height=\"250\" title=\"amarre\" data-id=\"824\" src=\"https:\/\/mskyachtbroker.com\/wp-content\/uploads\/2019\/02\/amarre.jpg\" style=\"width: 100%;\"><\/span><\/p>\n<p><strong>Gesti\u00f3n de Amarres<\/strong><\/p>\n<p>Disponibilidad de amarres en diferentes puertos de Espa\u00f1a. Gestionamos la venta y el alquiler de amarres. Precios muy competitivos. &nbsp;Tanto si quiere comprar, vender o en alquilar<\/p>\n<p style=\"text-align: center;\"><strong>ITB<\/strong><\/p>\n<p><strong>Inspecciones y Certificaciones<\/strong><\/p>\n<p>Toda embarcaci\u00f3n debe someterse a unas inspecciones regularmente, seg\u00fan las circunstancias y normas que para cada tipo de embarcaci\u00f3n y eslora corresponda. Nos ponemos a su disposici\u00f3n para gestionar la coordinaci\u00f3n e inspecci\u00f3n. Tambi\u00e9n nos encargamos de tramitarle un duplicado por perdida o la expedici\u00f3n del mismo<\/p>\n<p>Informe de peritaje a la hora de comprar o vender su embarcaci\u00f3n.<\/p>\n<p><span style=\"width: 100%;\"><img loading=\"lazy\" decoding=\"async\" alt=\"\" width=\"250\" height=\"250\" title=\"Mantenimiento-de-barcos\" data-id=\"873\" src=\"https:\/\/mskyachtbroker.com\/wp-content\/uploads\/2019\/02\/Mantenimiento-de-barcos.jpg\" style=\"width: 100%;\"><\/span><\/p>\n<p><strong>Mantenimiento<\/strong><\/p>\n<p>Tratamos con los mejores profesionales de la zona.<\/p>\n<p>Varadero, mec\u00e1nicos, limpieza, mantenimiento anual o mensual. &nbsp;Instalaci\u00f3n electr\u00f3nica, velas, etc<\/p>\n<p><span style=\"width: 100%;\"><img loading=\"lazy\" decoding=\"async\" alt=\"\" width=\"512\" height=\"512\" title=\"MSK\" data-id=\"529\" src=\"https:\/\/mskyachtbroker.com\/wp-content\/uploads\/2019\/02\/MSK-.png\" style=\"width: 100%;\"><\/span><\/p>\n<p><strong>Seguros<\/strong><\/p>\n<p>Trabajamos con varias compa\u00f1\u00edas de seguro , Allianz, Catalana Occidente, Pantaneus, &nbsp;FIATC &nbsp;le ayudamos a encontrar lo que m\u00e1s se adapte a sus necesidades.<\/p>\n<p style=\"text-align: left;\">Te atendemos en Espa\u00f1ol, English, Deutsch<\/p>\n<p style=\"text-align: left;\">+ 34 965 971 016 &nbsp;<\/p>\n<p style=\"text-align: left;\">+ 34 632 173 292&nbsp;<\/p>\n<p style=\"text-align: left;\">+34 690 &nbsp;366 250<\/p>\n<p style=\"text-align: left;\">P\u00ba&nbsp; Vistalegre s\/n,&nbsp; Dique de Levante.&nbsp; P.D. Marina,<\/p>\n<p style=\"text-align: left;\">03181 Torrevieja (Alicante)<\/p>\n<p style=\"text-align: left;\">Lunes a viernes: 09:30 a 19:30<\/p>\n<p style=\"text-align: left;\">S\u00e1bados: 10:30 a 14:00<\/p>\n<p style=\"text-align: left;\">Domingos cerrado<\/p>\n<p><span style=\"width: 100%;\"><img loading=\"lazy\" decoding=\"async\" alt=\"\" width=\"800\" height=\"481\" title=\"Mapa-MSK-International-Yacht-Broker-2\" data-id=\"925\" src=\"https:\/\/mskyachtbroker.com\/wp-content\/uploads\/2019\/02\/Mapa-MSK-International-Yacht-Broker-2.jpg\" style=\"width: 100%;\"><\/span>                    <\/p>\n<p style=\"text-align: center;\">Utiliza nuestro formulario de contacto a cualquier hora<\/p>\n<p><a href=\"https:\/\/mskyachtbroker.com\/contacto\/\"><span><span>Contacta con nosotros<\/span><\/span><\/a><\/p>\n<ul>\n<li>                    <span>Venta de embarcaciones nuevas y usadas<\/span><\/li>\n<li>                    <span>Asesoramiento n\u00e1utico<\/span><\/li>\n<li>                    <span>Gesti\u00f3n de amarres<\/span><\/li>\n<li>                    <span>Inspecciones y certificaciones<\/span><\/li>\n<li>                    <span>Mantenimiento<\/span><\/li>\n<li>                    <span>Seguros<\/span><\/li>\n<\/ul>\n<p style=\"text-align: center;\">Si lo consideras \u00fatil, comparte esta informaci\u00f3n \u00a1Gracias!<\/p>\n<p><a href=\"unsafe:unsafe:unsafe:unsafe:unsafe:javascript:void(0)\"><span><\/span><span>Compartir<\/span><span>0<\/span><\/a><a href=\"unsafe:unsafe:unsafe:unsafe:unsafe:javascript:void(0)\"><span><\/span><span>P\u00edo<\/span><span>0<\/span><\/a><a href=\"unsafe:unsafe:unsafe:unsafe:unsafe:javascript:void(0)\"><span><\/span><span>Compartir<\/span><span>0<\/span><\/a><a href=\"https:\/\/mskyachtbroker.com\/contacto\/\"><span><span>Contacta con nosotros<\/span><\/span><\/a><span style=\"width: 100%;\"><img loading=\"lazy\" decoding=\"async\" alt=\"\" width=\"250\" height=\"250\" title=\"\" data-id=\"818\" src=\"https:\/\/mskyachtbroker.com\/wp-content\/uploads\/2019\/02\/Yate.jpg\" style=\"width: 100%;\"><\/span><span style=\"width: 100%;\"><img loading=\"lazy\" decoding=\"async\" alt=\"\" width=\"250\" height=\"250\" title=\"\" data-id=\"821\" src=\"https:\/\/mskyachtbroker.com\/wp-content\/uploads\/2019\/02\/VELERO-MSK.jpg\" style=\"width: 100%;\"><\/span><span style=\"width: 100%;\"><img loading=\"lazy\" decoding=\"async\" alt=\"\" width=\"250\" height=\"250\" title=\"\" data-id=\"824\" src=\"https:\/\/mskyachtbroker.com\/wp-content\/uploads\/2019\/02\/amarre.jpg\" style=\"width: 100%;\"><\/span><span style=\"width: 100%;\"><img loading=\"lazy\" decoding=\"async\" alt=\"\" width=\"250\" height=\"250\" title=\"\" data-id=\"827\" src=\"https:\/\/mskyachtbroker.com\/wp-content\/uploads\/2019\/02\/fairline.jpg\" style=\"width: 100%;\"><\/span><\/p>\n","protected":false},"excerpt":{"rendered":"<p>Nuestro objetivo siempre ha sido el mismo: establecer relaciones duraderas con nuestros clientes. En MSK International Yacht Broker, estamos equipados para ofrecerle un servicio de navegaci\u00f3n completo. Queremos que como propietario de una embarcaci\u00f3n todos los d\u00edas sean felices, por esos nos ocupamos de todo lo relacionado con su embarcaci\u00f3n. Comun\u00edquese con nosotros para obtener [&hellip;]<\/p>\n","protected":false},"author":1,"featured_media":0,"parent":0,"menu_order":0,"comment_status":"closed","ping_status":"closed","template":"fullwidth-page.php","meta":{"footnotes":""},"class_list":["post-28","page","type-page","status-publish","hentry"],"yoast_head":"<!-- This site is optimized with the Yoast SEO plugin v26.8 - https:\/\/yoast.com\/product\/yoast-seo-wordpress\/ -->\n<title>SERVICIOS NAUTICOS - MSK Yacht Broker<\/title>\n<meta name=\"robots\" content=\"index, follow, max-snippet:-1, max-image-preview:large, max-video-preview:-1\" \/>\n<link rel=\"canonical\" href=\"https:\/\/mskyachtbroker.com\/es\/servicios-nauticos\/\" \/>\n<meta property=\"og:locale\" content=\"es_ES\" \/>\n<meta property=\"og:type\" content=\"article\" \/>\n<meta property=\"og:title\" content=\"SERVICIOS NAUTICOS - MSK Yacht Broker\" \/>\n<meta property=\"og:description\" content=\"Nuestro objetivo siempre ha sido el mismo: establecer relaciones duraderas con nuestros clientes. En MSK International Yacht Broker, estamos equipados para ofrecerle un servicio de navegaci\u00f3n completo. Queremos que como propietario de una embarcaci\u00f3n todos los d\u00edas sean felices, por esos nos ocupamos de todo lo relacionado con su embarcaci\u00f3n. Comun\u00edquese con nosotros para obtener [&hellip;]\" \/>\n<meta property=\"og:url\" content=\"https:\/\/mskyachtbroker.com\/es\/servicios-nauticos\/\" \/>\n<meta property=\"og:site_name\" content=\"MSK Yacht Broker\" \/>\n<meta property=\"article:modified_time\" content=\"2019-03-24T17:02:35+00:00\" \/>\n<meta property=\"og:image\" content=\"https:\/\/mskyachtbroker.com\/wp-content\/uploads\/2019\/02\/VELERO-MSK.jpg\" \/>\n<meta name=\"twitter:card\" content=\"summary_large_image\" \/>\n<meta name=\"twitter:label1\" content=\"Tiempo de lectura\" \/>\n\t<meta name=\"twitter:data1\" content=\"2 minutos\" \/>\n<script type=\"application\/ld+json\" class=\"yoast-schema-graph\">{\"@context\":\"https:\/\/schema.org\",\"@graph\":[{\"@type\":\"WebPage\",\"@id\":\"https:\/\/mskyachtbroker.com\/es\/servicios-nauticos\/\",\"url\":\"https:\/\/mskyachtbroker.com\/es\/servicios-nauticos\/\",\"name\":\"SERVICIOS NAUTICOS - MSK Yacht Broker\",\"isPartOf\":{\"@id\":\"https:\/\/mskyachtbroker.com\/es\/#website\"},\"primaryImageOfPage\":{\"@id\":\"https:\/\/mskyachtbroker.com\/es\/servicios-nauticos\/#primaryimage\"},\"image\":{\"@id\":\"https:\/\/mskyachtbroker.com\/es\/servicios-nauticos\/#primaryimage\"},\"thumbnailUrl\":\"https:\/\/mskyachtbroker.com\/wp-content\/uploads\/2019\/02\/VELERO-MSK.jpg\",\"datePublished\":\"2019-02-22T11:57:48+00:00\",\"dateModified\":\"2019-03-24T17:02:35+00:00\",\"breadcrumb\":{\"@id\":\"https:\/\/mskyachtbroker.com\/es\/servicios-nauticos\/#breadcrumb\"},\"inLanguage\":\"es\",\"potentialAction\":[{\"@type\":\"ReadAction\",\"target\":[\"https:\/\/mskyachtbroker.com\/es\/servicios-nauticos\/\"]}]},{\"@type\":\"ImageObject\",\"inLanguage\":\"es\",\"@id\":\"https:\/\/mskyachtbroker.com\/es\/servicios-nauticos\/#primaryimage\",\"url\":\"https:\/\/mskyachtbroker.com\/wp-content\/uploads\/2019\/02\/VELERO-MSK.jpg\",\"contentUrl\":\"https:\/\/mskyachtbroker.com\/wp-content\/uploads\/2019\/02\/VELERO-MSK.jpg\"},{\"@type\":\"BreadcrumbList\",\"@id\":\"https:\/\/mskyachtbroker.com\/es\/servicios-nauticos\/#breadcrumb\",\"itemListElement\":[{\"@type\":\"ListItem\",\"position\":1,\"name\":\"Portada\",\"item\":\"https:\/\/mskyachtbroker.com\/es\/\"},{\"@type\":\"ListItem\",\"position\":2,\"name\":\"SERVICIOS NAUTICOS\"}]},{\"@type\":\"WebSite\",\"@id\":\"https:\/\/mskyachtbroker.com\/es\/#website\",\"url\":\"https:\/\/mskyachtbroker.com\/es\/\",\"name\":\"MSK Yacht Broker\",\"description\":\"International Yacht Broker\",\"potentialAction\":[{\"@type\":\"SearchAction\",\"target\":{\"@type\":\"EntryPoint\",\"urlTemplate\":\"https:\/\/mskyachtbroker.com\/es\/?s={search_term_string}\"},\"query-input\":{\"@type\":\"PropertyValueSpecification\",\"valueRequired\":true,\"valueName\":\"search_term_string\"}}],\"inLanguage\":\"es\"}]}<\/script>\n<!-- \/ Yoast SEO plugin. -->","yoast_head_json":{"title":"SERVICIOS NAUTICOS - MSK Yacht Broker","robots":{"index":"index","follow":"follow","max-snippet":"max-snippet:-1","max-image-preview":"max-image-preview:large","max-video-preview":"max-video-preview:-1"},"canonical":"https:\/\/mskyachtbroker.com\/es\/servicios-nauticos\/","og_locale":"es_ES","og_type":"article","og_title":"SERVICIOS NAUTICOS - MSK Yacht Broker","og_description":"Nuestro objetivo siempre ha sido el mismo: establecer relaciones duraderas con nuestros clientes. En MSK International Yacht Broker, estamos equipados para ofrecerle un servicio de navegaci\u00f3n completo. Queremos que como propietario de una embarcaci\u00f3n todos los d\u00edas sean felices, por esos nos ocupamos de todo lo relacionado con su embarcaci\u00f3n. Comun\u00edquese con nosotros para obtener [&hellip;]","og_url":"https:\/\/mskyachtbroker.com\/es\/servicios-nauticos\/","og_site_name":"MSK Yacht Broker","article_modified_time":"2019-03-24T17:02:35+00:00","og_image":[{"url":"https:\/\/mskyachtbroker.com\/wp-content\/uploads\/2019\/02\/VELERO-MSK.jpg","type":"","width":"","height":""}],"twitter_card":"summary_large_image","twitter_misc":{"Tiempo de lectura":"2 minutos"},"schema":{"@context":"https:\/\/schema.org","@graph":[{"@type":"WebPage","@id":"https:\/\/mskyachtbroker.com\/es\/servicios-nauticos\/","url":"https:\/\/mskyachtbroker.com\/es\/servicios-nauticos\/","name":"SERVICIOS NAUTICOS - MSK Yacht Broker","isPartOf":{"@id":"https:\/\/mskyachtbroker.com\/es\/#website"},"primaryImageOfPage":{"@id":"https:\/\/mskyachtbroker.com\/es\/servicios-nauticos\/#primaryimage"},"image":{"@id":"https:\/\/mskyachtbroker.com\/es\/servicios-nauticos\/#primaryimage"},"thumbnailUrl":"https:\/\/mskyachtbroker.com\/wp-content\/uploads\/2019\/02\/VELERO-MSK.jpg","datePublished":"2019-02-22T11:57:48+00:00","dateModified":"2019-03-24T17:02:35+00:00","breadcrumb":{"@id":"https:\/\/mskyachtbroker.com\/es\/servicios-nauticos\/#breadcrumb"},"inLanguage":"es","potentialAction":[{"@type":"ReadAction","target":["https:\/\/mskyachtbroker.com\/es\/servicios-nauticos\/"]}]},{"@type":"ImageObject","inLanguage":"es","@id":"https:\/\/mskyachtbroker.com\/es\/servicios-nauticos\/#primaryimage","url":"https:\/\/mskyachtbroker.com\/wp-content\/uploads\/2019\/02\/VELERO-MSK.jpg","contentUrl":"https:\/\/mskyachtbroker.com\/wp-content\/uploads\/2019\/02\/VELERO-MSK.jpg"},{"@type":"BreadcrumbList","@id":"https:\/\/mskyachtbroker.com\/es\/servicios-nauticos\/#breadcrumb","itemListElement":[{"@type":"ListItem","position":1,"name":"Portada","item":"https:\/\/mskyachtbroker.com\/es\/"},{"@type":"ListItem","position":2,"name":"SERVICIOS NAUTICOS"}]},{"@type":"WebSite","@id":"https:\/\/mskyachtbroker.com\/es\/#website","url":"https:\/\/mskyachtbroker.com\/es\/","name":"MSK Yacht Broker","description":"International Yacht Broker","potentialAction":[{"@type":"SearchAction","target":{"@type":"EntryPoint","urlTemplate":"https:\/\/mskyachtbroker.com\/es\/?s={search_term_string}"},"query-input":{"@type":"PropertyValueSpecification","valueRequired":true,"valueName":"search_term_string"}}],"inLanguage":"es"}]}},"_links":{"self":[{"href":"https:\/\/mskyachtbroker.com\/es\/wp-json\/wp\/v2\/pages\/28","targetHints":{"allow":["GET"]}}],"collection":[{"href":"https:\/\/mskyachtbroker.com\/es\/wp-json\/wp\/v2\/pages"}],"about":[{"href":"https:\/\/mskyachtbroker.com\/es\/wp-json\/wp\/v2\/types\/page"}],"author":[{"embeddable":true,"href":"https:\/\/mskyachtbroker.com\/es\/wp-json\/wp\/v2\/users\/1"}],"replies":[{"embeddable":true,"href":"https:\/\/mskyachtbroker.com\/es\/wp-json\/wp\/v2\/comments?post=28"}],"version-history":[{"count":5,"href":"https:\/\/mskyachtbroker.com\/es\/wp-json\/wp\/v2\/pages\/28\/revisions"}],"predecessor-version":[{"id":1686,"href":"https:\/\/mskyachtbroker.com\/es\/wp-json\/wp\/v2\/pages\/28\/revisions\/1686"}],"wp:attachment":[{"href":"https:\/\/mskyachtbroker.com\/es\/wp-json\/wp\/v2\/media?parent=28"}],"curies":[{"name":"wp","href":"https:\/\/api.w.org\/{rel}","templated":true}]}}