{"id":26,"date":"2019-02-22T12:57:14","date_gmt":"2019-02-22T11:57:14","guid":{"rendered":"https:\/\/mskyachtbroker.com\/?page_id=26"},"modified":"2025-04-30T10:38:06","modified_gmt":"2025-04-30T08:38:06","slug":"contacto","status":"publish","type":"page","link":"https:\/\/mskyachtbroker.com\/es\/contacto\/","title":{"rendered":"CONTACTO"},"content":{"rendered":"<p>Puedes contactar con nosotros v\u00eda telef\u00f3nica o mediante el formulario de contacto. Te daremos informaci\u00f3n detallada sobre todos nuestros servicios.<\/p>\n<p>Tambi\u00e9n puedes visitarnos en nuestras oficinas:<\/p>\n<p style=\"text-align: left;\">+ 34 965 971 016 &nbsp;<\/p>\n<p style=\"text-align: left;\">+ 34 632 173 292&nbsp;<\/p>\n<p style=\"text-align: left;\">+34 690 &nbsp;366 250<\/p>\n<p style=\"text-align: left;\">P\u00ba&nbsp; Vistalegre s\/n,&nbsp; Dique de Levante.&nbsp; P.D. Marina,<\/p>\n<p style=\"text-align: left;\">03181 Torrevieja (Alicante)<\/p>\n<p style=\"text-align: left;\">Lunes a viernes: 10:00 a 14:00 y de 1\u200b5:30 a 1\u200b8:30<\/p>\n<p style=\"text-align: left;\">S\u00e1bados: 10:00 a 14:00<\/p>\n<p style=\"text-align: left;\">Domingos cerrado<\/p>\n<p style=\"text-align: left;\">Te atendemos en Espa\u00f1ol, English, Deutsch<\/p>\n<p style=\"text-align: center;\">\n<p role=\"status\" aria-live=\"polite\" aria-atomic=\"true\">\n<ul><\/ul>\n<p><span data-name=\"your-name\"><\/span><\/p>\n<p><span data-name=\"your-email\"><\/span><\/p>\n<p><span data-name=\"Telefono\"><\/span><\/p>\n<p>Selecciona el servicio en el que est\u00e1s interesado\/a<\/p>\n<p><span data-name=\"menu-162\">&#8212;Por favor, elige una opci\u00f3n&#8212;Comprar embarcaci\u00f3nVender embarcaci\u00f3nAmarresServicios n\u00e1uticosOtros<\/span><\/p>\n<p><span data-name=\"your-message\"><\/span><\/p>\n<p><span data-name=\"acceptance-263\"><span><span><\/span><\/span><\/span>He le\u00eddo y acepto la\u00a0<a href=\"https:\/\/mskyachtbroker.com\/privacidad\/\" target=\"_blank\">Pol\u00edtica de Privacidad<\/a><\/p>\n<\/p>\n<p style=\"display: none !important;\" data-prefix=\"_wpcf7_ak_\">&#916;<\/p>\n<\/p>\n<p><span style=\"width: 100%;\"><img loading=\"lazy\" decoding=\"async\" alt=\"\" width=\"800\" height=\"481\" title=\"Mapa-MSK-International-Yacht-Broker-2\" data-id=\"925\" src=\"https:\/\/mskyachtbroker.com\/wp-content\/uploads\/2019\/02\/Mapa-MSK-International-Yacht-Broker-2.jpg\" style=\"\"><\/span><\/p>\n<ul>\n<li>                    <span>Venta de embarcaciones nuevas y usadas<\/span><\/li>\n<li>                    <span>Asesoramiento n\u00e1utico<\/span><\/li>\n<li>                    <span>Gesti\u00f3n de amarres<\/span><\/li>\n<li>                    <span>Inspecciones y certificaciones<\/span><\/li>\n<li>                    <span>Mantenimiento<\/span><\/li>\n<li>                    <span><span data-id=\"0\" data-type=\"true\" style=\"display: none; line-height: 0;\">En<\/span>Seguros<span data-id=\"0\" data-type=\"false\" style=\"display: none; line-height: 0;\">En<\/span><\/span><\/li>\n<\/ul>\n<p style=\"text-align: center;\">Si lo consideras \u00fatil, comparte esta informaci\u00f3n \u00a1Gracias!<\/p>\n<p><span style=\"width: 100%;\"><img loading=\"lazy\" decoding=\"async\" alt=\"\" width=\"250\" height=\"250\" title=\"\" data-id=\"818\" src=\"https:\/\/mskyachtbroker.com\/wp-content\/uploads\/2019\/02\/Yate.jpg\" style=\"\"><\/span><span style=\"width: 100%;\"><img loading=\"lazy\" decoding=\"async\" alt=\"\" width=\"250\" height=\"250\" title=\"\" data-id=\"821\" src=\"https:\/\/mskyachtbroker.com\/wp-content\/uploads\/2019\/02\/VELERO-MSK.jpg\" style=\"\"><\/span><span style=\"width: 100%;\"><img loading=\"lazy\" decoding=\"async\" alt=\"\" width=\"250\" height=\"250\" title=\"\" data-id=\"824\" src=\"https:\/\/mskyachtbroker.com\/wp-content\/uploads\/2019\/02\/amarre.jpg\" style=\"\"><\/span><span style=\"width: 100%;\"><img loading=\"lazy\" decoding=\"async\" alt=\"\" width=\"250\" height=\"250\" title=\"\" data-id=\"827\" src=\"https:\/\/mskyachtbroker.com\/wp-content\/uploads\/2019\/02\/fairline.jpg\" style=\"\"><\/span><\/p>\n","protected":false},"excerpt":{"rendered":"<p>Puedes contactar con nosotros v\u00eda telef\u00f3nica o mediante el formulario de contacto. Te daremos informaci\u00f3n detallada sobre todos nuestros servicios. Tambi\u00e9n puedes visitarnos en nuestras oficinas: + 34 965 971 016 &nbsp; + 34 632 173 292&nbsp; +34 690 &nbsp;366 250 P\u00ba&nbsp; Vistalegre s\/n,&nbsp; Dique de Levante.&nbsp; P.D. Marina, 03181 Torrevieja (Alicante) Lunes a viernes: [&hellip;]<\/p>\n","protected":false},"author":1,"featured_media":0,"parent":0,"menu_order":0,"comment_status":"closed","ping_status":"closed","template":"fullwidth-page.php","meta":{"footnotes":""},"class_list":["post-26","page","type-page","status-publish","hentry"],"yoast_head":"<!-- This site is optimized with the Yoast SEO plugin v26.8 - https:\/\/yoast.com\/product\/yoast-seo-wordpress\/ -->\n<title>CONTACTO - MSK Yacht Broker<\/title>\n<meta name=\"robots\" content=\"index, follow, max-snippet:-1, max-image-preview:large, max-video-preview:-1\" \/>\n<link rel=\"canonical\" href=\"https:\/\/mskyachtbroker.com\/es\/contacto\/\" \/>\n<meta property=\"og:locale\" content=\"es_ES\" \/>\n<meta property=\"og:type\" content=\"article\" \/>\n<meta property=\"og:title\" content=\"CONTACTO - MSK Yacht Broker\" \/>\n<meta property=\"og:description\" content=\"Puedes contactar con nosotros v\u00eda telef\u00f3nica o mediante el formulario de contacto. Te daremos informaci\u00f3n detallada sobre todos nuestros servicios. Tambi\u00e9n puedes visitarnos en nuestras oficinas: + 34 965 971 016 &nbsp; + 34 632 173 292&nbsp; +34 690 &nbsp;366 250 P\u00ba&nbsp; Vistalegre s\/n,&nbsp; Dique de Levante.&nbsp; P.D. Marina, 03181 Torrevieja (Alicante) Lunes a viernes: [&hellip;]\" \/>\n<meta property=\"og:url\" content=\"https:\/\/mskyachtbroker.com\/es\/contacto\/\" \/>\n<meta property=\"og:site_name\" content=\"MSK Yacht Broker\" \/>\n<meta property=\"article:modified_time\" content=\"2025-04-30T08:38:06+00:00\" \/>\n<meta property=\"og:image\" content=\"https:\/\/mskyachtbroker.com\/wp-content\/uploads\/2019\/02\/Mapa-MSK-International-Yacht-Broker-2.jpg\" \/>\n<meta name=\"twitter:card\" content=\"summary_large_image\" \/>\n<meta name=\"twitter:label1\" content=\"Tiempo de lectura\" \/>\n\t<meta name=\"twitter:data1\" content=\"1 minuto\" \/>\n<script type=\"application\/ld+json\" class=\"yoast-schema-graph\">{\"@context\":\"https:\/\/schema.org\",\"@graph\":[{\"@type\":\"WebPage\",\"@id\":\"https:\/\/mskyachtbroker.com\/es\/contacto\/\",\"url\":\"https:\/\/mskyachtbroker.com\/es\/contacto\/\",\"name\":\"CONTACTO - MSK Yacht Broker\",\"isPartOf\":{\"@id\":\"https:\/\/mskyachtbroker.com\/es\/#website\"},\"primaryImageOfPage\":{\"@id\":\"https:\/\/mskyachtbroker.com\/es\/contacto\/#primaryimage\"},\"image\":{\"@id\":\"https:\/\/mskyachtbroker.com\/es\/contacto\/#primaryimage\"},\"thumbnailUrl\":\"https:\/\/mskyachtbroker.com\/wp-content\/uploads\/2019\/02\/Mapa-MSK-International-Yacht-Broker-2.jpg\",\"datePublished\":\"2019-02-22T11:57:14+00:00\",\"dateModified\":\"2025-04-30T08:38:06+00:00\",\"breadcrumb\":{\"@id\":\"https:\/\/mskyachtbroker.com\/es\/contacto\/#breadcrumb\"},\"inLanguage\":\"es\",\"potentialAction\":[{\"@type\":\"ReadAction\",\"target\":[\"https:\/\/mskyachtbroker.com\/es\/contacto\/\"]}]},{\"@type\":\"ImageObject\",\"inLanguage\":\"es\",\"@id\":\"https:\/\/mskyachtbroker.com\/es\/contacto\/#primaryimage\",\"url\":\"https:\/\/mskyachtbroker.com\/wp-content\/uploads\/2019\/02\/Mapa-MSK-International-Yacht-Broker-2.jpg\",\"contentUrl\":\"https:\/\/mskyachtbroker.com\/wp-content\/uploads\/2019\/02\/Mapa-MSK-International-Yacht-Broker-2.jpg\"},{\"@type\":\"BreadcrumbList\",\"@id\":\"https:\/\/mskyachtbroker.com\/es\/contacto\/#breadcrumb\",\"itemListElement\":[{\"@type\":\"ListItem\",\"position\":1,\"name\":\"Portada\",\"item\":\"https:\/\/mskyachtbroker.com\/es\/\"},{\"@type\":\"ListItem\",\"position\":2,\"name\":\"CONTACTO\"}]},{\"@type\":\"WebSite\",\"@id\":\"https:\/\/mskyachtbroker.com\/es\/#website\",\"url\":\"https:\/\/mskyachtbroker.com\/es\/\",\"name\":\"MSK Yacht Broker\",\"description\":\"International Yacht Broker\",\"potentialAction\":[{\"@type\":\"SearchAction\",\"target\":{\"@type\":\"EntryPoint\",\"urlTemplate\":\"https:\/\/mskyachtbroker.com\/es\/?s={search_term_string}\"},\"query-input\":{\"@type\":\"PropertyValueSpecification\",\"valueRequired\":true,\"valueName\":\"search_term_string\"}}],\"inLanguage\":\"es\"}]}<\/script>\n<!-- \/ Yoast SEO plugin. -->","yoast_head_json":{"title":"CONTACTO - MSK Yacht Broker","robots":{"index":"index","follow":"follow","max-snippet":"max-snippet:-1","max-image-preview":"max-image-preview:large","max-video-preview":"max-video-preview:-1"},"canonical":"https:\/\/mskyachtbroker.com\/es\/contacto\/","og_locale":"es_ES","og_type":"article","og_title":"CONTACTO - MSK Yacht Broker","og_description":"Puedes contactar con nosotros v\u00eda telef\u00f3nica o mediante el formulario de contacto. Te daremos informaci\u00f3n detallada sobre todos nuestros servicios. Tambi\u00e9n puedes visitarnos en nuestras oficinas: + 34 965 971 016 &nbsp; + 34 632 173 292&nbsp; +34 690 &nbsp;366 250 P\u00ba&nbsp; Vistalegre s\/n,&nbsp; Dique de Levante.&nbsp; P.D. Marina, 03181 Torrevieja (Alicante) Lunes a viernes: [&hellip;]","og_url":"https:\/\/mskyachtbroker.com\/es\/contacto\/","og_site_name":"MSK Yacht Broker","article_modified_time":"2025-04-30T08:38:06+00:00","og_image":[{"url":"https:\/\/mskyachtbroker.com\/wp-content\/uploads\/2019\/02\/Mapa-MSK-International-Yacht-Broker-2.jpg","type":"","width":"","height":""}],"twitter_card":"summary_large_image","twitter_misc":{"Tiempo de lectura":"1 minuto"},"schema":{"@context":"https:\/\/schema.org","@graph":[{"@type":"WebPage","@id":"https:\/\/mskyachtbroker.com\/es\/contacto\/","url":"https:\/\/mskyachtbroker.com\/es\/contacto\/","name":"CONTACTO - MSK Yacht Broker","isPartOf":{"@id":"https:\/\/mskyachtbroker.com\/es\/#website"},"primaryImageOfPage":{"@id":"https:\/\/mskyachtbroker.com\/es\/contacto\/#primaryimage"},"image":{"@id":"https:\/\/mskyachtbroker.com\/es\/contacto\/#primaryimage"},"thumbnailUrl":"https:\/\/mskyachtbroker.com\/wp-content\/uploads\/2019\/02\/Mapa-MSK-International-Yacht-Broker-2.jpg","datePublished":"2019-02-22T11:57:14+00:00","dateModified":"2025-04-30T08:38:06+00:00","breadcrumb":{"@id":"https:\/\/mskyachtbroker.com\/es\/contacto\/#breadcrumb"},"inLanguage":"es","potentialAction":[{"@type":"ReadAction","target":["https:\/\/mskyachtbroker.com\/es\/contacto\/"]}]},{"@type":"ImageObject","inLanguage":"es","@id":"https:\/\/mskyachtbroker.com\/es\/contacto\/#primaryimage","url":"https:\/\/mskyachtbroker.com\/wp-content\/uploads\/2019\/02\/Mapa-MSK-International-Yacht-Broker-2.jpg","contentUrl":"https:\/\/mskyachtbroker.com\/wp-content\/uploads\/2019\/02\/Mapa-MSK-International-Yacht-Broker-2.jpg"},{"@type":"BreadcrumbList","@id":"https:\/\/mskyachtbroker.com\/es\/contacto\/#breadcrumb","itemListElement":[{"@type":"ListItem","position":1,"name":"Portada","item":"https:\/\/mskyachtbroker.com\/es\/"},{"@type":"ListItem","position":2,"name":"CONTACTO"}]},{"@type":"WebSite","@id":"https:\/\/mskyachtbroker.com\/es\/#website","url":"https:\/\/mskyachtbroker.com\/es\/","name":"MSK Yacht Broker","description":"International Yacht Broker","potentialAction":[{"@type":"SearchAction","target":{"@type":"EntryPoint","urlTemplate":"https:\/\/mskyachtbroker.com\/es\/?s={search_term_string}"},"query-input":{"@type":"PropertyValueSpecification","valueRequired":true,"valueName":"search_term_string"}}],"inLanguage":"es"}]}},"_links":{"self":[{"href":"https:\/\/mskyachtbroker.com\/es\/wp-json\/wp\/v2\/pages\/26","targetHints":{"allow":["GET"]}}],"collection":[{"href":"https:\/\/mskyachtbroker.com\/es\/wp-json\/wp\/v2\/pages"}],"about":[{"href":"https:\/\/mskyachtbroker.com\/es\/wp-json\/wp\/v2\/types\/page"}],"author":[{"embeddable":true,"href":"https:\/\/mskyachtbroker.com\/es\/wp-json\/wp\/v2\/users\/1"}],"replies":[{"embeddable":true,"href":"https:\/\/mskyachtbroker.com\/es\/wp-json\/wp\/v2\/comments?post=26"}],"version-history":[{"count":9,"href":"https:\/\/mskyachtbroker.com\/es\/wp-json\/wp\/v2\/pages\/26\/revisions"}],"predecessor-version":[{"id":54217,"href":"https:\/\/mskyachtbroker.com\/es\/wp-json\/wp\/v2\/pages\/26\/revisions\/54217"}],"wp:attachment":[{"href":"https:\/\/mskyachtbroker.com\/es\/wp-json\/wp\/v2\/media?parent=26"}],"curies":[{"name":"wp","href":"https:\/\/api.w.org\/{rel}","templated":true}]}}