{"id":24,"date":"2019-02-22T12:56:59","date_gmt":"2019-02-22T11:56:59","guid":{"rendered":"https:\/\/mskyachtbroker.com\/?page_id=24"},"modified":"2019-03-10T11:47:15","modified_gmt":"2019-03-10T10:47:15","slug":"compra-venta-de-barcos","status":"publish","type":"page","link":"https:\/\/mskyachtbroker.com\/es\/compra-venta-de-barcos\/","title":{"rendered":"COMPRA VENTA DE BARCOS"},"content":{"rendered":"<h1>\u00bfQUIERE VENDER SU BARCO?<\/h1>\n<p><span style=\"width: 100%;\"><img loading=\"lazy\" decoding=\"async\" alt=\"\" width=\"300\" height=\"300\" title=\"vendido\" data-id=\"979\" src=\"https:\/\/mskyachtbroker.com\/wp-content\/uploads\/2019\/02\/vendido.png\" style=\"width: 100%;\"><\/span><\/p>\n<p><strong>\u00bfVende su barco?<\/strong><\/p>\n<p>\u00a1Buscamos el comprador indicado para su embarcaci\u00f3n<\/p>\n<p>Llevamos m\u00e1s de 20 a\u00f1os comprando y vendiendo barco y esto nos ha permitido generar una extensa base de datos de personas interesadas en el sector n\u00e1utico.<\/p>\n<p>Vendemos su barco m\u00e1s r\u00e1pido y al mejor precio del mercado con una comunicaci\u00f3n clara en todo momento.<\/p>\n<p>P\u00f3ngase en contacto con nuestra oficina para obtener informaci\u00f3n detallada de los pasos a seguir.<\/p>\n<p>Si lo desea puede completar el siguiente formulario para valorar su caso y en breve nos pondremos en contacto con usted.<\/p>\n\n<div class=\"wpcf7 no-js\" id=\"wpcf7-f973-o1\" lang=\"es-ES\" dir=\"ltr\" data-wpcf7-id=\"973\">\n<div class=\"screen-reader-response\"><p role=\"status\" aria-live=\"polite\" aria-atomic=\"true\"><\/p> <ul><\/ul><\/div>\n<form action=\"\/es\/wp-json\/wp\/v2\/pages\/24#wpcf7-f973-o1\" method=\"post\" class=\"wpcf7-form init\" aria-label=\"Formulario de contacto\" novalidate=\"novalidate\" data-status=\"init\">\n<fieldset class=\"hidden-fields-container\"><input type=\"hidden\" name=\"_wpcf7\" value=\"973\" \/><input type=\"hidden\" name=\"_wpcf7_version\" value=\"6.1.5\" \/><input type=\"hidden\" name=\"_wpcf7_locale\" value=\"es_ES\" \/><input type=\"hidden\" name=\"_wpcf7_unit_tag\" value=\"wpcf7-f973-o1\" \/><input type=\"hidden\" name=\"_wpcf7_container_post\" value=\"0\" \/><input type=\"hidden\" name=\"_wpcf7_posted_data_hash\" value=\"\" \/><input type=\"hidden\" name=\"_wpcf7_recaptcha_response\" value=\"\" \/>\n<\/fieldset>\n<p><span class=\"wpcf7-form-control-wrap\" data-name=\"your-name\"><input size=\"40\" maxlength=\"400\" class=\"wpcf7-form-control wpcf7-text wpcf7-validates-as-required\" aria-required=\"true\" aria-invalid=\"false\" placeholder=\"Nombre (*campo obligatorio)\" value=\"\" type=\"text\" name=\"your-name\" \/><\/span>\n<\/p>\n<p><span class=\"wpcf7-form-control-wrap\" data-name=\"your-email\"><input size=\"40\" maxlength=\"400\" class=\"wpcf7-form-control wpcf7-email wpcf7-validates-as-required wpcf7-text wpcf7-validates-as-email\" aria-required=\"true\" aria-invalid=\"false\" placeholder=\"Correo electr\u00f3nico (*campo obligatorio)\" value=\"\" type=\"email\" name=\"your-email\" \/><\/span>\n<\/p>\n<p><span class=\"wpcf7-form-control-wrap\" data-name=\"Telefono\"><input size=\"40\" maxlength=\"400\" class=\"wpcf7-form-control wpcf7-tel wpcf7-validates-as-required wpcf7-text wpcf7-validates-as-tel\" aria-required=\"true\" aria-invalid=\"false\" placeholder=\"Tel\u00e9fono (*campo obligatorio)\" value=\"\" type=\"tel\" name=\"Telefono\" \/><\/span>\n<\/p>\n<p><span class=\"wpcf7-form-control-wrap\" data-name=\"textarea-596\"><textarea cols=\"40\" rows=\"10\" maxlength=\"2000\" class=\"wpcf7-form-control wpcf7-textarea\" aria-invalid=\"false\" placeholder=\"Tipo de Embarcaci\u00f3n\" name=\"textarea-596\"><\/textarea><\/span>\n<\/p>\n<p><span class=\"wpcf7-form-control-wrap\" data-name=\"textarea-597\"><textarea cols=\"40\" rows=\"10\" maxlength=\"2000\" class=\"wpcf7-form-control wpcf7-textarea\" aria-invalid=\"false\" placeholder=\"Marca o Modelo\" name=\"textarea-597\"><\/textarea><\/span>\n<\/p>\n<p><span class=\"wpcf7-form-control-wrap\" data-name=\"your-message\"><textarea cols=\"40\" rows=\"10\" maxlength=\"2000\" class=\"wpcf7-form-control wpcf7-textarea wpcf7-validates-as-required\" aria-required=\"true\" aria-invalid=\"false\" placeholder=\"Tu mensaje\" name=\"your-message\"><\/textarea><\/span>\n<\/p>\n<p><span class=\"wpcf7-form-control-wrap\" data-name=\"acceptance-263\"><span class=\"wpcf7-form-control wpcf7-acceptance\"><span class=\"wpcf7-list-item\"><input type=\"checkbox\" name=\"acceptance-263\" value=\"1\" aria-invalid=\"false\" \/><\/span><\/span><\/span>He le\u00eddo y acepto la\u00a0<a href=\"https:\/\/mskyachtbroker.com\/privacidad\/\" target=\"_blank\">Pol\u00edtica de Privacidad<\/a>\n<\/p>\n<p><input class=\"wpcf7-form-control wpcf7-submit has-spinner\" type=\"submit\" value=\"Enviar Mensaje\" \/>\n<\/p><p style=\"display: none !important;\" class=\"akismet-fields-container\" data-prefix=\"_wpcf7_ak_\"><label>&#916;<textarea name=\"_wpcf7_ak_hp_textarea\" cols=\"45\" rows=\"8\" maxlength=\"100\"><\/textarea><\/label><input type=\"hidden\" id=\"ak_js_1\" name=\"_wpcf7_ak_js\" value=\"175\"\/><script>document.getElementById( \"ak_js_1\" ).setAttribute( \"value\", ( new Date() ).getTime() );<\/script><\/p><div class=\"wpcf7-response-output\" aria-hidden=\"true\"><\/div>\n<\/form>\n<\/div>\n\n<p style=\"text-align: left;\">Te atendemos en Espa\u00f1ol, English, Deutsch<\/p>\n<p style=\"text-align: left;\">+ 34 965 971 016 &nbsp;<\/p>\n<p style=\"text-align: left;\">+ 34 632 173 292&nbsp;<\/p>\n<p style=\"text-align: left;\">+34 690 &nbsp;366 250<\/p>\n<p style=\"text-align: left;\">P\u00ba&nbsp; Vistalegre s\/n,&nbsp; Dique de Levante.&nbsp; P.D. Marina,<\/p>\n<p style=\"text-align: left;\">03181 Torrevieja (Alicante)<\/p>\n<p style=\"text-align: left;\">Lunes a viernes: 09:30 a 19:30<\/p>\n<p style=\"text-align: left;\">S\u00e1bados: 10:30 a 14:00<\/p>\n<p style=\"text-align: left;\">Domingos cerrado<\/p>\n<p><span style=\"width: 100%;\"><img loading=\"lazy\" decoding=\"async\" alt=\"\" width=\"800\" height=\"481\" title=\"Mapa-MSK-International-Yacht-Broker-2\" data-id=\"925\" src=\"https:\/\/mskyachtbroker.com\/wp-content\/uploads\/2019\/02\/Mapa-MSK-International-Yacht-Broker-2.jpg\" style=\"width: 100%;\"><\/span>                    <\/p>\n<p style=\"text-align: center;\">Utiliza nuestro formulario de contacto a cualquier hora<\/p>\n<p><a href=\"https:\/\/mskyachtbroker.com\/contacto\/\"><span><span>Contacta con nosotros<\/span><\/span><\/a><\/p>\n<ul>\n<li>                    <span>Venta de embarcaciones nuevas y usadas<\/span><\/li>\n<li>                    <span>Asesoramiento n\u00e1utico<\/span><\/li>\n<li>                    <span>Gesti\u00f3n de amarres<\/span><\/li>\n<li>                    <span>Inspecciones y certificaciones<\/span><\/li>\n<li>                    <span>Mantenimiento<\/span><\/li>\n<li>                    <span>Seguros<\/span><\/li>\n<\/ul>\n<p style=\"text-align: center;\">Si lo consideras \u00fatil, comparte esta informaci\u00f3n \u00a1Gracias!<\/p>\n<p><a href=\"unsafe:unsafe:unsafe:unsafe:javascript:void(0)\"><span><\/span><span>Compartir<\/span><span>0<\/span><\/a><a href=\"unsafe:unsafe:unsafe:unsafe:javascript:void(0)\"><span><\/span><span>P\u00edo<\/span><span>0<\/span><\/a><a href=\"unsafe:unsafe:unsafe:unsafe:javascript:void(0)\"><span><\/span><span>Compartir<\/span><span>0<\/span><\/a><a href=\"https:\/\/mskyachtbroker.com\/contacto\/\"><span><span>Contacta con nosotros<\/span><\/span><\/a><span style=\"width: 100%;\"><img loading=\"lazy\" decoding=\"async\" alt=\"\" width=\"250\" height=\"250\" title=\"\" data-id=\"818\" src=\"https:\/\/mskyachtbroker.com\/wp-content\/uploads\/2019\/02\/Yate.jpg\" style=\"width: 100%;\"><\/span><span style=\"width: 100%;\"><img loading=\"lazy\" decoding=\"async\" alt=\"\" width=\"250\" height=\"250\" title=\"\" data-id=\"821\" src=\"https:\/\/mskyachtbroker.com\/wp-content\/uploads\/2019\/02\/VELERO-MSK.jpg\" style=\"width: 100%;\"><\/span><span style=\"width: 100%;\"><img loading=\"lazy\" decoding=\"async\" alt=\"\" width=\"250\" height=\"250\" title=\"\" data-id=\"824\" src=\"https:\/\/mskyachtbroker.com\/wp-content\/uploads\/2019\/02\/amarre.jpg\" style=\"width: 100%;\"><\/span><span style=\"width: 100%;\"><img loading=\"lazy\" decoding=\"async\" alt=\"\" width=\"250\" height=\"250\" title=\"\" data-id=\"827\" src=\"https:\/\/mskyachtbroker.com\/wp-content\/uploads\/2019\/02\/fairline.jpg\" style=\"width: 100%;\"><\/span><\/p>\n","protected":false},"excerpt":{"rendered":"<p>\u00bfQUIERE VENDER SU BARCO? \u00bfVende su barco? \u00a1Buscamos el comprador indicado para su embarcaci\u00f3n Llevamos m\u00e1s de 20 a\u00f1os comprando y vendiendo barco y esto nos ha permitido generar una extensa base de datos de personas interesadas en el sector n\u00e1utico. Vendemos su barco m\u00e1s r\u00e1pido y al mejor precio del mercado con una comunicaci\u00f3n [&hellip;]<\/p>\n","protected":false},"author":1,"featured_media":0,"parent":0,"menu_order":0,"comment_status":"closed","ping_status":"closed","template":"fullwidth-page.php","meta":{"footnotes":""},"class_list":["post-24","page","type-page","status-publish","hentry"],"yoast_head":"<!-- This site is optimized with the Yoast SEO plugin v26.8 - https:\/\/yoast.com\/product\/yoast-seo-wordpress\/ -->\n<title>COMPRA VENTA DE BARCOS - MSK Yacht Broker<\/title>\n<meta name=\"robots\" content=\"index, follow, max-snippet:-1, max-image-preview:large, max-video-preview:-1\" \/>\n<link rel=\"canonical\" href=\"https:\/\/mskyachtbroker.com\/es\/compra-venta-de-barcos\/\" \/>\n<meta property=\"og:locale\" content=\"es_ES\" \/>\n<meta property=\"og:type\" content=\"article\" \/>\n<meta property=\"og:title\" content=\"COMPRA VENTA DE BARCOS - MSK Yacht Broker\" \/>\n<meta property=\"og:description\" content=\"\u00bfQUIERE VENDER SU BARCO? \u00bfVende su barco? \u00a1Buscamos el comprador indicado para su embarcaci\u00f3n Llevamos m\u00e1s de 20 a\u00f1os comprando y vendiendo barco y esto nos ha permitido generar una extensa base de datos de personas interesadas en el sector n\u00e1utico. Vendemos su barco m\u00e1s r\u00e1pido y al mejor precio del mercado con una comunicaci\u00f3n [&hellip;]\" \/>\n<meta property=\"og:url\" content=\"https:\/\/mskyachtbroker.com\/es\/compra-venta-de-barcos\/\" \/>\n<meta property=\"og:site_name\" content=\"MSK Yacht Broker\" \/>\n<meta property=\"article:modified_time\" content=\"2019-03-10T10:47:15+00:00\" \/>\n<meta property=\"og:image\" content=\"https:\/\/mskyachtbroker.com\/wp-content\/uploads\/2019\/02\/vendido.png\" \/>\n<meta name=\"twitter:card\" content=\"summary_large_image\" \/>\n<meta name=\"twitter:label1\" content=\"Tiempo de lectura\" \/>\n\t<meta name=\"twitter:data1\" content=\"1 minuto\" \/>\n<script type=\"application\/ld+json\" class=\"yoast-schema-graph\">{\"@context\":\"https:\/\/schema.org\",\"@graph\":[{\"@type\":\"WebPage\",\"@id\":\"https:\/\/mskyachtbroker.com\/es\/compra-venta-de-barcos\/\",\"url\":\"https:\/\/mskyachtbroker.com\/es\/compra-venta-de-barcos\/\",\"name\":\"COMPRA VENTA DE BARCOS - MSK Yacht Broker\",\"isPartOf\":{\"@id\":\"https:\/\/mskyachtbroker.com\/es\/#website\"},\"primaryImageOfPage\":{\"@id\":\"https:\/\/mskyachtbroker.com\/es\/compra-venta-de-barcos\/#primaryimage\"},\"image\":{\"@id\":\"https:\/\/mskyachtbroker.com\/es\/compra-venta-de-barcos\/#primaryimage\"},\"thumbnailUrl\":\"https:\/\/mskyachtbroker.com\/wp-content\/uploads\/2019\/02\/vendido.png\",\"datePublished\":\"2019-02-22T11:56:59+00:00\",\"dateModified\":\"2019-03-10T10:47:15+00:00\",\"breadcrumb\":{\"@id\":\"https:\/\/mskyachtbroker.com\/es\/compra-venta-de-barcos\/#breadcrumb\"},\"inLanguage\":\"es\",\"potentialAction\":[{\"@type\":\"ReadAction\",\"target\":[\"https:\/\/mskyachtbroker.com\/es\/compra-venta-de-barcos\/\"]}]},{\"@type\":\"ImageObject\",\"inLanguage\":\"es\",\"@id\":\"https:\/\/mskyachtbroker.com\/es\/compra-venta-de-barcos\/#primaryimage\",\"url\":\"https:\/\/mskyachtbroker.com\/wp-content\/uploads\/2019\/02\/vendido.png\",\"contentUrl\":\"https:\/\/mskyachtbroker.com\/wp-content\/uploads\/2019\/02\/vendido.png\"},{\"@type\":\"BreadcrumbList\",\"@id\":\"https:\/\/mskyachtbroker.com\/es\/compra-venta-de-barcos\/#breadcrumb\",\"itemListElement\":[{\"@type\":\"ListItem\",\"position\":1,\"name\":\"Portada\",\"item\":\"https:\/\/mskyachtbroker.com\/es\/\"},{\"@type\":\"ListItem\",\"position\":2,\"name\":\"COMPRA VENTA DE BARCOS\"}]},{\"@type\":\"WebSite\",\"@id\":\"https:\/\/mskyachtbroker.com\/es\/#website\",\"url\":\"https:\/\/mskyachtbroker.com\/es\/\",\"name\":\"MSK Yacht Broker\",\"description\":\"International Yacht Broker\",\"potentialAction\":[{\"@type\":\"SearchAction\",\"target\":{\"@type\":\"EntryPoint\",\"urlTemplate\":\"https:\/\/mskyachtbroker.com\/es\/?s={search_term_string}\"},\"query-input\":{\"@type\":\"PropertyValueSpecification\",\"valueRequired\":true,\"valueName\":\"search_term_string\"}}],\"inLanguage\":\"es\"}]}<\/script>\n<!-- \/ Yoast SEO plugin. -->","yoast_head_json":{"title":"COMPRA VENTA DE BARCOS - MSK Yacht Broker","robots":{"index":"index","follow":"follow","max-snippet":"max-snippet:-1","max-image-preview":"max-image-preview:large","max-video-preview":"max-video-preview:-1"},"canonical":"https:\/\/mskyachtbroker.com\/es\/compra-venta-de-barcos\/","og_locale":"es_ES","og_type":"article","og_title":"COMPRA VENTA DE BARCOS - MSK Yacht Broker","og_description":"\u00bfQUIERE VENDER SU BARCO? \u00bfVende su barco? \u00a1Buscamos el comprador indicado para su embarcaci\u00f3n Llevamos m\u00e1s de 20 a\u00f1os comprando y vendiendo barco y esto nos ha permitido generar una extensa base de datos de personas interesadas en el sector n\u00e1utico. Vendemos su barco m\u00e1s r\u00e1pido y al mejor precio del mercado con una comunicaci\u00f3n [&hellip;]","og_url":"https:\/\/mskyachtbroker.com\/es\/compra-venta-de-barcos\/","og_site_name":"MSK Yacht Broker","article_modified_time":"2019-03-10T10:47:15+00:00","og_image":[{"url":"https:\/\/mskyachtbroker.com\/wp-content\/uploads\/2019\/02\/vendido.png","type":"","width":"","height":""}],"twitter_card":"summary_large_image","twitter_misc":{"Tiempo de lectura":"1 minuto"},"schema":{"@context":"https:\/\/schema.org","@graph":[{"@type":"WebPage","@id":"https:\/\/mskyachtbroker.com\/es\/compra-venta-de-barcos\/","url":"https:\/\/mskyachtbroker.com\/es\/compra-venta-de-barcos\/","name":"COMPRA VENTA DE BARCOS - MSK Yacht Broker","isPartOf":{"@id":"https:\/\/mskyachtbroker.com\/es\/#website"},"primaryImageOfPage":{"@id":"https:\/\/mskyachtbroker.com\/es\/compra-venta-de-barcos\/#primaryimage"},"image":{"@id":"https:\/\/mskyachtbroker.com\/es\/compra-venta-de-barcos\/#primaryimage"},"thumbnailUrl":"https:\/\/mskyachtbroker.com\/wp-content\/uploads\/2019\/02\/vendido.png","datePublished":"2019-02-22T11:56:59+00:00","dateModified":"2019-03-10T10:47:15+00:00","breadcrumb":{"@id":"https:\/\/mskyachtbroker.com\/es\/compra-venta-de-barcos\/#breadcrumb"},"inLanguage":"es","potentialAction":[{"@type":"ReadAction","target":["https:\/\/mskyachtbroker.com\/es\/compra-venta-de-barcos\/"]}]},{"@type":"ImageObject","inLanguage":"es","@id":"https:\/\/mskyachtbroker.com\/es\/compra-venta-de-barcos\/#primaryimage","url":"https:\/\/mskyachtbroker.com\/wp-content\/uploads\/2019\/02\/vendido.png","contentUrl":"https:\/\/mskyachtbroker.com\/wp-content\/uploads\/2019\/02\/vendido.png"},{"@type":"BreadcrumbList","@id":"https:\/\/mskyachtbroker.com\/es\/compra-venta-de-barcos\/#breadcrumb","itemListElement":[{"@type":"ListItem","position":1,"name":"Portada","item":"https:\/\/mskyachtbroker.com\/es\/"},{"@type":"ListItem","position":2,"name":"COMPRA VENTA DE BARCOS"}]},{"@type":"WebSite","@id":"https:\/\/mskyachtbroker.com\/es\/#website","url":"https:\/\/mskyachtbroker.com\/es\/","name":"MSK Yacht Broker","description":"International Yacht Broker","potentialAction":[{"@type":"SearchAction","target":{"@type":"EntryPoint","urlTemplate":"https:\/\/mskyachtbroker.com\/es\/?s={search_term_string}"},"query-input":{"@type":"PropertyValueSpecification","valueRequired":true,"valueName":"search_term_string"}}],"inLanguage":"es"}]}},"_links":{"self":[{"href":"https:\/\/mskyachtbroker.com\/es\/wp-json\/wp\/v2\/pages\/24","targetHints":{"allow":["GET"]}}],"collection":[{"href":"https:\/\/mskyachtbroker.com\/es\/wp-json\/wp\/v2\/pages"}],"about":[{"href":"https:\/\/mskyachtbroker.com\/es\/wp-json\/wp\/v2\/types\/page"}],"author":[{"embeddable":true,"href":"https:\/\/mskyachtbroker.com\/es\/wp-json\/wp\/v2\/users\/1"}],"replies":[{"embeddable":true,"href":"https:\/\/mskyachtbroker.com\/es\/wp-json\/wp\/v2\/comments?post=24"}],"version-history":[{"count":5,"href":"https:\/\/mskyachtbroker.com\/es\/wp-json\/wp\/v2\/pages\/24\/revisions"}],"predecessor-version":[{"id":1241,"href":"https:\/\/mskyachtbroker.com\/es\/wp-json\/wp\/v2\/pages\/24\/revisions\/1241"}],"wp:attachment":[{"href":"https:\/\/mskyachtbroker.com\/es\/wp-json\/wp\/v2\/media?parent=24"}],"curies":[{"name":"wp","href":"https:\/\/api.w.org\/{rel}","templated":true}]}}