{"id":1361,"date":"2019-02-22T12:58:40","date_gmt":"2019-02-22T11:58:40","guid":{"rendered":"https:\/\/mskyachtbroker.com\/de\/sobre-msk-international-yacht-broker\/"},"modified":"2021-08-12T21:39:23","modified_gmt":"2021-08-12T19:39:23","slug":"ueber-uns","status":"publish","type":"page","link":"https:\/\/mskyachtbroker.com\/de\/ueber-uns\/","title":{"rendered":"\u00dcBER UNS"},"content":{"rendered":"<h1>\u00dcBER UNS<\/h1>\n<p>Verlassen Sie sich auf mehr als zwanzig Jahre Erfahrung<\/p>\n<p>Der Kauf oder Verkauf einer wertvollen Yacht oder Motoryacht verdient es, sie einem erfahrenen Team anzuvertrauen<\/p>\n<p>Die Entscheidung f\u00fcr <strong>MSK International Yacht Broker<\/strong> bedeutet Sicherheit.<\/p>\n<p>Wir bieten auch Komfort, da wir uns um den gesamten Prozess k\u00fcmmern k\u00f6nnen, wie zum Beispiel Beurteilung, Transport, Versicherung oder Finanzierung.<\/p>\n<p>Wenn Sie m\u00f6chten, verkaufen wir Ihr aktuelles Boot oder Ihren Liegeplatz oder suchen nach einem neuen. Wenn Sie sich entscheiden, zu verkaufen oder zu kaufen, k\u00f6nnen Sie sich zur\u00fccklehnen und entspannen: <strong> MSK International Yacht Broker<\/strong> erledigt die Arbeit f\u00fcr Sie effektiv und energisch.<\/p>\n<p>W\u00e4hlen Sie den Ruf<\/p>\n<p><span style=\"width: 100%;\"><img loading=\"lazy\" decoding=\"async\" alt=\"\" width=\"555\" height=\"530\" title=\"Sobre-MSK-YACHT-BROKER-2\" data-id=\"2557\" src=\"https:\/\/mskyachtbroker.com\/wp-content\/uploads\/2019\/04\/Sobre-MSK-YACHT-BROKER-2.jpg\" style=\"\"><\/span><\/p>\n<p style=\"text-align: center;\">Unsere Kunden kehren immer wieder wegen des Vertrauens zu uns zur\u00fcck, das wir ihnen bieten, und f\u00fcr die gute Behandlung und den Service, den sie erhalten. Wir haben wettbewerbsf\u00e4hige Preise.<\/p>\n<p><span style=\"width: 100%;\"><img loading=\"lazy\" decoding=\"async\" alt=\"\" width=\"500\" height=\"500\" title=\"\" data-id=\"886\" src=\"https:\/\/mskyachtbroker.com\/wp-content\/uploads\/2019\/02\/SOBRE-MSK-INTERNATIONAL-YACHT-BROKER.jpg\" style=\"\"><\/span><\/p>\n<p>Mit mehr als 100 Transaktionen pro Jahr ist <strong>MSK International Yacht Broker<\/strong> einer der wichtigsten Broker auf dem Yachtmakler-Markt.<\/p>\n<p>Wir betreuen unsere Kunden von unserem B\u00fcro in <strong>Puerto Deportivo Marina Salinas<\/strong> in Torrevieja (Alicante) aus und konzentrieren uns auf das Segment von 6 bis 30 Metern.<\/p>\n<p>&nbsp;Unsere Kunden kommen aus der ganzen Welt und wissen, was sie von uns erwarten k\u00f6nnen: Alle Kenntnisse, Verbindungen und Ressourcen, die f\u00fcr ein gutes Ergebnis erforderlich sind.<\/p>\n<p>Dar\u00fcber hinaus \u00fcberwachen und f\u00fchren wir Transaktionen professionell und kompetent durch. <strong>MSK International Yacht Broker<\/strong> hat sich somit zu einem der f\u00fchrenden Schiffsmakler in Spanien entwickelt<\/p>\n<\/p>\n<p><span style=\"color: rgb(200, 200, 200);\"><span style=\"font-size: 66px;\">\u201c<\/span><\/span><\/p>\n<p><em>In July 2021 I first met Shazad and I was immediately struck by his honesty and professionalism in how he deals with clients whether buying or selling Boats.<\/em><\/p>\n<p><em><\/em><\/p>\n<p><em>In my case, I was only selling a small powerboat in the greater scheme of boating, but he treated my sale the exact same way he would a 6 figure sale which demonstrated to me that he is a man of integrity and honesty<\/em><\/p>\n<p><em><\/em><\/p>\n<p><em>His smile is infectious and he is backed by a very highly professional team of two ladies who diligently look after all of the required documentation. On meeting them both have excellent people person skills and mirror how Shazad runs the company<\/em><\/p>\n<p><em><\/em><\/p>\n<p>To summarise, Shahzad is a one off. He&#8217;s the type of man all boat owners need to solve big and small problems. A problem for you is not a problem for him. He&#8217;s the solution. And a good man to have on your side.<\/p>\n<\/p>\n<p>Do not hesitate to contact Shazad or his team for your next boat purchase<\/p>\n<p style=\"margin-bottom: 0.0001pt; line-height: normal; background-color: white;\"><span style=\"color: rgb(34, 34, 34);\"><strong>Bobby y Cleo Power<\/strong><\/span><\/p>\n<p><strong>Bobby Power&nbsp;<\/strong>Publisher, Go Wild Magazine<\/p>\n<p><a href=\"https:\/\/gowildmagazine.com\/\" target=\"_blank\" style=\"outline: none;\" rel=\"noopener\">www.gowildmagazine.com<\/a><\/p>\n<p><span style=\"color: rgb(200, 200, 200);\"><span style=\"font-size: 66px;\">\u201c<\/span><\/span><\/p>\n<p style=\"background-color: rgb(255, 255, 255);\"><em>Conozco a Shahzad desde hace 20 a\u00f1os y tanto yo como mi familia ha hecho con el operaciones de amarres y de barcos, todas a nuestra entera satisfacci\u00f3n.<\/em><\/p>\n<p style=\"background-color: rgb(255, 255, 255);\"><em><\/em><\/p>\n<p style=\"background-color: rgb(255, 255, 255);\"><em>&nbsp;Se ha transformado en un amigo al que confiamos todas nuestras gestiones en el campo de barcos y amarres.<!--[if !supportLineBreakNewLine]--><!--[endif]--><\/em><\/p>\n<p style=\"margin-bottom: 0.0001pt; line-height: normal; background-color: white;\"><span style=\"color: rgb(34, 34, 34);\"><strong>Agustin Herran Vidaurrazaga<\/strong><\/span><\/p>\n<p style=\"margin-bottom: 0.0001pt; line-height: normal; background-color: white;\"><span style=\"color: rgb(34, 34, 34);\">propietario de un Nauticat 40 adquirido a trav\u00e9s de Shahzad<\/span><\/p>\n<p><span style=\"color: rgb(200, 200, 200);\"><span style=\"font-size: 66px;\">\u201c<\/span><\/span><\/p>\n<p style=\"font-size: 18px; background-color: rgb(255, 255, 255);\"><em>In September 2018 me and my wife, two icelandairs with little knowledge of sailboats, bought a sailboat in Torrevieja and Shahzad took care of the purchase \/ sale. His work was professional and his advice was good. He took care of all the documentation and insurance of the boat, registered it in the most economical country, the Netherlands, and provided us with berth for the boat. Since then he has provided us repairers or professionals to repair small and large things, moved the boat to and from the workyard for antifouling and even fetched spare parts for the boat to the next town!<\/em><\/p>\n<\/p>\n<p style=\"font-size: 18px; background-color: rgb(255, 255, 255);\">Before we bought the boat we owned a part in another sailboat and registering that boat in Spain was a big problem, a lawfirm could not solve it in 16 months. Sahzad solved it in just a few days and registered it in Belgium and took care of insuring the boat to the new owner and did it all with professionalism and modesty. And our co-owners asked us: &#8220;Where did you find this man?&#8221; Their question says all about Shahzad. He is unique. He&#8217;s the type of man all boat owners need to solve big and small problems. A problem for you is not a problem for him. He&#8217;s the solution. And a good man.<\/p>\n<p style=\"font-size: 18px; background-color: rgb(255, 255, 255);\">\n<p style=\"font-size: 18px; background-color: rgb(255, 255, 255);\">&nbsp;Thanks for all the help Shahzad!<\/p>\n<\/p>\n<p style=\"margin-bottom: 0.0001pt; line-height: normal; background-color: white;\"><span style=\"color: rgb(34, 34, 34);\"><strong>Gunnar and Anna<\/strong><\/span><\/p>\n<p style=\"margin-bottom: 0.0001pt; line-height: normal; background-color: white;\"><span style=\"color: rgb(34, 34, 34);\">from Iceland<\/span><\/p>\n<p style=\"text-align: left;\"><span data-id=\"0\" data-type=\"false\" style=\"display: none; line-height: 0;\"><\/span><\/p>\n<p style=\"margin-bottom: 0.0001pt; line-height: normal; background-color: white;\"><span lang=\"DE\" style=\"color: rgb(33, 33, 33);\">Wir sprechen Spanisch, Englisch, Deutsch<\/span><span style=\"color: rgb(33, 33, 33);\"><\/span><\/p>\n<p style=\"text-align: left;\">+ 34 965 971 016 &nbsp;<\/p>\n<p style=\"text-align: left;\">+ 34 632 173 292&nbsp;<\/p>\n<p style=\"text-align: left;\">+34 690 &nbsp;366 250<\/p>\n<p style=\"text-align: left;\">P\u00ba&nbsp; Vistalegre s\/n,&nbsp; Dique de Levante.&nbsp; P.D. Marina,<\/p>\n<p style=\"text-align: left;\">03181 Torrevieja (Alicante) SPANIEN<\/p>\n<p style=\"text-align: left;\"><span lang=\"EN-US\" style=\"line-height: 115%; font-family: Roboto; color: rgb(33, 33, 33); background-color: white; font-weight: 400;\">Montag bis Freitag: 09:30 Uhr bis 19:00 Uhr<\/span><\/p>\n<p style=\"text-align: left;\"><span lang=\"EN-US\" style=\"line-height: 115%; color: rgb(33, 33, 33); background-color: white;\">Samstags: 10:00 Uhr bis 14:00 Uhr.<\/span><\/p>\n<p style=\"text-align: left;\"><span lang=\"EN-US\" style=\"line-height: 115%; color: rgb(33, 33, 33); background-color: white;\">Sonntags geschlossen <\/span><\/p>\n<p>  <span style=\"width: 100%;\"><img loading=\"lazy\" decoding=\"async\" alt=\"\" width=\"800\" height=\"481\" title=\"Mapa-MSK-International-Yacht-Broker-2\" data-id=\"925\" src=\"https:\/\/mskyachtbroker.com\/wp-content\/uploads\/2019\/02\/Mapa-MSK-International-Yacht-Broker-2.jpg\" style=\"\"><\/span>    <\/p>\n<p style=\"text-align: center;\">Nutzen Sie jederzeit unser Kontaktformular<\/p>\n<p> <a href=\"https:\/\/mskyachtbroker.com\/de\/kontakt\"> <span><span>Kontakt<\/span><\/span> <\/a>          <\/p>\n<ul>\n<li>  <span>Nautische Beratung<\/span><\/li>\n<li>  <span>Liegeplatzmanagement<\/span><\/li>\n<li>  <span>Inspektionen und Zertifizierungen<\/span><\/li>\n<li>  <span>Wartung<\/span><\/li>\n<li>  <span>Versicherung<\/span><\/li>\n<\/ul>\n<p style=\"text-align: center;\">Teilen Sie&nbsp; diese Informationen. Danke<\/p>\n<p>   <a href=\"unsafe:unsafe:unsafe:unsafe:unsafe:unsafe:unsafe:javascript:void(0)\"><span><\/span><span>Compartir<\/span><span>0<\/span><\/a>  <a href=\"unsafe:unsafe:unsafe:unsafe:unsafe:unsafe:unsafe:javascript:void(0)\"><span><\/span><span>P\u00edo<\/span><span>0<\/span><\/a>  <a href=\"unsafe:unsafe:unsafe:unsafe:unsafe:unsafe:unsafe:javascript:void(0)\"><span><\/span><span>Compartir<\/span><span>0<\/span><\/a>      <a href=\"https:\/\/mskyachtbroker.com\/de\/kontakt\"> <span><span>Kontakt<\/span><\/span> <\/a>   <span style=\"width: 100%;\"><img loading=\"lazy\" decoding=\"async\" alt=\"\" width=\"250\" height=\"250\" title=\"\" data-id=\"818\" src=\"https:\/\/mskyachtbroker.com\/wp-content\/uploads\/2019\/02\/Yate.jpg\" style=\"width: 100%;\"><\/span><span style=\"width: 100%;\"><img loading=\"lazy\" decoding=\"async\" alt=\"\" width=\"250\" height=\"250\" title=\"\" data-id=\"821\" src=\"https:\/\/mskyachtbroker.com\/wp-content\/uploads\/2019\/02\/VELERO-MSK.jpg\" style=\"width: 100%;\"><\/span><span style=\"width: 100%;\"><img loading=\"lazy\" decoding=\"async\" alt=\"\" width=\"250\" height=\"250\" title=\"\" data-id=\"824\" src=\"https:\/\/mskyachtbroker.com\/wp-content\/uploads\/2019\/02\/amarre.jpg\" style=\"width: 100%;\"><\/span><span style=\"width: 100%;\"><img loading=\"lazy\" decoding=\"async\" alt=\"\" width=\"250\" height=\"250\" title=\"\" data-id=\"827\" src=\"https:\/\/mskyachtbroker.com\/wp-content\/uploads\/2019\/02\/fairline.jpg\" style=\"width: 100%;\"><\/span>   <\/p>\n","protected":false},"excerpt":{"rendered":"<p>\u00dcBER UNS Verlassen Sie sich auf mehr als zwanzig Jahre Erfahrung Der Kauf oder Verkauf einer wertvollen Yacht oder Motoryacht verdient es, sie einem erfahrenen Team anzuvertrauen Die Entscheidung f\u00fcr MSK International Yacht Broker bedeutet Sicherheit. Wir bieten auch Komfort, da wir uns um den gesamten Prozess k\u00fcmmern k\u00f6nnen, wie zum Beispiel Beurteilung, Transport, Versicherung [&hellip;]<\/p>\n","protected":false},"author":1,"featured_media":0,"parent":0,"menu_order":0,"comment_status":"closed","ping_status":"closed","template":"fullwidth-page.php","meta":{"footnotes":""},"class_list":["post-1361","page","type-page","status-publish","hentry"],"yoast_head":"<!-- This site is optimized with the Yoast SEO plugin v26.8 - https:\/\/yoast.com\/product\/yoast-seo-wordpress\/ -->\n<title>\u00dcBER UNS - MSK Yacht Broker<\/title>\n<meta name=\"robots\" content=\"index, follow, max-snippet:-1, max-image-preview:large, max-video-preview:-1\" \/>\n<link rel=\"canonical\" href=\"https:\/\/mskyachtbroker.com\/de\/ueber-uns\/\" \/>\n<meta property=\"og:locale\" content=\"de_DE\" \/>\n<meta property=\"og:type\" content=\"article\" \/>\n<meta property=\"og:title\" content=\"\u00dcBER UNS - MSK Yacht Broker\" \/>\n<meta property=\"og:description\" content=\"\u00dcBER UNS Verlassen Sie sich auf mehr als zwanzig Jahre Erfahrung Der Kauf oder Verkauf einer wertvollen Yacht oder Motoryacht verdient es, sie einem erfahrenen Team anzuvertrauen Die Entscheidung f\u00fcr MSK International Yacht Broker bedeutet Sicherheit. Wir bieten auch Komfort, da wir uns um den gesamten Prozess k\u00fcmmern k\u00f6nnen, wie zum Beispiel Beurteilung, Transport, Versicherung [&hellip;]\" \/>\n<meta property=\"og:url\" content=\"https:\/\/mskyachtbroker.com\/de\/ueber-uns\/\" \/>\n<meta property=\"og:site_name\" content=\"MSK Yacht Broker\" \/>\n<meta property=\"article:modified_time\" content=\"2021-08-12T19:39:23+00:00\" \/>\n<meta property=\"og:image\" content=\"https:\/\/mskyachtbroker.com\/wp-content\/uploads\/2019\/04\/Sobre-MSK-YACHT-BROKER-2.jpg\" \/>\n<meta name=\"twitter:card\" content=\"summary_large_image\" \/>\n<meta name=\"twitter:label1\" content=\"Gesch\u00e4tzte Lesezeit\" \/>\n\t<meta name=\"twitter:data1\" content=\"4\u00a0Minuten\" \/>\n<script type=\"application\/ld+json\" class=\"yoast-schema-graph\">{\"@context\":\"https:\/\/schema.org\",\"@graph\":[{\"@type\":\"WebPage\",\"@id\":\"https:\/\/mskyachtbroker.com\/de\/ueber-uns\/\",\"url\":\"https:\/\/mskyachtbroker.com\/de\/ueber-uns\/\",\"name\":\"\u00dcBER UNS - MSK Yacht Broker\",\"isPartOf\":{\"@id\":\"https:\/\/mskyachtbroker.com\/es\/#website\"},\"primaryImageOfPage\":{\"@id\":\"https:\/\/mskyachtbroker.com\/de\/ueber-uns\/#primaryimage\"},\"image\":{\"@id\":\"https:\/\/mskyachtbroker.com\/de\/ueber-uns\/#primaryimage\"},\"thumbnailUrl\":\"https:\/\/mskyachtbroker.com\/wp-content\/uploads\/2019\/04\/Sobre-MSK-YACHT-BROKER-2.jpg\",\"datePublished\":\"2019-02-22T11:58:40+00:00\",\"dateModified\":\"2021-08-12T19:39:23+00:00\",\"breadcrumb\":{\"@id\":\"https:\/\/mskyachtbroker.com\/de\/ueber-uns\/#breadcrumb\"},\"inLanguage\":\"de\",\"potentialAction\":[{\"@type\":\"ReadAction\",\"target\":[\"https:\/\/mskyachtbroker.com\/de\/ueber-uns\/\"]}]},{\"@type\":\"ImageObject\",\"inLanguage\":\"de\",\"@id\":\"https:\/\/mskyachtbroker.com\/de\/ueber-uns\/#primaryimage\",\"url\":\"https:\/\/mskyachtbroker.com\/wp-content\/uploads\/2019\/04\/Sobre-MSK-YACHT-BROKER-2.jpg\",\"contentUrl\":\"https:\/\/mskyachtbroker.com\/wp-content\/uploads\/2019\/04\/Sobre-MSK-YACHT-BROKER-2.jpg\"},{\"@type\":\"BreadcrumbList\",\"@id\":\"https:\/\/mskyachtbroker.com\/de\/ueber-uns\/#breadcrumb\",\"itemListElement\":[{\"@type\":\"ListItem\",\"position\":1,\"name\":\"Portada\",\"item\":\"https:\/\/mskyachtbroker.com\/de\/\"},{\"@type\":\"ListItem\",\"position\":2,\"name\":\"\u00dcBER UNS\"}]},{\"@type\":\"WebSite\",\"@id\":\"https:\/\/mskyachtbroker.com\/es\/#website\",\"url\":\"https:\/\/mskyachtbroker.com\/es\/\",\"name\":\"MSK Yacht Broker\",\"description\":\"International Yacht Broker\",\"potentialAction\":[{\"@type\":\"SearchAction\",\"target\":{\"@type\":\"EntryPoint\",\"urlTemplate\":\"https:\/\/mskyachtbroker.com\/es\/?s={search_term_string}\"},\"query-input\":{\"@type\":\"PropertyValueSpecification\",\"valueRequired\":true,\"valueName\":\"search_term_string\"}}],\"inLanguage\":\"de\"}]}<\/script>\n<!-- \/ Yoast SEO plugin. -->","yoast_head_json":{"title":"\u00dcBER UNS - MSK Yacht Broker","robots":{"index":"index","follow":"follow","max-snippet":"max-snippet:-1","max-image-preview":"max-image-preview:large","max-video-preview":"max-video-preview:-1"},"canonical":"https:\/\/mskyachtbroker.com\/de\/ueber-uns\/","og_locale":"de_DE","og_type":"article","og_title":"\u00dcBER UNS - MSK Yacht Broker","og_description":"\u00dcBER UNS Verlassen Sie sich auf mehr als zwanzig Jahre Erfahrung Der Kauf oder Verkauf einer wertvollen Yacht oder Motoryacht verdient es, sie einem erfahrenen Team anzuvertrauen Die Entscheidung f\u00fcr MSK International Yacht Broker bedeutet Sicherheit. Wir bieten auch Komfort, da wir uns um den gesamten Prozess k\u00fcmmern k\u00f6nnen, wie zum Beispiel Beurteilung, Transport, Versicherung [&hellip;]","og_url":"https:\/\/mskyachtbroker.com\/de\/ueber-uns\/","og_site_name":"MSK Yacht Broker","article_modified_time":"2021-08-12T19:39:23+00:00","og_image":[{"url":"https:\/\/mskyachtbroker.com\/wp-content\/uploads\/2019\/04\/Sobre-MSK-YACHT-BROKER-2.jpg","type":"","width":"","height":""}],"twitter_card":"summary_large_image","twitter_misc":{"Gesch\u00e4tzte Lesezeit":"4\u00a0Minuten"},"schema":{"@context":"https:\/\/schema.org","@graph":[{"@type":"WebPage","@id":"https:\/\/mskyachtbroker.com\/de\/ueber-uns\/","url":"https:\/\/mskyachtbroker.com\/de\/ueber-uns\/","name":"\u00dcBER UNS - MSK Yacht Broker","isPartOf":{"@id":"https:\/\/mskyachtbroker.com\/es\/#website"},"primaryImageOfPage":{"@id":"https:\/\/mskyachtbroker.com\/de\/ueber-uns\/#primaryimage"},"image":{"@id":"https:\/\/mskyachtbroker.com\/de\/ueber-uns\/#primaryimage"},"thumbnailUrl":"https:\/\/mskyachtbroker.com\/wp-content\/uploads\/2019\/04\/Sobre-MSK-YACHT-BROKER-2.jpg","datePublished":"2019-02-22T11:58:40+00:00","dateModified":"2021-08-12T19:39:23+00:00","breadcrumb":{"@id":"https:\/\/mskyachtbroker.com\/de\/ueber-uns\/#breadcrumb"},"inLanguage":"de","potentialAction":[{"@type":"ReadAction","target":["https:\/\/mskyachtbroker.com\/de\/ueber-uns\/"]}]},{"@type":"ImageObject","inLanguage":"de","@id":"https:\/\/mskyachtbroker.com\/de\/ueber-uns\/#primaryimage","url":"https:\/\/mskyachtbroker.com\/wp-content\/uploads\/2019\/04\/Sobre-MSK-YACHT-BROKER-2.jpg","contentUrl":"https:\/\/mskyachtbroker.com\/wp-content\/uploads\/2019\/04\/Sobre-MSK-YACHT-BROKER-2.jpg"},{"@type":"BreadcrumbList","@id":"https:\/\/mskyachtbroker.com\/de\/ueber-uns\/#breadcrumb","itemListElement":[{"@type":"ListItem","position":1,"name":"Portada","item":"https:\/\/mskyachtbroker.com\/de\/"},{"@type":"ListItem","position":2,"name":"\u00dcBER UNS"}]},{"@type":"WebSite","@id":"https:\/\/mskyachtbroker.com\/es\/#website","url":"https:\/\/mskyachtbroker.com\/es\/","name":"MSK Yacht Broker","description":"International Yacht Broker","potentialAction":[{"@type":"SearchAction","target":{"@type":"EntryPoint","urlTemplate":"https:\/\/mskyachtbroker.com\/es\/?s={search_term_string}"},"query-input":{"@type":"PropertyValueSpecification","valueRequired":true,"valueName":"search_term_string"}}],"inLanguage":"de"}]}},"_links":{"self":[{"href":"https:\/\/mskyachtbroker.com\/de\/wp-json\/wp\/v2\/pages\/1361","targetHints":{"allow":["GET"]}}],"collection":[{"href":"https:\/\/mskyachtbroker.com\/de\/wp-json\/wp\/v2\/pages"}],"about":[{"href":"https:\/\/mskyachtbroker.com\/de\/wp-json\/wp\/v2\/types\/page"}],"author":[{"embeddable":true,"href":"https:\/\/mskyachtbroker.com\/de\/wp-json\/wp\/v2\/users\/1"}],"replies":[{"embeddable":true,"href":"https:\/\/mskyachtbroker.com\/de\/wp-json\/wp\/v2\/comments?post=1361"}],"version-history":[{"count":5,"href":"https:\/\/mskyachtbroker.com\/de\/wp-json\/wp\/v2\/pages\/1361\/revisions"}],"predecessor-version":[{"id":20668,"href":"https:\/\/mskyachtbroker.com\/de\/wp-json\/wp\/v2\/pages\/1361\/revisions\/20668"}],"wp:attachment":[{"href":"https:\/\/mskyachtbroker.com\/de\/wp-json\/wp\/v2\/media?parent=1361"}],"curies":[{"name":"wp","href":"https:\/\/api.w.org\/{rel}","templated":true}]}}