{"id":1354,"date":"2019-02-22T12:57:48","date_gmt":"2019-02-22T11:57:48","guid":{"rendered":"https:\/\/mskyachtbroker.com\/de\/servicios-nauticos\/"},"modified":"2019-03-24T18:10:07","modified_gmt":"2019-03-24T17:10:07","slug":"nautische-dienste","status":"publish","type":"page","link":"https:\/\/mskyachtbroker.com\/de\/nautische-dienste\/","title":{"rendered":"NAUTISCHE DIENSTE"},"content":{"rendered":"<p>Unser Ziel war immer das gleiche: dauerhafte Beziehungen zu unseren Kunden aufzubauen.<\/p>\n<p>Bei <strong>MSK International Yacht Broker<\/strong> k\u00f6nnen wir Ihnen einen umfassenden Navigationsservice anbieten.<\/p>\n<p>Wir m\u00f6chten, dass Sie als Bootseigent\u00fcmer jeden Tag gl\u00fccklich sind. Wir k\u00fcmmern uns um alles, was mit Ihrem Boot zu tun hat.<\/p>\n<p>Kontaktieren Sie uns f\u00fcr weitere Informationen zu den unten aufgef\u00fchrten Dienstleistungen:<\/p>\n<p><span style=\"width: 100%;\"><img loading=\"lazy\" decoding=\"async\" alt=\"\" width=\"250\" height=\"250\" title=\"VELERO-MSK\" data-id=\"821\" src=\"https:\/\/mskyachtbroker.com\/wp-content\/uploads\/2019\/02\/VELERO-MSK.jpg\" style=\"width: 100%;\"><\/span><\/p>\n<p><strong>Nautische Beratung<\/strong><\/p>\n<p>Wir beraten Sie in jeder Situation, die mit der Welt des Wassers einhergeht. Die Verwaltung aller Dokumentationsarten. Was m\u00fcssen Sie beim Kauf oder Verkauf eines Bootes beachten? Eigent\u00fcmerwechsel, Registrierung, Zahlung von Steuern, Mehrwertsteuer usw.<\/p>\n<p>Mit unserer Erfahrung von mehr als 20 Jahren sind wir Experten in der Branche.<\/p>\n<p><span style=\"width: 100%;\"><img loading=\"lazy\" decoding=\"async\" alt=\"\" width=\"250\" height=\"250\" title=\"amarre\" data-id=\"824\" src=\"https:\/\/mskyachtbroker.com\/wp-content\/uploads\/2019\/02\/amarre.jpg\" style=\"width: 100%;\"><\/span><\/p>\n<p><strong>Liegeplatz Management<\/strong><\/p>\n<p>Liegepl\u00e4tze in verschiedenen Hafen in Spanien. Wir verwalten den Verkauf und die Vermietung von Liegepl\u00e4tzen. Sehr g\u00fcnstige Preise. Ob Sie kaufen, verkaufen oder vermieten m\u00f6chten<\/p>\n<p style=\"text-align: center;\"><strong>ITB<\/strong><\/p>\n<p><strong>Inspektionen und Zertifizierungen<\/strong><\/p>\n<p>Jedes Boot muss regelm\u00e4\u00dfigen Inspektionen unterzogen werden. Dabei sind die Umst\u00e4nde und Regeln zu beachten, die f\u00fcr jeden Bootstyp und seine L\u00e4nge \u00fcbereinstimmen. Wir stehen Ihnen zur Verf\u00fcgung, um die Koordination und Inspektion durchzuf\u00fchren. Wir k\u00fcmmern uns auch um die Bearbeitung eines Duplikats f\u00fcr den Verlust oder die Ausgabe davon.<\/p>\n<p>Gutachten beim Kauf oder Verkauf Ihres Bootes.<\/p>\n<p><span style=\"width: 100%;\"><img loading=\"lazy\" decoding=\"async\" alt=\"\" width=\"250\" height=\"250\" title=\"Mantenimiento-de-barcos\" data-id=\"873\" src=\"https:\/\/mskyachtbroker.com\/wp-content\/uploads\/2019\/02\/Mantenimiento-de-barcos.jpg\" style=\"width: 100%;\"><\/span><\/p>\n<p><strong>Wartung<\/strong><\/p>\n<p>Wir arbeiten mit den besten Fachleuten in der Umgebung zusammen.<\/p>\n<p>Trockendock, Mechaniker, Reinigung, j\u00e4hrliche oder monatliche Wartung. Elektronische Installation, Segel usw.<\/p>\n<p><span style=\"width: 100%;\"><img loading=\"lazy\" decoding=\"async\" alt=\"\" width=\"512\" height=\"512\" title=\"MSK\" data-id=\"529\" src=\"https:\/\/mskyachtbroker.com\/wp-content\/uploads\/2019\/02\/MSK-.png\" style=\"width: 100%;\"><\/span><\/p>\n<p><strong>Versicherung<\/strong><\/p>\n<p>Wir arbeiten mit verschiedenen Versicherungsgesellschaften, Allianz, Catalana Occidente, Pantaneus und FIATC zusammen. Wir helfen Ihnen dabei, das zu finden, was Ihren Bed\u00fcrfnissen am besten entspricht.<\/p>\n<p style=\"text-align: left;\"><span data-id=\"0\" data-type=\"false\" style=\"display: none; line-height: 0;\">\u200b<\/span><\/p>\n<p style=\"margin-bottom: 0.0001pt; line-height: normal; background-color: white;\"><span lang=\"DE\" style=\"color: rgb(33, 33, 33);\">Wir sprechenSpanisch, Englisch, Deutsch<\/span><span style=\"color: rgb(33, 33, 33);\"><\/span><\/p>\n<p style=\"text-align: left;\">+ 34 965 971 016 &nbsp;<\/p>\n<p style=\"text-align: left;\">+ 34 632 173 292&nbsp;<\/p>\n<p style=\"text-align: left;\">+34 690 &nbsp;366 250<\/p>\n<p style=\"text-align: left;\">P\u00ba&nbsp; Vistalegre s\/n,&nbsp; Dique de Levante.&nbsp; P.D. Marina,<\/p>\n<p style=\"text-align: left;\">03181 Torrevieja (Alicante)<\/p>\n<p style=\"text-align: left;\"><span lang=\"EN-US\" style=\"line-height: 115%; font-family: Roboto; color: rgb(33, 33, 33); background-color: white; font-weight: 400;\">Montag bis Freitag: 09:30 Uhr bis 19:30 Uhr<\/span><\/p>\n<p style=\"text-align: left;\"><span lang=\"EN-US\" style=\"line-height: 115%; color: rgb(33, 33, 33); background-color: white;\">Samstags:10:30 Uhr bis 14:00 Uhr.<\/span><\/p>\n<p style=\"text-align: left;\"><span lang=\"EN-US\" style=\"line-height: 115%; color: rgb(33, 33, 33); background-color: white;\">Sonntags geschlossen <\/span><\/p>\n<p><span style=\"width: 100%;\"><img loading=\"lazy\" decoding=\"async\" alt=\"\" width=\"800\" height=\"481\" title=\"Mapa-MSK-International-Yacht-Broker-2\" data-id=\"925\" src=\"https:\/\/mskyachtbroker.com\/wp-content\/uploads\/2019\/02\/Mapa-MSK-International-Yacht-Broker-2.jpg\" style=\"width: 100%;\"><\/span>                    <\/p>\n<p style=\"text-align: center;\">Nutzen Sie jederzeit unser Kontaktformular<\/p>\n<p><a href=\"https:\/\/mskyachtbroker.com\/de\/kontakt\/\"><span><span><span data-id=\"0\" data-type=\"true\" style=\"display: none; line-height: 0;\">\u200b<\/span>Kontakt<span data-id=\"0\" data-type=\"false\" style=\"display: none; line-height: 0;\">\u200b<\/span><\/span><\/span><\/a><\/p>\n<ul>\n<li>                    <span>Nautische Beratung<\/span><\/li>\n<li>                    <span>Liegeplatzmanagement<\/span><\/li>\n<li>                    <span>Inspektionen und Zertifizierungen<\/span><\/li>\n<li>                    <span>Wartung<\/span><\/li>\n<li>                    <span>Versicherung<\/span><\/li>\n<\/ul>\n<p style=\"text-align: center;\">Teilen Sie&nbsp; diese Informationen. Danke<\/p>\n<p><a href=\"unsafe:unsafe:unsafe:unsafe:unsafe:unsafe:unsafe:javascript:void(0)\"><span><\/span><span>Compartir<\/span><span>0<\/span><\/a><a href=\"unsafe:unsafe:unsafe:unsafe:unsafe:unsafe:unsafe:javascript:void(0)\"><span><\/span><span>P\u00edo<\/span><span>0<\/span><\/a><a href=\"unsafe:unsafe:unsafe:unsafe:unsafe:unsafe:unsafe:javascript:void(0)\"><span><\/span><span>Compartir<\/span><span>0<\/span><\/a><a href=\"https:\/\/mskyachtbroker.com\/de\/kontakt\/\"><span><span>Kontakt<\/span><\/span><\/a><span style=\"width: 100%;\"><img loading=\"lazy\" decoding=\"async\" alt=\"\" width=\"250\" height=\"250\" title=\"\" data-id=\"818\" src=\"https:\/\/mskyachtbroker.com\/wp-content\/uploads\/2019\/02\/Yate.jpg\" style=\"width: 100%;\"><\/span><span style=\"width: 100%;\"><img loading=\"lazy\" decoding=\"async\" alt=\"\" width=\"250\" height=\"250\" title=\"\" data-id=\"821\" src=\"https:\/\/mskyachtbroker.com\/wp-content\/uploads\/2019\/02\/VELERO-MSK.jpg\" style=\"width: 100%;\"><\/span><span style=\"width: 100%;\"><img loading=\"lazy\" decoding=\"async\" alt=\"\" width=\"250\" height=\"250\" title=\"\" data-id=\"824\" src=\"https:\/\/mskyachtbroker.com\/wp-content\/uploads\/2019\/02\/amarre.jpg\" style=\"width: 100%;\"><\/span><span style=\"width: 100%;\"><img loading=\"lazy\" decoding=\"async\" alt=\"\" width=\"250\" height=\"250\" title=\"\" data-id=\"827\" src=\"https:\/\/mskyachtbroker.com\/wp-content\/uploads\/2019\/02\/fairline.jpg\" style=\"width: 100%;\"><\/span><\/p>\n","protected":false},"excerpt":{"rendered":"<p>Unser Ziel war immer das gleiche: dauerhafte Beziehungen zu unseren Kunden aufzubauen. Bei MSK International Yacht Broker k\u00f6nnen wir Ihnen einen umfassenden Navigationsservice anbieten. Wir m\u00f6chten, dass Sie als Bootseigent\u00fcmer jeden Tag gl\u00fccklich sind. Wir k\u00fcmmern uns um alles, was mit Ihrem Boot zu tun hat. Kontaktieren Sie uns f\u00fcr weitere Informationen zu den unten [&hellip;]<\/p>\n","protected":false},"author":1,"featured_media":0,"parent":0,"menu_order":0,"comment_status":"closed","ping_status":"closed","template":"fullwidth-page.php","meta":{"footnotes":""},"class_list":["post-1354","page","type-page","status-publish","hentry"],"yoast_head":"<!-- This site is optimized with the Yoast SEO plugin v26.8 - https:\/\/yoast.com\/product\/yoast-seo-wordpress\/ -->\n<title>NAUTISCHE DIENSTE - MSK Yacht Broker<\/title>\n<meta name=\"robots\" content=\"index, follow, max-snippet:-1, max-image-preview:large, max-video-preview:-1\" \/>\n<link rel=\"canonical\" href=\"https:\/\/mskyachtbroker.com\/de\/nautische-dienste\/\" \/>\n<meta property=\"og:locale\" content=\"de_DE\" \/>\n<meta property=\"og:type\" content=\"article\" \/>\n<meta property=\"og:title\" content=\"NAUTISCHE DIENSTE - MSK Yacht Broker\" \/>\n<meta property=\"og:description\" content=\"Unser Ziel war immer das gleiche: dauerhafte Beziehungen zu unseren Kunden aufzubauen. Bei MSK International Yacht Broker k\u00f6nnen wir Ihnen einen umfassenden Navigationsservice anbieten. Wir m\u00f6chten, dass Sie als Bootseigent\u00fcmer jeden Tag gl\u00fccklich sind. Wir k\u00fcmmern uns um alles, was mit Ihrem Boot zu tun hat. Kontaktieren Sie uns f\u00fcr weitere Informationen zu den unten [&hellip;]\" \/>\n<meta property=\"og:url\" content=\"https:\/\/mskyachtbroker.com\/de\/nautische-dienste\/\" \/>\n<meta property=\"og:site_name\" content=\"MSK Yacht Broker\" \/>\n<meta property=\"article:modified_time\" content=\"2019-03-24T17:10:07+00:00\" \/>\n<meta property=\"og:image\" content=\"https:\/\/mskyachtbroker.com\/wp-content\/uploads\/2019\/02\/VELERO-MSK.jpg\" \/>\n<meta name=\"twitter:card\" content=\"summary_large_image\" \/>\n<meta name=\"twitter:label1\" content=\"Gesch\u00e4tzte Lesezeit\" \/>\n\t<meta name=\"twitter:data1\" content=\"2\u00a0Minuten\" \/>\n<script type=\"application\/ld+json\" class=\"yoast-schema-graph\">{\"@context\":\"https:\/\/schema.org\",\"@graph\":[{\"@type\":\"WebPage\",\"@id\":\"https:\/\/mskyachtbroker.com\/de\/nautische-dienste\/\",\"url\":\"https:\/\/mskyachtbroker.com\/de\/nautische-dienste\/\",\"name\":\"NAUTISCHE DIENSTE - MSK Yacht Broker\",\"isPartOf\":{\"@id\":\"https:\/\/mskyachtbroker.com\/es\/#website\"},\"primaryImageOfPage\":{\"@id\":\"https:\/\/mskyachtbroker.com\/de\/nautische-dienste\/#primaryimage\"},\"image\":{\"@id\":\"https:\/\/mskyachtbroker.com\/de\/nautische-dienste\/#primaryimage\"},\"thumbnailUrl\":\"https:\/\/mskyachtbroker.com\/wp-content\/uploads\/2019\/02\/VELERO-MSK.jpg\",\"datePublished\":\"2019-02-22T11:57:48+00:00\",\"dateModified\":\"2019-03-24T17:10:07+00:00\",\"breadcrumb\":{\"@id\":\"https:\/\/mskyachtbroker.com\/de\/nautische-dienste\/#breadcrumb\"},\"inLanguage\":\"de\",\"potentialAction\":[{\"@type\":\"ReadAction\",\"target\":[\"https:\/\/mskyachtbroker.com\/de\/nautische-dienste\/\"]}]},{\"@type\":\"ImageObject\",\"inLanguage\":\"de\",\"@id\":\"https:\/\/mskyachtbroker.com\/de\/nautische-dienste\/#primaryimage\",\"url\":\"https:\/\/mskyachtbroker.com\/wp-content\/uploads\/2019\/02\/VELERO-MSK.jpg\",\"contentUrl\":\"https:\/\/mskyachtbroker.com\/wp-content\/uploads\/2019\/02\/VELERO-MSK.jpg\"},{\"@type\":\"BreadcrumbList\",\"@id\":\"https:\/\/mskyachtbroker.com\/de\/nautische-dienste\/#breadcrumb\",\"itemListElement\":[{\"@type\":\"ListItem\",\"position\":1,\"name\":\"Portada\",\"item\":\"https:\/\/mskyachtbroker.com\/de\/\"},{\"@type\":\"ListItem\",\"position\":2,\"name\":\"NAUTISCHE DIENSTE\"}]},{\"@type\":\"WebSite\",\"@id\":\"https:\/\/mskyachtbroker.com\/es\/#website\",\"url\":\"https:\/\/mskyachtbroker.com\/es\/\",\"name\":\"MSK Yacht Broker\",\"description\":\"International Yacht Broker\",\"potentialAction\":[{\"@type\":\"SearchAction\",\"target\":{\"@type\":\"EntryPoint\",\"urlTemplate\":\"https:\/\/mskyachtbroker.com\/es\/?s={search_term_string}\"},\"query-input\":{\"@type\":\"PropertyValueSpecification\",\"valueRequired\":true,\"valueName\":\"search_term_string\"}}],\"inLanguage\":\"de\"}]}<\/script>\n<!-- \/ Yoast SEO plugin. -->","yoast_head_json":{"title":"NAUTISCHE DIENSTE - MSK Yacht Broker","robots":{"index":"index","follow":"follow","max-snippet":"max-snippet:-1","max-image-preview":"max-image-preview:large","max-video-preview":"max-video-preview:-1"},"canonical":"https:\/\/mskyachtbroker.com\/de\/nautische-dienste\/","og_locale":"de_DE","og_type":"article","og_title":"NAUTISCHE DIENSTE - MSK Yacht Broker","og_description":"Unser Ziel war immer das gleiche: dauerhafte Beziehungen zu unseren Kunden aufzubauen. Bei MSK International Yacht Broker k\u00f6nnen wir Ihnen einen umfassenden Navigationsservice anbieten. Wir m\u00f6chten, dass Sie als Bootseigent\u00fcmer jeden Tag gl\u00fccklich sind. Wir k\u00fcmmern uns um alles, was mit Ihrem Boot zu tun hat. Kontaktieren Sie uns f\u00fcr weitere Informationen zu den unten [&hellip;]","og_url":"https:\/\/mskyachtbroker.com\/de\/nautische-dienste\/","og_site_name":"MSK Yacht Broker","article_modified_time":"2019-03-24T17:10:07+00:00","og_image":[{"url":"https:\/\/mskyachtbroker.com\/wp-content\/uploads\/2019\/02\/VELERO-MSK.jpg","type":"","width":"","height":""}],"twitter_card":"summary_large_image","twitter_misc":{"Gesch\u00e4tzte Lesezeit":"2\u00a0Minuten"},"schema":{"@context":"https:\/\/schema.org","@graph":[{"@type":"WebPage","@id":"https:\/\/mskyachtbroker.com\/de\/nautische-dienste\/","url":"https:\/\/mskyachtbroker.com\/de\/nautische-dienste\/","name":"NAUTISCHE DIENSTE - MSK Yacht Broker","isPartOf":{"@id":"https:\/\/mskyachtbroker.com\/es\/#website"},"primaryImageOfPage":{"@id":"https:\/\/mskyachtbroker.com\/de\/nautische-dienste\/#primaryimage"},"image":{"@id":"https:\/\/mskyachtbroker.com\/de\/nautische-dienste\/#primaryimage"},"thumbnailUrl":"https:\/\/mskyachtbroker.com\/wp-content\/uploads\/2019\/02\/VELERO-MSK.jpg","datePublished":"2019-02-22T11:57:48+00:00","dateModified":"2019-03-24T17:10:07+00:00","breadcrumb":{"@id":"https:\/\/mskyachtbroker.com\/de\/nautische-dienste\/#breadcrumb"},"inLanguage":"de","potentialAction":[{"@type":"ReadAction","target":["https:\/\/mskyachtbroker.com\/de\/nautische-dienste\/"]}]},{"@type":"ImageObject","inLanguage":"de","@id":"https:\/\/mskyachtbroker.com\/de\/nautische-dienste\/#primaryimage","url":"https:\/\/mskyachtbroker.com\/wp-content\/uploads\/2019\/02\/VELERO-MSK.jpg","contentUrl":"https:\/\/mskyachtbroker.com\/wp-content\/uploads\/2019\/02\/VELERO-MSK.jpg"},{"@type":"BreadcrumbList","@id":"https:\/\/mskyachtbroker.com\/de\/nautische-dienste\/#breadcrumb","itemListElement":[{"@type":"ListItem","position":1,"name":"Portada","item":"https:\/\/mskyachtbroker.com\/de\/"},{"@type":"ListItem","position":2,"name":"NAUTISCHE DIENSTE"}]},{"@type":"WebSite","@id":"https:\/\/mskyachtbroker.com\/es\/#website","url":"https:\/\/mskyachtbroker.com\/es\/","name":"MSK Yacht Broker","description":"International Yacht Broker","potentialAction":[{"@type":"SearchAction","target":{"@type":"EntryPoint","urlTemplate":"https:\/\/mskyachtbroker.com\/es\/?s={search_term_string}"},"query-input":{"@type":"PropertyValueSpecification","valueRequired":true,"valueName":"search_term_string"}}],"inLanguage":"de"}]}},"_links":{"self":[{"href":"https:\/\/mskyachtbroker.com\/de\/wp-json\/wp\/v2\/pages\/1354","targetHints":{"allow":["GET"]}}],"collection":[{"href":"https:\/\/mskyachtbroker.com\/de\/wp-json\/wp\/v2\/pages"}],"about":[{"href":"https:\/\/mskyachtbroker.com\/de\/wp-json\/wp\/v2\/types\/page"}],"author":[{"embeddable":true,"href":"https:\/\/mskyachtbroker.com\/de\/wp-json\/wp\/v2\/users\/1"}],"replies":[{"embeddable":true,"href":"https:\/\/mskyachtbroker.com\/de\/wp-json\/wp\/v2\/comments?post=1354"}],"version-history":[{"count":5,"href":"https:\/\/mskyachtbroker.com\/de\/wp-json\/wp\/v2\/pages\/1354\/revisions"}],"predecessor-version":[{"id":1689,"href":"https:\/\/mskyachtbroker.com\/de\/wp-json\/wp\/v2\/pages\/1354\/revisions\/1689"}],"wp:attachment":[{"href":"https:\/\/mskyachtbroker.com\/de\/wp-json\/wp\/v2\/media?parent=1354"}],"curies":[{"name":"wp","href":"https:\/\/api.w.org\/{rel}","templated":true}]}}