{"id":1343,"date":"2019-02-22T12:56:59","date_gmt":"2019-02-22T11:56:59","guid":{"rendered":"https:\/\/mskyachtbroker.com\/de\/?page_id=1343"},"modified":"2019-03-13T16:30:04","modified_gmt":"2019-03-13T15:30:04","slug":"verkaufen-sie-ihr-boot","status":"publish","type":"page","link":"https:\/\/mskyachtbroker.com\/de\/verkaufen-sie-ihr-boot\/","title":{"rendered":"VERKAUFEN SIE IHR BOOT"},"content":{"rendered":"<h1>SIE M\u00d6CHTEN IHR BOOT VERKAUFEN?<\/h1>\n<p><span style=\"width: 100%;\"><img loading=\"lazy\" decoding=\"async\" alt=\"\" width=\"300\" height=\"300\" title=\"VERKAUFT\" data-id=\"1348\" src=\"https:\/\/mskyachtbroker.com\/wp-content\/uploads\/2019\/03\/VERKAUFT.jpg\" style=\"width: 100%;\"><\/span><\/p>\n<p><strong>Verkaufen Sie Ihr Boot?<\/strong><\/p>\n<p>&nbsp;Wir suchen den richtigen K\u00e4ufer f\u00fcr Ihr Boot.<\/p>\n<p>&nbsp;Seit mehr als 20 Jahren kaufen und verkaufen wir Boote.<\/p>\n<p>Dadurch konnten wir eine umfangreiche Datenbank mit Interessenten f\u00fcr den nautischen Bereich erstellen. Wir verkaufen Ihr Boot schneller und zum besten Marktpreis mit klarer Kommunikation zu jeder Zeit.<\/p>\n<p>&nbsp;Kontaktieren Sie unser B\u00fcro f\u00fcr detaillierte Informationen zu den folgenden Schritten. Wenn Sie m\u00f6chten, k\u00f6nnen Sie das folgende Formular ausf\u00fcllen, um Ihren Fall zu beurteilen. Wir werden uns in K\u00fcrze mit Ihnen in Verbindung setzen.<\/p>\n\n<div class=\"wpcf7 no-js\" id=\"wpcf7-f1404-o1\" lang=\"es-ES\" dir=\"ltr\" data-wpcf7-id=\"1404\">\n<div class=\"screen-reader-response\"><p role=\"status\" aria-live=\"polite\" aria-atomic=\"true\"><\/p> <ul><\/ul><\/div>\n<form action=\"\/de\/wp-json\/wp\/v2\/pages\/1343#wpcf7-f1404-o1\" method=\"post\" class=\"wpcf7-form init\" aria-label=\"Formulario de contacto\" novalidate=\"novalidate\" data-status=\"init\">\n<fieldset class=\"hidden-fields-container\"><input type=\"hidden\" name=\"_wpcf7\" value=\"1404\" \/><input type=\"hidden\" name=\"_wpcf7_version\" value=\"6.1.5\" \/><input type=\"hidden\" name=\"_wpcf7_locale\" value=\"es_ES\" \/><input type=\"hidden\" name=\"_wpcf7_unit_tag\" value=\"wpcf7-f1404-o1\" \/><input type=\"hidden\" name=\"_wpcf7_container_post\" value=\"0\" \/><input type=\"hidden\" name=\"_wpcf7_posted_data_hash\" value=\"\" \/><input type=\"hidden\" name=\"_wpcf7_recaptcha_response\" value=\"\" \/>\n<\/fieldset>\n<p><span class=\"wpcf7-form-control-wrap\" data-name=\"your-name\"><input size=\"40\" maxlength=\"400\" class=\"wpcf7-form-control wpcf7-text wpcf7-validates-as-required\" aria-required=\"true\" aria-invalid=\"false\" placeholder=\"Name (*Plichtfeld)\" value=\"\" type=\"text\" name=\"your-name\" \/><\/span>\n<\/p>\n<p><span class=\"wpcf7-form-control-wrap\" data-name=\"your-email\"><input size=\"40\" maxlength=\"400\" class=\"wpcf7-form-control wpcf7-email wpcf7-validates-as-required wpcf7-text wpcf7-validates-as-email\" aria-required=\"true\" aria-invalid=\"false\" placeholder=\"E-mail (*Plichtfeld)\" value=\"\" type=\"email\" name=\"your-email\" \/><\/span>\n<\/p>\n<p><span class=\"wpcf7-form-control-wrap\" data-name=\"Telefono\"><input size=\"40\" maxlength=\"400\" class=\"wpcf7-form-control wpcf7-tel wpcf7-validates-as-required wpcf7-text wpcf7-validates-as-tel\" aria-required=\"true\" aria-invalid=\"false\" placeholder=\"Telefon (*Plichtfeld)\" value=\"\" type=\"tel\" name=\"Telefono\" \/><\/span>\n<\/p>\n<p><span class=\"wpcf7-form-control-wrap\" data-name=\"textarea-596\"><textarea cols=\"40\" rows=\"10\" maxlength=\"2000\" class=\"wpcf7-form-control wpcf7-textarea\" aria-invalid=\"false\" placeholder=\"Art des Bootes\" name=\"textarea-596\"><\/textarea><\/span>\n<\/p>\n<p><span class=\"wpcf7-form-control-wrap\" data-name=\"textarea-597\"><textarea cols=\"40\" rows=\"10\" maxlength=\"2000\" class=\"wpcf7-form-control wpcf7-textarea\" aria-invalid=\"false\" placeholder=\"Marke oder Modell\" name=\"textarea-597\"><\/textarea><\/span>\n<\/p>\n<p><span class=\"wpcf7-form-control-wrap\" data-name=\"your-message\"><textarea cols=\"40\" rows=\"10\" maxlength=\"2000\" class=\"wpcf7-form-control wpcf7-textarea wpcf7-validates-as-required\" aria-required=\"true\" aria-invalid=\"false\" placeholder=\"Ihre Nachricht\" name=\"your-message\"><\/textarea><\/span>\n<\/p>\n<p><span class=\"wpcf7-form-control-wrap\" data-name=\"acceptance-263\"><span class=\"wpcf7-form-control wpcf7-acceptance\"><span class=\"wpcf7-list-item\"><input type=\"checkbox\" name=\"acceptance-263\" value=\"1\" aria-invalid=\"false\" \/><\/span><\/span><\/span><a href=\"https:\/\/mskyachtbroker.com\/privacidad\/\" target=\"_blank\">Ich habe die Datenschutzerkl\u00e4rung<br \/>\ngelesen und akzeptier<\/a>\n<\/p>\n<p><input class=\"wpcf7-form-control wpcf7-submit has-spinner\" type=\"submit\" value=\"Nachricht senden\" \/>\n<\/p><p style=\"display: none !important;\" class=\"akismet-fields-container\" data-prefix=\"_wpcf7_ak_\"><label>&#916;<textarea name=\"_wpcf7_ak_hp_textarea\" cols=\"45\" rows=\"8\" maxlength=\"100\"><\/textarea><\/label><input type=\"hidden\" id=\"ak_js_1\" name=\"_wpcf7_ak_js\" value=\"143\"\/><script>document.getElementById( \"ak_js_1\" ).setAttribute( \"value\", ( new Date() ).getTime() );<\/script><\/p><div class=\"wpcf7-response-output\" aria-hidden=\"true\"><\/div>\n<\/form>\n<\/div>\n\n<p style=\"text-align: left;\"><span data-id=\"0\" data-type=\"false\" style=\"display: none; line-height: 0;\">\u200b<\/span><\/p>\n<p style=\"margin-bottom: 0.0001pt; line-height: normal; background-color: white;\"><span lang=\"DE\" style=\"color: rgb(33, 33, 33);\">Wir sprechenSpanisch, Englisch, Deutsch<\/span><span style=\"color: rgb(33, 33, 33);\"><\/span><\/p>\n<p style=\"text-align: left;\">+ 34 965 971 016 &nbsp;<\/p>\n<p style=\"text-align: left;\">+ 34 632 173 292&nbsp;<\/p>\n<p style=\"text-align: left;\">+34 690 &nbsp;366 250<\/p>\n<p style=\"text-align: left;\">P\u00ba&nbsp; Vistalegre s\/n,&nbsp; Dique de Levante.&nbsp; P.D. Marina,<\/p>\n<p style=\"text-align: left;\">03181 Torrevieja (Alicante)<\/p>\n<p style=\"text-align: left;\"><span lang=\"EN-US\" style=\"line-height: 115%; font-family: Roboto; color: rgb(33, 33, 33); background-color: white; font-weight: 400;\">Montag bis Freitag: 09:30 Uhr bis 19:30 Uhr<\/span><\/p>\n<p style=\"text-align: left;\"><span lang=\"EN-US\" style=\"line-height: 115%; color: rgb(33, 33, 33); background-color: white;\">Samstags:10:30 Uhr bis 14:00 Uhr.<\/span><\/p>\n<p style=\"text-align: left;\"><span lang=\"EN-US\" style=\"line-height: 115%; color: rgb(33, 33, 33); background-color: white;\">Sonntags geschlossen <\/span><\/p>\n<p><span style=\"width: 100%;\"><img loading=\"lazy\" decoding=\"async\" alt=\"\" width=\"800\" height=\"481\" title=\"Mapa-MSK-International-Yacht-Broker-2\" data-id=\"925\" src=\"https:\/\/mskyachtbroker.com\/wp-content\/uploads\/2019\/02\/Mapa-MSK-International-Yacht-Broker-2.jpg\" style=\"width: 100%;\"><\/span>                    <\/p>\n<p style=\"text-align: center;\">Nutzen Sie jederzeit unser Kontaktformular<\/p>\n<p><a href=\"https:\/\/mskyachtbroker.com\/de\/kontakt\/\"><span><span><span data-id=\"0\" data-type=\"true\" style=\"display: none; line-height: 0;\">\u200b<\/span>Kontakt<span data-id=\"0\" data-type=\"false\" style=\"display: none; line-height: 0;\">\u200b<\/span><\/span><\/span><\/a><\/p>\n<ul>\n<li>                    <span>Nautische Beratung<\/span><\/li>\n<li>                    <span>Liegeplatzmanagement<\/span><\/li>\n<li>                    <span>Inspektionen und Zertifizierungen<\/span><\/li>\n<li>                    <span>Wartung<\/span><\/li>\n<li>                    <span>Versicherung<\/span><\/li>\n<\/ul>\n<p style=\"text-align: center;\">Teilen Sie&nbsp; diese Informationen. Danke<\/p>\n<p><a href=\"unsafe:unsafe:unsafe:unsafe:unsafe:unsafe:unsafe:javascript:void(0)\"><span><\/span><span>Compartir<\/span><span>0<\/span><\/a><a href=\"unsafe:unsafe:unsafe:unsafe:unsafe:unsafe:unsafe:javascript:void(0)\"><span><\/span><span>P\u00edo<\/span><span>0<\/span><\/a><a href=\"unsafe:unsafe:unsafe:unsafe:unsafe:unsafe:unsafe:javascript:void(0)\"><span><\/span><span>Compartir<\/span><span>0<\/span><\/a><a href=\"https:\/\/mskyachtbroker.com\/de\/kontakt\/\"><span><span>Kontakt<\/span><\/span><\/a><span style=\"width: 100%;\"><img loading=\"lazy\" decoding=\"async\" alt=\"\" width=\"250\" height=\"250\" title=\"\" data-id=\"818\" src=\"https:\/\/mskyachtbroker.com\/wp-content\/uploads\/2019\/02\/Yate.jpg\" style=\"width: 100%;\"><\/span><span style=\"width: 100%;\"><img loading=\"lazy\" decoding=\"async\" alt=\"\" width=\"250\" height=\"250\" title=\"\" data-id=\"821\" src=\"https:\/\/mskyachtbroker.com\/wp-content\/uploads\/2019\/02\/VELERO-MSK.jpg\" style=\"width: 100%;\"><\/span><span style=\"width: 100%;\"><img loading=\"lazy\" decoding=\"async\" alt=\"\" width=\"250\" height=\"250\" title=\"\" data-id=\"824\" src=\"https:\/\/mskyachtbroker.com\/wp-content\/uploads\/2019\/02\/amarre.jpg\" style=\"width: 100%;\"><\/span><span style=\"width: 100%;\"><img loading=\"lazy\" decoding=\"async\" alt=\"\" width=\"250\" height=\"250\" title=\"\" data-id=\"827\" src=\"https:\/\/mskyachtbroker.com\/wp-content\/uploads\/2019\/02\/fairline.jpg\" style=\"width: 100%;\"><\/span><\/p>\n","protected":false},"excerpt":{"rendered":"<p>SIE M\u00d6CHTEN IHR BOOT VERKAUFEN? Verkaufen Sie Ihr Boot? &nbsp;Wir suchen den richtigen K\u00e4ufer f\u00fcr Ihr Boot. &nbsp;Seit mehr als 20 Jahren kaufen und verkaufen wir Boote. Dadurch konnten wir eine umfangreiche Datenbank mit Interessenten f\u00fcr den nautischen Bereich erstellen. Wir verkaufen Ihr Boot schneller und zum besten Marktpreis mit klarer Kommunikation zu jeder Zeit. [&hellip;]<\/p>\n","protected":false},"author":1,"featured_media":0,"parent":0,"menu_order":0,"comment_status":"closed","ping_status":"closed","template":"fullwidth-page.php","meta":{"footnotes":""},"class_list":["post-1343","page","type-page","status-publish","hentry"],"yoast_head":"<!-- This site is optimized with the Yoast SEO plugin v26.8 - https:\/\/yoast.com\/product\/yoast-seo-wordpress\/ -->\n<title>VERKAUFEN SIE IHR BOOT - MSK Yacht Broker<\/title>\n<meta name=\"robots\" content=\"index, follow, max-snippet:-1, max-image-preview:large, max-video-preview:-1\" \/>\n<link rel=\"canonical\" href=\"https:\/\/mskyachtbroker.com\/de\/verkaufen-sie-ihr-boot\/\" \/>\n<meta property=\"og:locale\" content=\"de_DE\" \/>\n<meta property=\"og:type\" content=\"article\" \/>\n<meta property=\"og:title\" content=\"VERKAUFEN SIE IHR BOOT - MSK Yacht Broker\" \/>\n<meta property=\"og:description\" content=\"SIE M\u00d6CHTEN IHR BOOT VERKAUFEN? Verkaufen Sie Ihr Boot? &nbsp;Wir suchen den richtigen K\u00e4ufer f\u00fcr Ihr Boot. &nbsp;Seit mehr als 20 Jahren kaufen und verkaufen wir Boote. Dadurch konnten wir eine umfangreiche Datenbank mit Interessenten f\u00fcr den nautischen Bereich erstellen. Wir verkaufen Ihr Boot schneller und zum besten Marktpreis mit klarer Kommunikation zu jeder Zeit. [&hellip;]\" \/>\n<meta property=\"og:url\" content=\"https:\/\/mskyachtbroker.com\/de\/verkaufen-sie-ihr-boot\/\" \/>\n<meta property=\"og:site_name\" content=\"MSK Yacht Broker\" \/>\n<meta property=\"article:modified_time\" content=\"2019-03-13T15:30:04+00:00\" \/>\n<meta property=\"og:image\" content=\"https:\/\/mskyachtbroker.com\/wp-content\/uploads\/2019\/03\/VERKAUFT.jpg\" \/>\n<meta name=\"twitter:card\" content=\"summary_large_image\" \/>\n<meta name=\"twitter:label1\" content=\"Gesch\u00e4tzte Lesezeit\" \/>\n\t<meta name=\"twitter:data1\" content=\"1\u00a0Minute\" \/>\n<script type=\"application\/ld+json\" class=\"yoast-schema-graph\">{\"@context\":\"https:\/\/schema.org\",\"@graph\":[{\"@type\":\"WebPage\",\"@id\":\"https:\/\/mskyachtbroker.com\/de\/verkaufen-sie-ihr-boot\/\",\"url\":\"https:\/\/mskyachtbroker.com\/de\/verkaufen-sie-ihr-boot\/\",\"name\":\"VERKAUFEN SIE IHR BOOT - MSK Yacht Broker\",\"isPartOf\":{\"@id\":\"https:\/\/mskyachtbroker.com\/es\/#website\"},\"primaryImageOfPage\":{\"@id\":\"https:\/\/mskyachtbroker.com\/de\/verkaufen-sie-ihr-boot\/#primaryimage\"},\"image\":{\"@id\":\"https:\/\/mskyachtbroker.com\/de\/verkaufen-sie-ihr-boot\/#primaryimage\"},\"thumbnailUrl\":\"https:\/\/mskyachtbroker.com\/wp-content\/uploads\/2019\/03\/VERKAUFT.jpg\",\"datePublished\":\"2019-02-22T11:56:59+00:00\",\"dateModified\":\"2019-03-13T15:30:04+00:00\",\"breadcrumb\":{\"@id\":\"https:\/\/mskyachtbroker.com\/de\/verkaufen-sie-ihr-boot\/#breadcrumb\"},\"inLanguage\":\"de\",\"potentialAction\":[{\"@type\":\"ReadAction\",\"target\":[\"https:\/\/mskyachtbroker.com\/de\/verkaufen-sie-ihr-boot\/\"]}]},{\"@type\":\"ImageObject\",\"inLanguage\":\"de\",\"@id\":\"https:\/\/mskyachtbroker.com\/de\/verkaufen-sie-ihr-boot\/#primaryimage\",\"url\":\"https:\/\/mskyachtbroker.com\/wp-content\/uploads\/2019\/03\/VERKAUFT.jpg\",\"contentUrl\":\"https:\/\/mskyachtbroker.com\/wp-content\/uploads\/2019\/03\/VERKAUFT.jpg\"},{\"@type\":\"BreadcrumbList\",\"@id\":\"https:\/\/mskyachtbroker.com\/de\/verkaufen-sie-ihr-boot\/#breadcrumb\",\"itemListElement\":[{\"@type\":\"ListItem\",\"position\":1,\"name\":\"Portada\",\"item\":\"https:\/\/mskyachtbroker.com\/de\/\"},{\"@type\":\"ListItem\",\"position\":2,\"name\":\"VERKAUFEN SIE IHR BOOT\"}]},{\"@type\":\"WebSite\",\"@id\":\"https:\/\/mskyachtbroker.com\/es\/#website\",\"url\":\"https:\/\/mskyachtbroker.com\/es\/\",\"name\":\"MSK Yacht Broker\",\"description\":\"International Yacht Broker\",\"potentialAction\":[{\"@type\":\"SearchAction\",\"target\":{\"@type\":\"EntryPoint\",\"urlTemplate\":\"https:\/\/mskyachtbroker.com\/es\/?s={search_term_string}\"},\"query-input\":{\"@type\":\"PropertyValueSpecification\",\"valueRequired\":true,\"valueName\":\"search_term_string\"}}],\"inLanguage\":\"de\"}]}<\/script>\n<!-- \/ Yoast SEO plugin. -->","yoast_head_json":{"title":"VERKAUFEN SIE IHR BOOT - MSK Yacht Broker","robots":{"index":"index","follow":"follow","max-snippet":"max-snippet:-1","max-image-preview":"max-image-preview:large","max-video-preview":"max-video-preview:-1"},"canonical":"https:\/\/mskyachtbroker.com\/de\/verkaufen-sie-ihr-boot\/","og_locale":"de_DE","og_type":"article","og_title":"VERKAUFEN SIE IHR BOOT - MSK Yacht Broker","og_description":"SIE M\u00d6CHTEN IHR BOOT VERKAUFEN? Verkaufen Sie Ihr Boot? &nbsp;Wir suchen den richtigen K\u00e4ufer f\u00fcr Ihr Boot. &nbsp;Seit mehr als 20 Jahren kaufen und verkaufen wir Boote. Dadurch konnten wir eine umfangreiche Datenbank mit Interessenten f\u00fcr den nautischen Bereich erstellen. Wir verkaufen Ihr Boot schneller und zum besten Marktpreis mit klarer Kommunikation zu jeder Zeit. [&hellip;]","og_url":"https:\/\/mskyachtbroker.com\/de\/verkaufen-sie-ihr-boot\/","og_site_name":"MSK Yacht Broker","article_modified_time":"2019-03-13T15:30:04+00:00","og_image":[{"url":"https:\/\/mskyachtbroker.com\/wp-content\/uploads\/2019\/03\/VERKAUFT.jpg","type":"","width":"","height":""}],"twitter_card":"summary_large_image","twitter_misc":{"Gesch\u00e4tzte Lesezeit":"1\u00a0Minute"},"schema":{"@context":"https:\/\/schema.org","@graph":[{"@type":"WebPage","@id":"https:\/\/mskyachtbroker.com\/de\/verkaufen-sie-ihr-boot\/","url":"https:\/\/mskyachtbroker.com\/de\/verkaufen-sie-ihr-boot\/","name":"VERKAUFEN SIE IHR BOOT - MSK Yacht Broker","isPartOf":{"@id":"https:\/\/mskyachtbroker.com\/es\/#website"},"primaryImageOfPage":{"@id":"https:\/\/mskyachtbroker.com\/de\/verkaufen-sie-ihr-boot\/#primaryimage"},"image":{"@id":"https:\/\/mskyachtbroker.com\/de\/verkaufen-sie-ihr-boot\/#primaryimage"},"thumbnailUrl":"https:\/\/mskyachtbroker.com\/wp-content\/uploads\/2019\/03\/VERKAUFT.jpg","datePublished":"2019-02-22T11:56:59+00:00","dateModified":"2019-03-13T15:30:04+00:00","breadcrumb":{"@id":"https:\/\/mskyachtbroker.com\/de\/verkaufen-sie-ihr-boot\/#breadcrumb"},"inLanguage":"de","potentialAction":[{"@type":"ReadAction","target":["https:\/\/mskyachtbroker.com\/de\/verkaufen-sie-ihr-boot\/"]}]},{"@type":"ImageObject","inLanguage":"de","@id":"https:\/\/mskyachtbroker.com\/de\/verkaufen-sie-ihr-boot\/#primaryimage","url":"https:\/\/mskyachtbroker.com\/wp-content\/uploads\/2019\/03\/VERKAUFT.jpg","contentUrl":"https:\/\/mskyachtbroker.com\/wp-content\/uploads\/2019\/03\/VERKAUFT.jpg"},{"@type":"BreadcrumbList","@id":"https:\/\/mskyachtbroker.com\/de\/verkaufen-sie-ihr-boot\/#breadcrumb","itemListElement":[{"@type":"ListItem","position":1,"name":"Portada","item":"https:\/\/mskyachtbroker.com\/de\/"},{"@type":"ListItem","position":2,"name":"VERKAUFEN SIE IHR BOOT"}]},{"@type":"WebSite","@id":"https:\/\/mskyachtbroker.com\/es\/#website","url":"https:\/\/mskyachtbroker.com\/es\/","name":"MSK Yacht Broker","description":"International Yacht Broker","potentialAction":[{"@type":"SearchAction","target":{"@type":"EntryPoint","urlTemplate":"https:\/\/mskyachtbroker.com\/es\/?s={search_term_string}"},"query-input":{"@type":"PropertyValueSpecification","valueRequired":true,"valueName":"search_term_string"}}],"inLanguage":"de"}]}},"_links":{"self":[{"href":"https:\/\/mskyachtbroker.com\/de\/wp-json\/wp\/v2\/pages\/1343","targetHints":{"allow":["GET"]}}],"collection":[{"href":"https:\/\/mskyachtbroker.com\/de\/wp-json\/wp\/v2\/pages"}],"about":[{"href":"https:\/\/mskyachtbroker.com\/de\/wp-json\/wp\/v2\/types\/page"}],"author":[{"embeddable":true,"href":"https:\/\/mskyachtbroker.com\/de\/wp-json\/wp\/v2\/users\/1"}],"replies":[{"embeddable":true,"href":"https:\/\/mskyachtbroker.com\/de\/wp-json\/wp\/v2\/comments?post=1343"}],"version-history":[{"count":5,"href":"https:\/\/mskyachtbroker.com\/de\/wp-json\/wp\/v2\/pages\/1343\/revisions"}],"predecessor-version":[{"id":1411,"href":"https:\/\/mskyachtbroker.com\/de\/wp-json\/wp\/v2\/pages\/1343\/revisions\/1411"}],"wp:attachment":[{"href":"https:\/\/mskyachtbroker.com\/de\/wp-json\/wp\/v2\/media?parent=1343"}],"curies":[{"name":"wp","href":"https:\/\/api.w.org\/{rel}","templated":true}]}}